{"id":2976,"date":"2022-04-14T14:56:43","date_gmt":"2022-04-14T14:56:43","guid":{"rendered":"https:\/\/sleepconsort.wpengine.com\/?page_id=2976"},"modified":"2022-04-14T14:57:48","modified_gmt":"2022-04-14T14:57:48","slug":"privacy-policy","status":"publish","type":"page","link":"https:\/\/sleepconsortium.org\/es\/privacy-policy\/","title":{"rendered":"Pol\u00edtica de privacidad"},"content":{"rendered":"<div data-elementor-type=\"wp-page\" data-elementor-id=\"2976\" class=\"elementor elementor-2976\" data-elementor-post-type=\"page\">\n\t\t\t\t\t\t<section data-uael-partstyle=\"nasa\" data-uael-partcolor=\"#15A472\" data-uael-partopacity=\"0.5\" data-uael-partdirection=\"bottom\" data-uael-partnum=\"30\" data-uael-partsize=\"4\" data-uael-partspeed=\"0.5\" data-uael-interactive=\"yes\" class=\"elementor-section elementor-top-section elementor-element elementor-element-aa93b7c elementor-section-height-min-height elementor-section-content-middle uael-particle-yes uael-particle-adv-yes elementor-section-boxed elementor-section-height-default elementor-section-items-middle\" data-id=\"aa93b7c\" data-element_type=\"section\" data-e-type=\"section\" data-settings=\"{&quot;background_background&quot;:&quot;classic&quot;}\">\n\t\t\t\t\t\t\t<div class=\"elementor-background-overlay\"><\/div>\n\t\t\t\t\t\t\t<div class=\"elementor-container elementor-column-gap-default\">\n\t\t\t\t\t<div class=\"elementor-column elementor-col-100 elementor-top-column elementor-element elementor-element-48fa86d elementor-invisible\" data-id=\"48fa86d\" data-element_type=\"column\" data-e-type=\"column\" data-settings=\"{&quot;animation&quot;:&quot;fadeIn&quot;}\">\n\t\t\t<div class=\"elementor-widget-wrap elementor-element-populated\">\n\t\t\t\t\t\t<div class=\"elementor-element elementor-element-59dc918 elementor-widget elementor-widget-heading\" data-id=\"59dc918\" data-element_type=\"widget\" data-e-type=\"widget\" data-widget_type=\"heading.default\">\n\t\t\t\t<div class=\"elementor-widget-container\">\n\t\t\t\t\t<h1 class=\"elementor-heading-title elementor-size-default\">Pol\u00edtica de privacidad<\/h1>\t\t\t\t<\/div>\n\t\t\t\t<\/div>\n\t\t\t\t\t<\/div>\n\t\t<\/div>\n\t\t\t\t\t<\/div>\n\t\t<\/section>\n\t\t\t\t<section class=\"elementor-section elementor-top-section elementor-element elementor-element-8ee2a74 elementor-section-boxed elementor-section-height-default elementor-section-height-default\" data-id=\"8ee2a74\" data-element_type=\"section\" data-e-type=\"section\" data-settings=\"{&quot;background_background&quot;:&quot;classic&quot;}\">\n\t\t\t\t\t\t<div class=\"elementor-container elementor-column-gap-default\">\n\t\t\t\t\t<div class=\"elementor-column elementor-col-100 elementor-top-column elementor-element elementor-element-ec3340f\" data-id=\"ec3340f\" data-element_type=\"column\" data-e-type=\"column\">\n\t\t\t<div class=\"elementor-widget-wrap elementor-element-populated\">\n\t\t\t\t\t\t<div class=\"elementor-element elementor-element-ea5994d elementor-widget elementor-widget-text-editor\" data-id=\"ea5994d\" data-element_type=\"widget\" data-e-type=\"widget\" data-widget_type=\"text-editor.default\">\n\t\t\t\t<div class=\"elementor-widget-container\">\n\t\t\t\t\t\t\t\t\t<p><strong>General<\/strong><br \/>Nos comprometemos a proteger su privacidad. Esta pol\u00edtica de privacidad explica qu\u00e9 informaci\u00f3n recogemos sobre los usuarios de nuestro sitio web y describe c\u00f3mo la utilizaremos. Nuestro sitio web contiene enlaces a otros sitios que est\u00e1n fuera de nuestro control y no est\u00e1n cubiertos por esta pol\u00edtica de privacidad. Si accede a otros sitios utilizando los enlaces proporcionados, su informaci\u00f3n puede ser utilizada por los operadores de esos sitios de acuerdo con su pol\u00edtica de privacidad, que puede diferir de la nuestra.<\/p><p><strong>\u00bfQu\u00e9 informaci\u00f3n recogemos?<\/strong><br \/>Recogemos informaci\u00f3n suya cuando rellena un formulario. Al ponerse en contacto con nosotros a trav\u00e9s de nuestro sitio, seg\u00fan proceda, es posible que se le pida que introduzca su nombre, direcci\u00f3n de correo electr\u00f3nico, direcci\u00f3n postal o n\u00famero de tel\u00e9fono.<\/p><p><strong>\u00bfQu\u00e9 hacemos con la informaci\u00f3n que recopilamos?<\/strong><br \/>Toda la informaci\u00f3n que recopilemos sobre usted podr\u00e1 utilizarse de una de las siguientes maneras:<br \/>- Para mejorar el servicio al cliente (su informaci\u00f3n nos ayuda a responder m\u00e1s eficazmente a sus solicitudes de servicio al cliente y a sus necesidades de asistencia).<br \/>- Para enviar correos electr\u00f3nicos peri\u00f3dicos. La direcci\u00f3n de correo electr\u00f3nico que nos facilite podr\u00e1 utilizarse para enviarle informaci\u00f3n y actualizaciones relacionadas con su consulta, adem\u00e1s de recibir ocasionalmente noticias de la empresa, actualizaciones o informaci\u00f3n relacionada con productos o servicios, etc.<\/p><p><strong>Marketing<\/strong><br \/>En el caso de quienes se hayan registrado para recibir un servicio, producto o bolet\u00edn informativo, podemos utilizar sus datos para notificarle informaci\u00f3n relevante. Podemos ponernos en contacto con usted por correo electr\u00f3nico o por tel\u00e9fono. Si en alg\u00fan momento decide que ya no desea que nos pongamos en contacto con usted o recibir informaci\u00f3n, p\u00f3ngase en contacto con nosotros y le eliminaremos de nuestra lista.<\/p><p><strong>Divulgaci\u00f3n de sus datos<\/strong><br \/>No vendemos, intercambiamos ni transferimos a terceros sus datos personales. Esto no incluye a terceras partes de confianza que nos ayudan a operar nuestro sitio web, llevar a cabo nuestro negocio o prestarle servicios, siempre y cuando dichas partes se comprometan a mantener la confidencialidad de esta informaci\u00f3n. Tambi\u00e9n podemos divulgar su informaci\u00f3n cuando creamos que es apropiado para cumplir la ley, hacer cumplir las pol\u00edticas de nuestro sitio o proteger nuestros derechos, propiedad o seguridad o los de otros. No obstante, la informaci\u00f3n no personal de los visitantes podr\u00e1 facilitarse a terceros para fines de marketing, publicidad u otros usos.<\/p><p><strong>\u00bfUtilizamos cookies?<\/strong><br \/>S\u00ed. Las cookies son peque\u00f1os archivos que un sitio o su proveedor de servicios transfiere al disco duro de su ordenador a trav\u00e9s de su navegador web (si usted lo permite) y que permiten a los sistemas de los sitios o proveedores de servicios reconocer su navegador y capturar y recordar cierta informaci\u00f3n. Utilizamos cookies para recopilar datos agregados sobre el tr\u00e1fico y la interacci\u00f3n en el sitio, de modo que podamos ofrecer mejores experiencias y herramientas en el futuro. La mayor\u00eda de los navegadores permiten desactivar la funci\u00f3n de cookies. Si desea saber c\u00f3mo hacerlo, consulte el men\u00fa de ayuda de su navegador. Permita que su navegador acepte cookies si desea utilizar las funciones de este sitio.<\/p><p>Podemos contratar a terceros proveedores de servicios para que nos ayuden a comprender mejor a los visitantes de nuestro sitio. Estos proveedores de servicios no est\u00e1n autorizados a utilizar la informaci\u00f3n recopilada en nuestro nombre, excepto para ayudarnos a dirigir y mejorar nuestro negocio.<\/p><p><strong>Google Analytics<\/strong><br \/>Esta cookie nos permite ver informaci\u00f3n relativa a las actividades de un usuario en nuestro sitio web. Esto incluye, pero no se limita a: p\u00e1ginas vistas, fuente y la cantidad de tiempo que el usuario pasa en nuestro sitio web. La informaci\u00f3n se despersonaliza y se muestra s\u00f3lo en forma de n\u00fameros, lo que significa que no se puede rastrear hasta el usuario individual. Esto proteger\u00e1 la privacidad del usuario y tambi\u00e9n nos ayudar\u00e1 a seguir ofreciendo contenidos populares y significativos en nuestro sitio web.<\/p><p><strong>Ver la pol\u00edtica de privacidad de Google\u00a0<a href=\"https:\/\/policies.google.com\/?hl=en-US\">https:\/\/policies.google.com\/?hl=en-US<\/a><\/strong><\/p><p><strong>Google Adwords<\/strong><br \/>Mediante el c\u00f3digo de Google Adwords, podemos determinar las palabras clave exactas que un cliente ha utilizado en una b\u00fasqueda de Google que le ha llevado a nuestro sitio web. Esto nos ayuda a precisar el objeto de nuestros esfuerzos de marketing, lo que nos permite hacer un mejor uso de nuestro presupuesto de b\u00fasqueda de pago.<\/p><p><strong>M\u00e9tricas de seguimiento de llamadas<\/strong><br \/>Utilizamos este servicio para establecer n\u00fameros de tel\u00e9fono de seguimiento que identificar\u00e1n la fuente concreta que el cliente utiliz\u00f3 para encontrar nuestro sitio web. Esto nos permite controlar nuestros m\u00e9todos publicitarios en el futuro.<\/p><p><strong>Pol\u00edtica de privacidad en l\u00ednea<\/strong><br \/>Esta pol\u00edtica de privacidad en l\u00ednea s\u00f3lo se aplica a la informaci\u00f3n recogida a trav\u00e9s de nuestro sitio web y no a la informaci\u00f3n recogida fuera de l\u00ednea.<\/p><p><strong>Su consentimiento<\/strong><br \/>Al utilizar nuestro sitio, usted acepta nuestra pol\u00edtica de privacidad en l\u00ednea.<\/p><p><strong>Cambios en nuestra pol\u00edtica de privacidad<\/strong><br \/>Cualquier cambio en nuestra pol\u00edtica de privacidad se publicar\u00e1 en esta p\u00e1gina.<\/p><p><strong>Contacte con nosotros<\/strong><br \/>Si tiene alguna pregunta sobre esta pol\u00edtica de privacidad, puede dirigirse a\u00a0<strong><a class=\"__mPS2id\" href=\"\/es\/contact\/\">Contacto<\/a><\/strong>.<\/p>\t\t\t\t\t\t\t\t<\/div>\n\t\t\t\t<\/div>\n\t\t\t\t\t<\/div>\n\t\t<\/div>\n\t\t\t\t\t<\/div>\n\t\t<\/section>\n\t\t\t\t<section class=\"elementor-section elementor-top-section elementor-element elementor-element-87ec02e elementor-section-full_width elementor-section-height-default elementor-section-height-default\" data-id=\"87ec02e\" data-element_type=\"section\" data-e-type=\"section\">\n\t\t\t\t\t\t<div class=\"elementor-container elementor-column-gap-default\">\n\t\t\t\t\t<div class=\"elementor-column elementor-col-100 elementor-top-column elementor-element elementor-element-37247b0\" data-id=\"37247b0\" data-element_type=\"column\" data-e-type=\"column\">\n\t\t\t<div class=\"elementor-widget-wrap elementor-element-populated\">\n\t\t\t\t\t\t<div class=\"elementor-element elementor-element-07ad596 elementor-widget-divider--view-line elementor-widget elementor-widget-divider\" data-id=\"07ad596\" data-element_type=\"widget\" data-e-type=\"widget\" data-widget_type=\"divider.default\">\n\t\t\t\t<div class=\"elementor-widget-container\">\n\t\t\t\t\t\t\t<div class=\"elementor-divider\">\n\t\t\t<span class=\"elementor-divider-separator\">\n\t\t\t\t\t\t<\/span>\n\t\t<\/div>\n\t\t\t\t\t\t<\/div>\n\t\t\t\t<\/div>\n\t\t\t\t\t<\/div>\n\t\t<\/div>\n\t\t\t\t\t<\/div>\n\t\t<\/section>\n\t\t\t\t<\/div>","protected":false},"excerpt":{"rendered":"<p>Privacy Policy GeneralWe are committed to protecting your privacy. This privacy policy explains what information we collect about users of our website and describes how we will use it. Our website contains links to other sites that are outside our control and are not covered by this privacy policy. If you access other sites using [&hellip;]<\/p>\n","protected":false},"author":1,"featured_media":0,"parent":0,"menu_order":0,"comment_status":"closed","ping_status":"closed","template":"","meta":{"inline_featured_image":false,"site-sidebar-layout":"no-sidebar","site-content-layout":"page-builder","ast-site-content-layout":"default","site-content-style":"default","site-sidebar-style":"default","ast-global-header-display":"","ast-banner-title-visibility":"","ast-main-header-display":"","ast-hfb-above-header-display":"","ast-hfb-below-header-display":"","ast-hfb-mobile-header-display":"","site-post-title":"disabled","ast-breadcrumbs-content":"","ast-featured-img":"disabled","footer-sml-layout":"","ast-disable-related-posts":"","theme-transparent-header-meta":"","adv-header-id-meta":"","stick-header-meta":"","header-above-stick-meta":"","header-main-stick-meta":"","header-below-stick-meta":"","astra-migrate-meta-layouts":"default","ast-page-background-enabled":"default","ast-page-background-meta":{"desktop":{"background-color":"var(--ast-global-color-4)","background-image":"","background-repeat":"repeat","background-position":"center center","background-size":"auto","background-attachment":"scroll","background-type":"","background-media":"","overlay-type":"","overlay-color":"","overlay-opacity":"","overlay-gradient":""},"tablet":{"background-color":"","background-image":"","background-repeat":"repeat","background-position":"center center","background-size":"auto","background-attachment":"scroll","background-type":"","background-media":"","overlay-type":"","overlay-color":"","overlay-opacity":"","overlay-gradient":""},"mobile":{"background-color":"","background-image":"","background-repeat":"repeat","background-position":"center center","background-size":"auto","background-attachment":"scroll","background-type":"","background-media":"","overlay-type":"","overlay-color":"","overlay-opacity":"","overlay-gradient":""}},"ast-content-background-meta":{"desktop":{"background-color":"var(--ast-global-color-5)","background-image":"","background-repeat":"repeat","background-position":"center center","background-size":"auto","background-attachment":"scroll","background-type":"","background-media":"","overlay-type":"","overlay-color":"","overlay-opacity":"","overlay-gradient":""},"tablet":{"background-color":"var(--ast-global-color-5)","background-image":"","background-repeat":"repeat","background-position":"center center","background-size":"auto","background-attachment":"scroll","background-type":"","background-media":"","overlay-type":"","overlay-color":"","overlay-opacity":"","overlay-gradient":""},"mobile":{"background-color":"var(--ast-global-color-5)","background-image":"","background-repeat":"repeat","background-position":"center center","background-size":"auto","background-attachment":"scroll","background-type":"","background-media":"","overlay-type":"","overlay-color":"","overlay-opacity":"","overlay-gradient":""}},"footnotes":""},"class_list":["post-2976","page","type-page","status-publish","hentry"],"yoast_head":"<!-- This site is optimized with the Yoast SEO plugin v27.4 - https:\/\/yoast.com\/product\/yoast-seo-wordpress\/ -->\n<title>Privacy Policy | Sleep Consortium<\/title>\n<meta name=\"description\" content=\"Contact information for Sleep Consortium and our founders Lindsay Jesteadt and Claire Crisp.\" \/>\n<meta name=\"robots\" content=\"index, follow, max-snippet:-1, max-image-preview:large, max-video-preview:-1\" \/>\n<link rel=\"canonical\" href=\"https:\/\/sleepconsortium.org\/es\/privacy-policy\/\" \/>\n<meta property=\"og:locale\" content=\"es_ES\" \/>\n<meta property=\"og:type\" content=\"article\" \/>\n<meta property=\"og:title\" content=\"Privacy Policy | Sleep Consortium\" \/>\n<meta property=\"og:description\" content=\"Contact information for Sleep Consortium and our founders Lindsay Jesteadt and Claire Crisp.\" \/>\n<meta property=\"og:url\" content=\"https:\/\/sleepconsortium.org\/es\/privacy-policy\/\" \/>\n<meta property=\"og:site_name\" content=\"Sleep Consortium\" \/>\n<meta property=\"article:modified_time\" content=\"2022-04-14T14:57:48+00:00\" \/>\n<meta name=\"twitter:card\" content=\"summary_large_image\" \/>\n<meta name=\"twitter:label1\" content=\"Est. reading time\" \/>\n\t<meta name=\"twitter:data1\" content=\"4 minutos\" \/>\n<script type=\"application\/ld+json\" class=\"yoast-schema-graph\">{\"@context\":\"https:\\\/\\\/schema.org\",\"@graph\":[{\"@type\":\"WebPage\",\"@id\":\"https:\\\/\\\/sleepconsortium.org\\\/privacy-policy\\\/\",\"url\":\"https:\\\/\\\/sleepconsortium.org\\\/privacy-policy\\\/\",\"name\":\"Privacy Policy | Sleep Consortium\",\"isPartOf\":{\"@id\":\"https:\\\/\\\/sleepconsortium.org\\\/#website\"},\"datePublished\":\"2022-04-14T14:56:43+00:00\",\"dateModified\":\"2022-04-14T14:57:48+00:00\",\"description\":\"Contact information for Sleep Consortium and our founders Lindsay Jesteadt and Claire Crisp.\",\"breadcrumb\":{\"@id\":\"https:\\\/\\\/sleepconsortium.org\\\/privacy-policy\\\/#breadcrumb\"},\"inLanguage\":\"es\",\"potentialAction\":[{\"@type\":\"ReadAction\",\"target\":[\"https:\\\/\\\/sleepconsortium.org\\\/privacy-policy\\\/\"]}]},{\"@type\":\"BreadcrumbList\",\"@id\":\"https:\\\/\\\/sleepconsortium.org\\\/privacy-policy\\\/#breadcrumb\",\"itemListElement\":[{\"@type\":\"ListItem\",\"position\":1,\"name\":\"Home\",\"item\":\"https:\\\/\\\/sleepconsortium.org\\\/\"},{\"@type\":\"ListItem\",\"position\":2,\"name\":\"Privacy Policy\"}]},{\"@type\":\"WebSite\",\"@id\":\"https:\\\/\\\/sleepconsortium.org\\\/#website\",\"url\":\"https:\\\/\\\/sleepconsortium.org\\\/\",\"name\":\"Sleep Consortium\",\"description\":\"Accelerating Global Research for Central Disorders of Hypersomnolence\",\"publisher\":{\"@id\":\"https:\\\/\\\/sleepconsortium.org\\\/#organization\"},\"potentialAction\":[{\"@type\":\"SearchAction\",\"target\":{\"@type\":\"EntryPoint\",\"urlTemplate\":\"https:\\\/\\\/sleepconsortium.org\\\/?s={search_term_string}\"},\"query-input\":{\"@type\":\"PropertyValueSpecification\",\"valueRequired\":true,\"valueName\":\"search_term_string\"}}],\"inLanguage\":\"es\"},{\"@type\":\"Organization\",\"@id\":\"https:\\\/\\\/sleepconsortium.org\\\/#organization\",\"name\":\"Sleep Consortium\",\"url\":\"https:\\\/\\\/sleepconsortium.org\\\/\",\"logo\":{\"@type\":\"ImageObject\",\"inLanguage\":\"es\",\"@id\":\"https:\\\/\\\/sleepconsortium.org\\\/#\\\/schema\\\/logo\\\/image\\\/\",\"url\":\"https:\\\/\\\/sleepconsortium.org\\\/wp-content\\\/uploads\\\/2022\\\/02\\\/logo-gradient-2.svg\",\"contentUrl\":\"https:\\\/\\\/sleepconsortium.org\\\/wp-content\\\/uploads\\\/2022\\\/02\\\/logo-gradient-2.svg\",\"width\":836,\"height\":132,\"caption\":\"Sleep Consortium\"},\"image\":{\"@id\":\"https:\\\/\\\/sleepconsortium.org\\\/#\\\/schema\\\/logo\\\/image\\\/\"}}]}<\/script>\n<!-- \/ Yoast SEO plugin. -->","yoast_head_json":{"title":"Privacy Policy | Sleep Consortium","description":"Informaci\u00f3n de contacto del Consorcio del Sue\u00f1o y de nuestras fundadoras Lindsay Jesteadt y Claire Crisp.","robots":{"index":"index","follow":"follow","max-snippet":"max-snippet:-1","max-image-preview":"max-image-preview:large","max-video-preview":"max-video-preview:-1"},"canonical":"https:\/\/sleepconsortium.org\/es\/privacy-policy\/","og_locale":"es_ES","og_type":"article","og_title":"Privacy Policy | Sleep Consortium","og_description":"Contact information for Sleep Consortium and our founders Lindsay Jesteadt and Claire Crisp.","og_url":"https:\/\/sleepconsortium.org\/es\/privacy-policy\/","og_site_name":"Sleep Consortium","article_modified_time":"2022-04-14T14:57:48+00:00","twitter_card":"summary_large_image","twitter_misc":{"Est. reading time":"4 minutos"},"schema":{"@context":"https:\/\/schema.org","@graph":[{"@type":"WebPage","@id":"https:\/\/sleepconsortium.org\/privacy-policy\/","url":"https:\/\/sleepconsortium.org\/privacy-policy\/","name":"Privacy Policy | Sleep Consortium","isPartOf":{"@id":"https:\/\/sleepconsortium.org\/#website"},"datePublished":"2022-04-14T14:56:43+00:00","dateModified":"2022-04-14T14:57:48+00:00","description":"Informaci\u00f3n de contacto del Consorcio del Sue\u00f1o y de nuestras fundadoras Lindsay Jesteadt y Claire Crisp.","breadcrumb":{"@id":"https:\/\/sleepconsortium.org\/privacy-policy\/#breadcrumb"},"inLanguage":"es","potentialAction":[{"@type":"ReadAction","target":["https:\/\/sleepconsortium.org\/privacy-policy\/"]}]},{"@type":"BreadcrumbList","@id":"https:\/\/sleepconsortium.org\/privacy-policy\/#breadcrumb","itemListElement":[{"@type":"ListItem","position":1,"name":"Home","item":"https:\/\/sleepconsortium.org\/"},{"@type":"ListItem","position":2,"name":"Privacy Policy"}]},{"@type":"WebSite","@id":"https:\/\/sleepconsortium.org\/#website","url":"https:\/\/sleepconsortium.org\/","name":"Consorcio del sue\u00f1o","description":"Acelerar la investigaci\u00f3n mundial de los trastornos centrales de la hipersomnolencia","publisher":{"@id":"https:\/\/sleepconsortium.org\/#organization"},"potentialAction":[{"@type":"SearchAction","target":{"@type":"EntryPoint","urlTemplate":"https:\/\/sleepconsortium.org\/?s={search_term_string}"},"query-input":{"@type":"PropertyValueSpecification","valueRequired":true,"valueName":"search_term_string"}}],"inLanguage":"es"},{"@type":"Organization","@id":"https:\/\/sleepconsortium.org\/#organization","name":"Consorcio del sue\u00f1o","url":"https:\/\/sleepconsortium.org\/","logo":{"@type":"ImageObject","inLanguage":"es","@id":"https:\/\/sleepconsortium.org\/#\/schema\/logo\/image\/","url":"https:\/\/sleepconsortium.org\/wp-content\/uploads\/2022\/02\/logo-gradient-2.svg","contentUrl":"https:\/\/sleepconsortium.org\/wp-content\/uploads\/2022\/02\/logo-gradient-2.svg","width":836,"height":132,"caption":"Sleep Consortium"},"image":{"@id":"https:\/\/sleepconsortium.org\/#\/schema\/logo\/image\/"}}]}},"_links":{"self":[{"href":"https:\/\/sleepconsortium.org\/es\/wp-json\/wp\/v2\/pages\/2976","targetHints":{"allow":["GET"]}}],"collection":[{"href":"https:\/\/sleepconsortium.org\/es\/wp-json\/wp\/v2\/pages"}],"about":[{"href":"https:\/\/sleepconsortium.org\/es\/wp-json\/wp\/v2\/types\/page"}],"author":[{"embeddable":true,"href":"https:\/\/sleepconsortium.org\/es\/wp-json\/wp\/v2\/users\/1"}],"replies":[{"embeddable":true,"href":"https:\/\/sleepconsortium.org\/es\/wp-json\/wp\/v2\/comments?post=2976"}],"version-history":[{"count":0,"href":"https:\/\/sleepconsortium.org\/es\/wp-json\/wp\/v2\/pages\/2976\/revisions"}],"wp:attachment":[{"href":"https:\/\/sleepconsortium.org\/es\/wp-json\/wp\/v2\/media?parent=2976"}],"curies":[{"name":"wp","href":"https:\/\/api.w.org\/{rel}","templated":true}]}}