{"id":2301,"date":"2022-03-23T19:04:16","date_gmt":"2022-03-23T19:04:16","guid":{"rendered":"https:\/\/sleepconsort.wpengine.com\/?page_id=2301"},"modified":"2022-04-13T18:35:57","modified_gmt":"2022-04-13T18:35:57","slug":"hypersomnia-medical-disorder","status":"publish","type":"page","link":"https:\/\/sleepconsortium.org\/fr\/hypersomnia-medical-disorder\/","title":{"rendered":"Hypersomnie due \u00e0 un trouble m\u00e9dical"},"content":{"rendered":"<div data-elementor-type=\"wp-page\" data-elementor-id=\"2301\" class=\"elementor elementor-2301\" data-elementor-post-type=\"page\">\n\t\t\t\t\t\t<section data-uael-partstyle=\"nasa\" data-uael-partcolor=\"#1C7C8C\" data-uael-partopacity=\"0.7\" data-uael-partdirection=\"bottom\" data-uael-partnum=\"25\" data-uael-partsize=\"5\" data-uael-partspeed=\"0.5\" data-uael-interactive=\"yes\" class=\"elementor-section elementor-top-section elementor-element elementor-element-aa93b7c elementor-section-height-min-height elementor-section-content-middle uael-particle-yes uael-particle-adv-yes elementor-section-boxed elementor-section-height-default elementor-section-items-middle\" data-id=\"aa93b7c\" data-element_type=\"section\" data-e-type=\"section\" data-settings=\"{&quot;background_background&quot;:&quot;classic&quot;}\">\n\t\t\t\t\t\t\t<div class=\"elementor-background-overlay\"><\/div>\n\t\t\t\t\t\t\t<div class=\"elementor-container elementor-column-gap-default\">\n\t\t\t\t\t<div class=\"elementor-column elementor-col-100 elementor-top-column elementor-element elementor-element-48fa86d elementor-invisible\" data-id=\"48fa86d\" data-element_type=\"column\" data-e-type=\"column\" data-settings=\"{&quot;animation&quot;:&quot;fadeIn&quot;}\">\n\t\t\t<div class=\"elementor-widget-wrap elementor-element-populated\">\n\t\t\t\t\t\t<div class=\"elementor-element elementor-element-59dc918 elementor-widget elementor-widget-heading\" data-id=\"59dc918\" data-element_type=\"widget\" data-e-type=\"widget\" data-widget_type=\"heading.default\">\n\t\t\t\t<div class=\"elementor-widget-container\">\n\t\t\t\t\t<h1 class=\"elementor-heading-title elementor-size-default\">Troubles centraux de l'hypersomnolence<\/h1>\t\t\t\t<\/div>\n\t\t\t\t<\/div>\n\t\t\t\t\t<\/div>\n\t\t<\/div>\n\t\t\t\t\t<\/div>\n\t\t<\/section>\n\t\t\t\t<section class=\"elementor-section elementor-top-section elementor-element elementor-element-48edaf3 elementor-reverse-mobile elementor-section-boxed elementor-section-height-default elementor-section-height-default\" data-id=\"48edaf3\" data-element_type=\"section\" data-e-type=\"section\">\n\t\t\t\t\t\t<div class=\"elementor-container elementor-column-gap-default\">\n\t\t\t\t\t<div class=\"elementor-column elementor-col-100 elementor-top-column elementor-element elementor-element-d774719\" data-id=\"d774719\" data-element_type=\"column\" data-e-type=\"column\">\n\t\t\t<div class=\"elementor-widget-wrap elementor-element-populated\">\n\t\t\t\t\t\t<div class=\"elementor-element elementor-element-c5f023a elementor-widget elementor-widget-heading\" data-id=\"c5f023a\" data-element_type=\"widget\" data-e-type=\"widget\" data-widget_type=\"heading.default\">\n\t\t\t\t<div class=\"elementor-widget-container\">\n\t\t\t\t\t<h2 class=\"elementor-heading-title elementor-size-default\">Hypersomnie due \u00e0 un trouble m\u00e9dical<\/h2>\t\t\t\t<\/div>\n\t\t\t\t<\/div>\n\t\t\t\t<div class=\"elementor-element elementor-element-3107fad elementor-widget elementor-widget-heading\" data-id=\"3107fad\" data-element_type=\"widget\" data-e-type=\"widget\" data-widget_type=\"heading.default\">\n\t\t\t\t<div class=\"elementor-widget-container\">\n\t\t\t\t\t<h4 class=\"elementor-heading-title elementor-size-default\">Diagnostic<\/h4>\t\t\t\t<\/div>\n\t\t\t\t<\/div>\n\t\t\t\t<div class=\"elementor-element elementor-element-5380c58 elementor-widget elementor-widget-text-editor\" data-id=\"5380c58\" data-element_type=\"widget\" data-e-type=\"widget\" data-widget_type=\"text-editor.default\">\n\t\t\t\t<div class=\"elementor-widget-container\">\n\t\t\t\t\t\t\t\t\t<p>Quatre crit\u00e8res doivent \u00eatre remplis pour qu'un diagnostic d'hypersomnie due \u00e0 un trouble m\u00e9dical soit pos\u00e9.<\/p>\t\t\t\t\t\t\t\t<\/div>\n\t\t\t\t<\/div>\n\t\t\t\t<div class=\"elementor-element elementor-element-4417b0c elementor-icon-list--layout-traditional elementor-list-item-link-full_width elementor-widget elementor-widget-icon-list\" data-id=\"4417b0c\" data-element_type=\"widget\" data-e-type=\"widget\" data-widget_type=\"icon-list.default\">\n\t\t\t\t<div class=\"elementor-widget-container\">\n\t\t\t\t\t\t\t<ul class=\"elementor-icon-list-items\">\n\t\t\t\t\t\t\t<li class=\"elementor-icon-list-item\">\n\t\t\t\t\t\t\t\t\t\t\t<span class=\"elementor-icon-list-icon\">\n\t\t\t\t\t\t\t<i aria-hidden=\"true\" class=\"fas fa-chevron-right\"><\/i>\t\t\t\t\t\t<\/span>\n\t\t\t\t\t\t\t\t\t\t<span class=\"elementor-icon-list-text\">La personne pr\u00e9sente quotidiennement des p\u00e9riodes de somnolence ou d'endormissement incontr\u00f4lables qui durent depuis au moins 3 mois. des p\u00e9riodes de somnolence ou d'endormissement incontr\u00f4lables qui durent depuis au moins 3 mois.<\/span>\n\t\t\t\t\t\t\t\t\t<\/li>\n\t\t\t\t\t\t\t\t<li class=\"elementor-icon-list-item\">\n\t\t\t\t\t\t\t\t\t\t\t<span class=\"elementor-icon-list-icon\">\n\t\t\t\t\t\t\t<i aria-hidden=\"true\" class=\"fas fa-chevron-right\"><\/i>\t\t\t\t\t\t<\/span>\n\t\t\t\t\t\t\t\t\t\t<span class=\"elementor-icon-list-text\">La somnolence diurne est caus\u00e9e par une affection m\u00e9dicale ou neurologique sous-jacente actuelle.<\/span>\n\t\t\t\t\t\t\t\t\t<\/li>\n\t\t\t\t\t\t\t\t<li class=\"elementor-icon-list-item\">\n\t\t\t\t\t\t\t\t\t\t\t<span class=\"elementor-icon-list-icon\">\n\t\t\t\t\t\t\t<i aria-hidden=\"true\" class=\"fas fa-chevron-right\"><\/i>\t\t\t\t\t\t<\/span>\n\t\t\t\t\t\t\t\t\t\t<span class=\"elementor-icon-list-text\">Aucun autre trouble du sommeil, m\u00e9dical, psychiatrique ou neurologique non trait\u00e9 n'explique mieux les sympt\u00f4mes.<\/span>\n\t\t\t\t\t\t\t\t\t<\/li>\n\t\t\t\t\t\t<\/ul>\n\t\t\t\t\t\t<\/div>\n\t\t\t\t<\/div>\n\t\t\t\t\t<\/div>\n\t\t<\/div>\n\t\t\t\t\t<\/div>\n\t\t<\/section>\n\t\t\t\t<section class=\"elementor-section elementor-top-section elementor-element elementor-element-7625240 elementor-section-boxed elementor-section-height-default elementor-section-height-default\" data-id=\"7625240\" data-element_type=\"section\" data-e-type=\"section\">\n\t\t\t\t\t\t<div class=\"elementor-container elementor-column-gap-default\">\n\t\t\t\t\t<div class=\"elementor-column elementor-col-100 elementor-top-column elementor-element elementor-element-25b2fd5\" data-id=\"25b2fd5\" data-element_type=\"column\" data-e-type=\"column\">\n\t\t\t<div class=\"elementor-widget-wrap elementor-element-populated\">\n\t\t\t\t\t\t<div class=\"elementor-element elementor-element-5180e1b elementor-align-right elementor-mobile-align-center elementor-widget elementor-widget-button\" data-id=\"5180e1b\" data-element_type=\"widget\" data-e-type=\"widget\" data-widget_type=\"button.default\">\n\t\t\t\t<div class=\"elementor-widget-container\">\n\t\t\t\t\t\t\t\t\t<div class=\"elementor-button-wrapper\">\n\t\t\t\t\t<a class=\"elementor-button elementor-button-link elementor-size-sm\" href=\"\/fr\/hypersomnia-medicine\/\">\n\t\t\t\t\t\t<span class=\"elementor-button-content-wrapper\">\n\t\t\t\t\t\t\t\t\t<span class=\"elementor-button-text\">Hypersomnie due \u00e0 un m\u00e9dicament ou \u00e0 une substance <i class=\"fa-duotone fa-angles-right\"><\/i><\/span>\n\t\t\t\t\t<\/span>\n\t\t\t\t\t<\/a>\n\t\t\t\t<\/div>\n\t\t\t\t\t\t\t\t<\/div>\n\t\t\t\t<\/div>\n\t\t\t\t\t<\/div>\n\t\t<\/div>\n\t\t\t\t\t<\/div>\n\t\t<\/section>\n\t\t\t\t<section class=\"elementor-section elementor-top-section elementor-element elementor-element-7a3984e elementor-section-boxed elementor-section-height-default elementor-section-height-default\" data-id=\"7a3984e\" data-element_type=\"section\" data-e-type=\"section\">\n\t\t\t\t\t\t<div class=\"elementor-container elementor-column-gap-default\">\n\t\t\t\t\t<div class=\"elementor-column elementor-col-100 elementor-top-column elementor-element elementor-element-705a1f9\" data-id=\"705a1f9\" data-element_type=\"column\" data-e-type=\"column\">\n\t\t\t<div class=\"elementor-widget-wrap elementor-element-populated\">\n\t\t\t\t\t\t<div class=\"elementor-element elementor-element-4c5c8e8 elementor-widget elementor-widget-toggle\" data-id=\"4c5c8e8\" data-element_type=\"widget\" data-e-type=\"widget\" data-widget_type=\"toggle.default\">\n\t\t\t\t<div class=\"elementor-widget-container\">\n\t\t\t\t\t\t\t<div class=\"elementor-toggle\">\n\t\t\t\t\t\t\t<div class=\"elementor-toggle-item\">\n\t\t\t\t\t<div id=\"elementor-tab-title-8001\" class=\"elementor-tab-title\" data-tab=\"1\" role=\"button\" aria-controls=\"elementor-tab-content-8001\" aria-expanded=\"false\">\n\t\t\t\t\t\t\t\t\t\t\t\t<span class=\"elementor-toggle-icon elementor-toggle-icon-left\" aria-hidden=\"true\">\n\t\t\t\t\t\t\t\t\t\t\t\t\t\t\t<span class=\"elementor-toggle-icon-closed\"><i class=\"fas fa-plus\"><\/i><\/span>\n\t\t\t\t\t\t\t\t<span class=\"elementor-toggle-icon-opened\"><i class=\"elementor-toggle-icon-opened fas fa-minus\"><\/i><\/span>\n\t\t\t\t\t\t\t\t\t\t\t\t\t<\/span>\n\t\t\t\t\t\t\t\t\t\t\t\t<a class=\"elementor-toggle-title\" tabindex=\"0\">R\u00e9f\u00e9rences \/ Citations<\/a>\n\t\t\t\t\t<\/div>\n\n\t\t\t\t\t<div id=\"elementor-tab-content-8001\" class=\"elementor-tab-content elementor-clearfix\" data-tab=\"1\" role=\"region\" aria-labelledby=\"elementor-tab-title-8001\"><p class=\"p1\">1. Silber MH, Krahn LE, Olson EJ, Pankratz VS. The epidemiology of narcolepsy in Olmsted County, Minnesota : a population-based study. <i>Dormir. <\/i>2002;25(2):197-202.<\/p><p class=\"p1\">2. Acquavella J, Mehra R, Bron M, Suomi JM, Hess GP. Pr\u00e9valence de la narcolepsie et d'autres troubles du sommeil et fr\u00e9quence des tests diagnostiques de 2013 \u00e0 2016 chez les patients assur\u00e9s en recherche active de soins. <i>J Clin Sleep Med. <\/i>2020;16(8):1255-1263.<\/p><p class=\"p1\">3. Kallweit U, Nilius G, Trumper D, Vogelmann T, Schubert T. Pr\u00e9valence, incidence et utilisation des soins de sant\u00e9 chez les patients atteints de narcolepsie : une \u00e9tude repr\u00e9sentative de la population. <i>J Clin Sleep Med. <\/i>2022.<\/p><p class=\"p1\">4. Scheer D, Schwartz SW, Parr M, Zgibor J, Sanchez-Anguiano A, Rajaram L. Prevalence and incidence of narcolepsy in a US health care claims database, 2008-2010. <i>Dormir. <\/i>2019;42(7).<\/p><p class=\"p1\">5. Acad\u00e9mie am\u00e9ricaine de m\u00e9decine du sommeil. <i>Classification internationale des troubles du sommeil.<\/i> Darien, IL : Acad\u00e9mie am\u00e9ricaine de m\u00e9decine du sommeil, 3e \u00e9dition ; 2014.<\/p><p class=\"p1\">6. Liu Y, Wheaton AG, Chapman DP, al. e. Prevalence of healthy sleep duration among adults : \u00c9tats-Unis, 2014. <i>Morbidit\u00e9 et mortalit\u00e9 hebdomadaires. <\/i>2016;65(6):137-141.<\/p><\/div>\n\t\t\t\t<\/div>\n\t\t\t\t\t\t\t\t<\/div>\n\t\t\t\t\t\t<\/div>\n\t\t\t\t<\/div>\n\t\t\t\t\t<\/div>\n\t\t<\/div>\n\t\t\t\t\t<\/div>\n\t\t<\/section>\n\t\t\t\t<section class=\"elementor-section elementor-top-section elementor-element elementor-element-19ac728 elementor-section-full_width elementor-section-height-default elementor-section-height-default\" data-id=\"19ac728\" data-element_type=\"section\" data-e-type=\"section\">\n\t\t\t\t\t\t<div class=\"elementor-container elementor-column-gap-default\">\n\t\t\t\t\t<div class=\"elementor-column elementor-col-100 elementor-top-column elementor-element elementor-element-4f6ba4b\" data-id=\"4f6ba4b\" data-element_type=\"column\" data-e-type=\"column\">\n\t\t\t<div class=\"elementor-widget-wrap elementor-element-populated\">\n\t\t\t\t\t\t<div class=\"elementor-element elementor-element-e9d4f17 elementor-widget-divider--view-line elementor-widget elementor-widget-divider\" data-id=\"e9d4f17\" data-element_type=\"widget\" data-e-type=\"widget\" data-widget_type=\"divider.default\">\n\t\t\t\t<div class=\"elementor-widget-container\">\n\t\t\t\t\t\t\t<div class=\"elementor-divider\">\n\t\t\t<span class=\"elementor-divider-separator\">\n\t\t\t\t\t\t<\/span>\n\t\t<\/div>\n\t\t\t\t\t\t<\/div>\n\t\t\t\t<\/div>\n\t\t\t\t\t<\/div>\n\t\t<\/div>\n\t\t\t\t\t<\/div>\n\t\t<\/section>\n\t\t\t\t<\/div>","protected":false},"excerpt":{"rendered":"<p>Central Disorders of Hypersomnolence Hypersomnia due to a Medical Disorder Diagnosis Four criteria must be met for a diagnosis of hypersomnia due to a medical disorder to be made. The person has daily The person has daily periods of uncontrollable sleepiness or falling asleep that have lasted for at least 3 months. periods of uncontrollable [&hellip;]<\/p>\n","protected":false},"author":1,"featured_media":0,"parent":0,"menu_order":0,"comment_status":"closed","ping_status":"closed","template":"","meta":{"inline_featured_image":false,"site-sidebar-layout":"no-sidebar","site-content-layout":"page-builder","ast-site-content-layout":"default","site-content-style":"default","site-sidebar-style":"default","ast-global-header-display":"","ast-banner-title-visibility":"","ast-main-header-display":"","ast-hfb-above-header-display":"","ast-hfb-below-header-display":"","ast-hfb-mobile-header-display":"","site-post-title":"disabled","ast-breadcrumbs-content":"","ast-featured-img":"disabled","footer-sml-layout":"","ast-disable-related-posts":"","theme-transparent-header-meta":"","adv-header-id-meta":"","stick-header-meta":"","header-above-stick-meta":"","header-main-stick-meta":"","header-below-stick-meta":"","astra-migrate-meta-layouts":"default","ast-page-background-enabled":"default","ast-page-background-meta":{"desktop":{"background-color":"var(--ast-global-color-4)","background-image":"","background-repeat":"repeat","background-position":"center center","background-size":"auto","background-attachment":"scroll","background-type":"","background-media":"","overlay-type":"","overlay-color":"","overlay-opacity":"","overlay-gradient":""},"tablet":{"background-color":"","background-image":"","background-repeat":"repeat","background-position":"center center","background-size":"auto","background-attachment":"scroll","background-type":"","background-media":"","overlay-type":"","overlay-color":"","overlay-opacity":"","overlay-gradient":""},"mobile":{"background-color":"","background-image":"","background-repeat":"repeat","background-position":"center center","background-size":"auto","background-attachment":"scroll","background-type":"","background-media":"","overlay-type":"","overlay-color":"","overlay-opacity":"","overlay-gradient":""}},"ast-content-background-meta":{"desktop":{"background-color":"var(--ast-global-color-5)","background-image":"","background-repeat":"repeat","background-position":"center center","background-size":"auto","background-attachment":"scroll","background-type":"","background-media":"","overlay-type":"","overlay-color":"","overlay-opacity":"","overlay-gradient":""},"tablet":{"background-color":"var(--ast-global-color-5)","background-image":"","background-repeat":"repeat","background-position":"center center","background-size":"auto","background-attachment":"scroll","background-type":"","background-media":"","overlay-type":"","overlay-color":"","overlay-opacity":"","overlay-gradient":""},"mobile":{"background-color":"var(--ast-global-color-5)","background-image":"","background-repeat":"repeat","background-position":"center center","background-size":"auto","background-attachment":"scroll","background-type":"","background-media":"","overlay-type":"","overlay-color":"","overlay-opacity":"","overlay-gradient":""}},"footnotes":""},"class_list":["post-2301","page","type-page","status-publish","hentry"],"yoast_head":"<!-- This site is optimized with the Yoast SEO plugin v27.3 - https:\/\/yoast.com\/product\/yoast-seo-wordpress\/ -->\n<title>Hypersomnia due to a Medical Disorder | Sleep Consortium<\/title>\n<meta name=\"description\" content=\"Learn the four criteria that must be met for a diagnosis of hypersomnia due to a medical disorder to be made.\" \/>\n<meta name=\"robots\" content=\"index, follow, max-snippet:-1, max-image-preview:large, max-video-preview:-1\" \/>\n<link rel=\"canonical\" href=\"https:\/\/sleepconsortium.org\/fr\/hypersomnia-medical-disorder\/\" \/>\n<meta property=\"og:locale\" content=\"fr_FR\" \/>\n<meta property=\"og:type\" content=\"article\" \/>\n<meta property=\"og:title\" content=\"Hypersomnia due to a Medical Disorder | Sleep Consortium\" \/>\n<meta property=\"og:description\" content=\"Learn the four criteria that must be met for a diagnosis of hypersomnia due to a medical disorder to be made.\" \/>\n<meta property=\"og:url\" content=\"https:\/\/sleepconsortium.org\/fr\/hypersomnia-medical-disorder\/\" \/>\n<meta property=\"og:site_name\" content=\"Sleep Consortium\" \/>\n<meta property=\"article:modified_time\" content=\"2022-04-13T18:35:57+00:00\" \/>\n<meta name=\"twitter:card\" content=\"summary_large_image\" \/>\n<meta name=\"twitter:label1\" content=\"Est. reading time\" \/>\n\t<meta name=\"twitter:data1\" content=\"2 minutes\" \/>\n<script type=\"application\/ld+json\" class=\"yoast-schema-graph\">{\"@context\":\"https:\\\/\\\/schema.org\",\"@graph\":[{\"@type\":\"WebPage\",\"@id\":\"https:\\\/\\\/sleepconsortium.org\\\/hypersomnia-medical-disorder\\\/\",\"url\":\"https:\\\/\\\/sleepconsortium.org\\\/hypersomnia-medical-disorder\\\/\",\"name\":\"Hypersomnia due to a Medical Disorder | Sleep Consortium\",\"isPartOf\":{\"@id\":\"https:\\\/\\\/sleepconsortium.org\\\/#website\"},\"datePublished\":\"2022-03-23T19:04:16+00:00\",\"dateModified\":\"2022-04-13T18:35:57+00:00\",\"description\":\"Learn the four criteria that must be met for a diagnosis of hypersomnia due to a medical disorder to be made.\",\"breadcrumb\":{\"@id\":\"https:\\\/\\\/sleepconsortium.org\\\/hypersomnia-medical-disorder\\\/#breadcrumb\"},\"inLanguage\":\"fr-FR\",\"potentialAction\":[{\"@type\":\"ReadAction\",\"target\":[\"https:\\\/\\\/sleepconsortium.org\\\/hypersomnia-medical-disorder\\\/\"]}]},{\"@type\":\"BreadcrumbList\",\"@id\":\"https:\\\/\\\/sleepconsortium.org\\\/hypersomnia-medical-disorder\\\/#breadcrumb\",\"itemListElement\":[{\"@type\":\"ListItem\",\"position\":1,\"name\":\"Home\",\"item\":\"https:\\\/\\\/sleepconsortium.org\\\/\"},{\"@type\":\"ListItem\",\"position\":2,\"name\":\"Hypersomnia due to a Medical Disorder\"}]},{\"@type\":\"WebSite\",\"@id\":\"https:\\\/\\\/sleepconsortium.org\\\/#website\",\"url\":\"https:\\\/\\\/sleepconsortium.org\\\/\",\"name\":\"Sleep Consortium\",\"description\":\"Accelerating Global Research for Central Disorders of Hypersomnolence\",\"publisher\":{\"@id\":\"https:\\\/\\\/sleepconsortium.org\\\/#organization\"},\"potentialAction\":[{\"@type\":\"SearchAction\",\"target\":{\"@type\":\"EntryPoint\",\"urlTemplate\":\"https:\\\/\\\/sleepconsortium.org\\\/?s={search_term_string}\"},\"query-input\":{\"@type\":\"PropertyValueSpecification\",\"valueRequired\":true,\"valueName\":\"search_term_string\"}}],\"inLanguage\":\"fr-FR\"},{\"@type\":\"Organization\",\"@id\":\"https:\\\/\\\/sleepconsortium.org\\\/#organization\",\"name\":\"Sleep Consortium\",\"url\":\"https:\\\/\\\/sleepconsortium.org\\\/\",\"logo\":{\"@type\":\"ImageObject\",\"inLanguage\":\"fr-FR\",\"@id\":\"https:\\\/\\\/sleepconsortium.org\\\/#\\\/schema\\\/logo\\\/image\\\/\",\"url\":\"https:\\\/\\\/sleepconsortium.org\\\/wp-content\\\/uploads\\\/2022\\\/02\\\/logo-gradient-2.svg\",\"contentUrl\":\"https:\\\/\\\/sleepconsortium.org\\\/wp-content\\\/uploads\\\/2022\\\/02\\\/logo-gradient-2.svg\",\"width\":836,\"height\":132,\"caption\":\"Sleep Consortium\"},\"image\":{\"@id\":\"https:\\\/\\\/sleepconsortium.org\\\/#\\\/schema\\\/logo\\\/image\\\/\"}}]}<\/script>\n<!-- \/ Yoast SEO plugin. -->","yoast_head_json":{"title":"Hypersomnia due to a Medical Disorder | Sleep Consortium","description":"Learn the four criteria that must be met for a diagnosis of hypersomnia due to a medical disorder to be made.","robots":{"index":"index","follow":"follow","max-snippet":"max-snippet:-1","max-image-preview":"max-image-preview:large","max-video-preview":"max-video-preview:-1"},"canonical":"https:\/\/sleepconsortium.org\/fr\/hypersomnia-medical-disorder\/","og_locale":"fr_FR","og_type":"article","og_title":"Hypersomnia due to a Medical Disorder | Sleep Consortium","og_description":"Learn the four criteria that must be met for a diagnosis of hypersomnia due to a medical disorder to be made.","og_url":"https:\/\/sleepconsortium.org\/fr\/hypersomnia-medical-disorder\/","og_site_name":"Sleep Consortium","article_modified_time":"2022-04-13T18:35:57+00:00","twitter_card":"summary_large_image","twitter_misc":{"Est. reading time":"2 minutes"},"schema":{"@context":"https:\/\/schema.org","@graph":[{"@type":"WebPage","@id":"https:\/\/sleepconsortium.org\/hypersomnia-medical-disorder\/","url":"https:\/\/sleepconsortium.org\/hypersomnia-medical-disorder\/","name":"Hypersomnia due to a Medical Disorder | Sleep Consortium","isPartOf":{"@id":"https:\/\/sleepconsortium.org\/#website"},"datePublished":"2022-03-23T19:04:16+00:00","dateModified":"2022-04-13T18:35:57+00:00","description":"Learn the four criteria that must be met for a diagnosis of hypersomnia due to a medical disorder to be made.","breadcrumb":{"@id":"https:\/\/sleepconsortium.org\/hypersomnia-medical-disorder\/#breadcrumb"},"inLanguage":"fr-FR","potentialAction":[{"@type":"ReadAction","target":["https:\/\/sleepconsortium.org\/hypersomnia-medical-disorder\/"]}]},{"@type":"BreadcrumbList","@id":"https:\/\/sleepconsortium.org\/hypersomnia-medical-disorder\/#breadcrumb","itemListElement":[{"@type":"ListItem","position":1,"name":"Home","item":"https:\/\/sleepconsortium.org\/"},{"@type":"ListItem","position":2,"name":"Hypersomnia due to a Medical Disorder"}]},{"@type":"WebSite","@id":"https:\/\/sleepconsortium.org\/#website","url":"https:\/\/sleepconsortium.org\/","name":"Consortium du sommeil","description":"Acc\u00e9l\u00e9rer la recherche mondiale sur les troubles centraux de l'hypersomnolence","publisher":{"@id":"https:\/\/sleepconsortium.org\/#organization"},"potentialAction":[{"@type":"SearchAction","target":{"@type":"EntryPoint","urlTemplate":"https:\/\/sleepconsortium.org\/?s={search_term_string}"},"query-input":{"@type":"PropertyValueSpecification","valueRequired":true,"valueName":"search_term_string"}}],"inLanguage":"fr-FR"},{"@type":"Organization","@id":"https:\/\/sleepconsortium.org\/#organization","name":"Consortium du sommeil","url":"https:\/\/sleepconsortium.org\/","logo":{"@type":"ImageObject","inLanguage":"fr-FR","@id":"https:\/\/sleepconsortium.org\/#\/schema\/logo\/image\/","url":"https:\/\/sleepconsortium.org\/wp-content\/uploads\/2022\/02\/logo-gradient-2.svg","contentUrl":"https:\/\/sleepconsortium.org\/wp-content\/uploads\/2022\/02\/logo-gradient-2.svg","width":836,"height":132,"caption":"Sleep Consortium"},"image":{"@id":"https:\/\/sleepconsortium.org\/#\/schema\/logo\/image\/"}}]}},"_links":{"self":[{"href":"https:\/\/sleepconsortium.org\/fr\/wp-json\/wp\/v2\/pages\/2301","targetHints":{"allow":["GET"]}}],"collection":[{"href":"https:\/\/sleepconsortium.org\/fr\/wp-json\/wp\/v2\/pages"}],"about":[{"href":"https:\/\/sleepconsortium.org\/fr\/wp-json\/wp\/v2\/types\/page"}],"author":[{"embeddable":true,"href":"https:\/\/sleepconsortium.org\/fr\/wp-json\/wp\/v2\/users\/1"}],"replies":[{"embeddable":true,"href":"https:\/\/sleepconsortium.org\/fr\/wp-json\/wp\/v2\/comments?post=2301"}],"version-history":[{"count":0,"href":"https:\/\/sleepconsortium.org\/fr\/wp-json\/wp\/v2\/pages\/2301\/revisions"}],"wp:attachment":[{"href":"https:\/\/sleepconsortium.org\/fr\/wp-json\/wp\/v2\/media?parent=2301"}],"curies":[{"name":"wp","href":"https:\/\/api.w.org\/{rel}","templated":true}]}}