{"id":2976,"date":"2022-04-14T14:56:43","date_gmt":"2022-04-14T14:56:43","guid":{"rendered":"https:\/\/sleepconsort.wpengine.com\/?page_id=2976"},"modified":"2022-04-14T14:57:48","modified_gmt":"2022-04-14T14:57:48","slug":"privacy-policy","status":"publish","type":"page","link":"https:\/\/sleepconsortium.org\/fr\/privacy-policy\/","title":{"rendered":"Politique de confidentialit\u00e9"},"content":{"rendered":"<div data-elementor-type=\"wp-page\" data-elementor-id=\"2976\" class=\"elementor elementor-2976\" data-elementor-post-type=\"page\">\n\t\t\t\t\t\t<section data-uael-partstyle=\"nasa\" data-uael-partcolor=\"#15A472\" data-uael-partopacity=\"0.5\" data-uael-partdirection=\"bottom\" data-uael-partnum=\"30\" data-uael-partsize=\"4\" data-uael-partspeed=\"0.5\" data-uael-interactive=\"yes\" class=\"elementor-section elementor-top-section elementor-element elementor-element-aa93b7c elementor-section-height-min-height elementor-section-content-middle uael-particle-yes uael-particle-adv-yes elementor-section-boxed elementor-section-height-default elementor-section-items-middle\" data-id=\"aa93b7c\" data-element_type=\"section\" data-e-type=\"section\" data-settings=\"{&quot;background_background&quot;:&quot;classic&quot;}\">\n\t\t\t\t\t\t\t<div class=\"elementor-background-overlay\"><\/div>\n\t\t\t\t\t\t\t<div class=\"elementor-container elementor-column-gap-default\">\n\t\t\t\t\t<div class=\"elementor-column elementor-col-100 elementor-top-column elementor-element elementor-element-48fa86d elementor-invisible\" data-id=\"48fa86d\" data-element_type=\"column\" data-e-type=\"column\" data-settings=\"{&quot;animation&quot;:&quot;fadeIn&quot;}\">\n\t\t\t<div class=\"elementor-widget-wrap elementor-element-populated\">\n\t\t\t\t\t\t<div class=\"elementor-element elementor-element-59dc918 elementor-widget elementor-widget-heading\" data-id=\"59dc918\" data-element_type=\"widget\" data-e-type=\"widget\" data-widget_type=\"heading.default\">\n\t\t\t\t<div class=\"elementor-widget-container\">\n\t\t\t\t\t<h1 class=\"elementor-heading-title elementor-size-default\">Politique de confidentialit\u00e9<\/h1>\t\t\t\t<\/div>\n\t\t\t\t<\/div>\n\t\t\t\t\t<\/div>\n\t\t<\/div>\n\t\t\t\t\t<\/div>\n\t\t<\/section>\n\t\t\t\t<section class=\"elementor-section elementor-top-section elementor-element elementor-element-8ee2a74 elementor-section-boxed elementor-section-height-default elementor-section-height-default\" data-id=\"8ee2a74\" data-element_type=\"section\" data-e-type=\"section\" data-settings=\"{&quot;background_background&quot;:&quot;classic&quot;}\">\n\t\t\t\t\t\t<div class=\"elementor-container elementor-column-gap-default\">\n\t\t\t\t\t<div class=\"elementor-column elementor-col-100 elementor-top-column elementor-element elementor-element-ec3340f\" data-id=\"ec3340f\" data-element_type=\"column\" data-e-type=\"column\">\n\t\t\t<div class=\"elementor-widget-wrap elementor-element-populated\">\n\t\t\t\t\t\t<div class=\"elementor-element elementor-element-ea5994d elementor-widget elementor-widget-text-editor\" data-id=\"ea5994d\" data-element_type=\"widget\" data-e-type=\"widget\" data-widget_type=\"text-editor.default\">\n\t\t\t\t<div class=\"elementor-widget-container\">\n\t\t\t\t\t\t\t\t\t<p><strong>G\u00e9n\u00e9ral<\/strong><br \/>Nous nous engageons \u00e0 prot\u00e9ger votre vie priv\u00e9e. Cette politique de confidentialit\u00e9 explique quelles informations nous collectons sur les utilisateurs de notre site web et comment nous les utilisons. Notre site web contient des liens vers d'autres sites qui \u00e9chappent \u00e0 notre contr\u00f4le et ne sont pas couverts par la pr\u00e9sente politique de confidentialit\u00e9. Si vous acc\u00e9dez \u00e0 d'autres sites en utilisant les liens fournis, vos informations peuvent \u00eatre utilis\u00e9es par les op\u00e9rateurs de ces sites conform\u00e9ment \u00e0 leur politique de confidentialit\u00e9, qui peut diff\u00e9rer de la n\u00f4tre.<\/p><p><strong>Quelles sont les informations que nous recueillons ?<\/strong><br \/>Nous recueillons des informations lorsque vous remplissez un formulaire. Lorsque vous nous contactez par l'interm\u00e9diaire de notre site, il peut vous \u00eatre demand\u00e9 de saisir votre nom, votre adresse \u00e9lectronique, votre adresse postale ou votre num\u00e9ro de t\u00e9l\u00e9phone.<\/p><p><strong>Que faisons-nous des informations que nous recueillons ?<\/strong><br \/>Les informations que nous recueillons aupr\u00e8s de vous peuvent \u00eatre utilis\u00e9es de l'une des mani\u00e8res suivantes :<br \/>- Am\u00e9liorer le service \u00e0 la client\u00e8le (vos informations nous aident \u00e0 r\u00e9pondre plus efficacement \u00e0 vos demandes de service \u00e0 la client\u00e8le et \u00e0 vos besoins d'assistance).<br \/>- Pour l'envoi de courriers \u00e9lectroniques p\u00e9riodiques. L'adresse \u00e9lectronique que vous fournissez peut \u00eatre utilis\u00e9e pour vous envoyer des informations et des mises \u00e0 jour relatives \u00e0 votre demande, ainsi que pour recevoir occasionnellement des nouvelles de l'entreprise, des mises \u00e0 jour ou des informations sur des produits ou des services connexes, etc.<\/p><p><strong>Marketing<\/strong><br \/>Pour ceux qui se sont inscrits \u00e0 un service, \u00e0 un produit ou \u00e0 une lettre d'information, nous pouvons utiliser vos informations pour vous avertir de l'existence d'informations pertinentes. Nous pouvons vous contacter par courrier \u00e9lectronique ou par t\u00e9l\u00e9phone. Si, \u00e0 tout moment, vous d\u00e9cidez de ne plus \u00eatre contact\u00e9 par nous ou de ne plus recevoir d'informations, veuillez nous contacter et nous vous retirerons de notre liste.<\/p><p><strong>Divulgation de vos informations<\/strong><br \/>Nous ne vendons pas, n'\u00e9changeons pas et ne transf\u00e9rons pas de quelque mani\u00e8re que ce soit \u00e0 des tiers vos informations personnelles identifiables. Cela n'inclut pas les tiers de confiance qui nous aident \u00e0 exploiter notre site web, \u00e0 mener nos activit\u00e9s ou \u00e0 vous fournir des services, pour autant que ces parties acceptent de garder ces informations confidentielles. Nous pouvons \u00e9galement divulguer vos informations lorsque nous estimons qu'il est appropri\u00e9 de le faire pour respecter la loi, appliquer les politiques de notre site ou prot\u00e9ger nos droits, notre propri\u00e9t\u00e9 ou notre s\u00e9curit\u00e9, ou ceux d'autres personnes. Toutefois, les informations non personnellement identifiables concernant les visiteurs peuvent \u00eatre fournies \u00e0 d'autres parties \u00e0 des fins de marketing, de publicit\u00e9 ou autres.<\/p><p><strong>Utilisons-nous des cookies ?<\/strong><br \/>Oui. Les cookies sont de petits fichiers qu'un site ou son fournisseur de services transf\u00e8re sur le disque dur de votre ordinateur par l'interm\u00e9diaire de votre navigateur web (si vous l'autorisez), ce qui permet aux syst\u00e8mes des sites ou des fournisseurs de services de reconna\u00eetre votre navigateur et de capturer et m\u00e9moriser certaines informations. Nous utilisons des cookies pour compiler des donn\u00e9es globales sur le trafic et les interactions sur le site afin de pouvoir offrir de meilleures exp\u00e9riences et de meilleurs outils \u00e0 l'avenir. La plupart des navigateurs vous permettent de d\u00e9sactiver la fonction cookie. Si vous souhaitez savoir comment proc\u00e9der, consultez le menu d'aide de votre navigateur. Autorisez votre navigateur \u00e0 accepter les cookies si vous souhaitez utiliser les fonctionnalit\u00e9s de ce site.<\/p><p>Nous pouvons faire appel \u00e0 des prestataires de services tiers pour nous aider \u00e0 mieux comprendre les visiteurs de notre site. Ces prestataires de services ne sont pas autoris\u00e9s \u00e0 utiliser les informations collect\u00e9es en notre nom, sauf pour nous aider \u00e0 mener et \u00e0 am\u00e9liorer nos activit\u00e9s.<\/p><p><strong>Google Analytics<\/strong><br \/>Ce cookie nous permet de voir les informations relatives aux activit\u00e9s d'un utilisateur sur notre site web. Il s'agit notamment des pages consult\u00e9es, de la source et du temps pass\u00e9 par l'utilisateur sur notre site. Les informations sont d\u00e9personnalis\u00e9es et ne sont affich\u00e9es que sous forme de chiffres, ce qui signifie qu'il est impossible de remonter jusqu'\u00e0 l'utilisateur individuel. Cela prot\u00e8ge la vie priv\u00e9e de l'utilisateur et nous aide \u00e0 continuer \u00e0 fournir un contenu populaire et utile sur notre site web.<\/p><p><strong>Voir les r\u00e8gles de confidentialit\u00e9 de Google\u00a0<a href=\"https:\/\/policies.google.com\/?hl=en-US\">https:\/\/policies.google.com\/?hl=en-US<\/a><\/strong><\/p><p><strong>Google Adwords<\/strong><br \/>Gr\u00e2ce au code Google Adwords, nous sommes en mesure de d\u00e9terminer les mots-cl\u00e9s exacts qu'un client a utilis\u00e9s lors d'une recherche sur Google et qui l'ont conduit sur notre site web. Cela nous aide \u00e0 d\u00e9terminer l'objet de nos efforts de marketing, ce qui nous permet de faire un meilleur usage de notre budget de recherche payante.<\/p><p><strong>Mesures de suivi des appels<\/strong><br \/>Nous utilisons ce service pour mettre en place des num\u00e9ros de t\u00e9l\u00e9phone de suivi qui identifieront la source particuli\u00e8re que le client a utilis\u00e9e pour trouver notre site web. Cela nous permet de contr\u00f4ler nos m\u00e9thodes publicitaires \u00e0 l'avenir.<\/p><p><strong>Politique de confidentialit\u00e9 en ligne uniquement<\/strong><br \/>Cette politique de confidentialit\u00e9 en ligne ne s'applique qu'aux informations collect\u00e9es sur notre site web et non aux informations collect\u00e9es hors ligne.<\/p><p><strong>Votre consentement<\/strong><br \/>En utilisant notre site, vous acceptez notre politique de confidentialit\u00e9 en ligne.<\/p><p><strong>Modifications de notre politique de confidentialit\u00e9<\/strong><br \/>Toute modification de notre politique de confidentialit\u00e9 sera publi\u00e9e sur cette page.<\/p><p><strong>Nous contacter<\/strong><br \/>Si vous avez des questions concernant cette politique de confidentialit\u00e9, veuillez vous adresser \u00e0\u00a0<strong><a class=\"__mPS2id\" href=\"\/fr\/contact\/\">nous contacter<\/a><\/strong>.<\/p>\t\t\t\t\t\t\t\t<\/div>\n\t\t\t\t<\/div>\n\t\t\t\t\t<\/div>\n\t\t<\/div>\n\t\t\t\t\t<\/div>\n\t\t<\/section>\n\t\t\t\t<section class=\"elementor-section elementor-top-section elementor-element elementor-element-87ec02e elementor-section-full_width elementor-section-height-default elementor-section-height-default\" data-id=\"87ec02e\" data-element_type=\"section\" data-e-type=\"section\">\n\t\t\t\t\t\t<div class=\"elementor-container elementor-column-gap-default\">\n\t\t\t\t\t<div class=\"elementor-column elementor-col-100 elementor-top-column elementor-element elementor-element-37247b0\" data-id=\"37247b0\" data-element_type=\"column\" data-e-type=\"column\">\n\t\t\t<div class=\"elementor-widget-wrap elementor-element-populated\">\n\t\t\t\t\t\t<div class=\"elementor-element elementor-element-07ad596 elementor-widget-divider--view-line elementor-widget elementor-widget-divider\" data-id=\"07ad596\" data-element_type=\"widget\" data-e-type=\"widget\" data-widget_type=\"divider.default\">\n\t\t\t\t<div class=\"elementor-widget-container\">\n\t\t\t\t\t\t\t<div class=\"elementor-divider\">\n\t\t\t<span class=\"elementor-divider-separator\">\n\t\t\t\t\t\t<\/span>\n\t\t<\/div>\n\t\t\t\t\t\t<\/div>\n\t\t\t\t<\/div>\n\t\t\t\t\t<\/div>\n\t\t<\/div>\n\t\t\t\t\t<\/div>\n\t\t<\/section>\n\t\t\t\t<\/div>","protected":false},"excerpt":{"rendered":"<p>Privacy Policy GeneralWe are committed to protecting your privacy. This privacy policy explains what information we collect about users of our website and describes how we will use it. Our website contains links to other sites that are outside our control and are not covered by this privacy policy. If you access other sites using [&hellip;]<\/p>\n","protected":false},"author":1,"featured_media":0,"parent":0,"menu_order":0,"comment_status":"closed","ping_status":"closed","template":"","meta":{"inline_featured_image":false,"site-sidebar-layout":"no-sidebar","site-content-layout":"page-builder","ast-site-content-layout":"default","site-content-style":"default","site-sidebar-style":"default","ast-global-header-display":"","ast-banner-title-visibility":"","ast-main-header-display":"","ast-hfb-above-header-display":"","ast-hfb-below-header-display":"","ast-hfb-mobile-header-display":"","site-post-title":"disabled","ast-breadcrumbs-content":"","ast-featured-img":"disabled","footer-sml-layout":"","ast-disable-related-posts":"","theme-transparent-header-meta":"","adv-header-id-meta":"","stick-header-meta":"","header-above-stick-meta":"","header-main-stick-meta":"","header-below-stick-meta":"","astra-migrate-meta-layouts":"default","ast-page-background-enabled":"default","ast-page-background-meta":{"desktop":{"background-color":"var(--ast-global-color-4)","background-image":"","background-repeat":"repeat","background-position":"center center","background-size":"auto","background-attachment":"scroll","background-type":"","background-media":"","overlay-type":"","overlay-color":"","overlay-opacity":"","overlay-gradient":""},"tablet":{"background-color":"","background-image":"","background-repeat":"repeat","background-position":"center center","background-size":"auto","background-attachment":"scroll","background-type":"","background-media":"","overlay-type":"","overlay-color":"","overlay-opacity":"","overlay-gradient":""},"mobile":{"background-color":"","background-image":"","background-repeat":"repeat","background-position":"center center","background-size":"auto","background-attachment":"scroll","background-type":"","background-media":"","overlay-type":"","overlay-color":"","overlay-opacity":"","overlay-gradient":""}},"ast-content-background-meta":{"desktop":{"background-color":"var(--ast-global-color-5)","background-image":"","background-repeat":"repeat","background-position":"center center","background-size":"auto","background-attachment":"scroll","background-type":"","background-media":"","overlay-type":"","overlay-color":"","overlay-opacity":"","overlay-gradient":""},"tablet":{"background-color":"var(--ast-global-color-5)","background-image":"","background-repeat":"repeat","background-position":"center center","background-size":"auto","background-attachment":"scroll","background-type":"","background-media":"","overlay-type":"","overlay-color":"","overlay-opacity":"","overlay-gradient":""},"mobile":{"background-color":"var(--ast-global-color-5)","background-image":"","background-repeat":"repeat","background-position":"center center","background-size":"auto","background-attachment":"scroll","background-type":"","background-media":"","overlay-type":"","overlay-color":"","overlay-opacity":"","overlay-gradient":""}},"footnotes":""},"class_list":["post-2976","page","type-page","status-publish","hentry"],"yoast_head":"<!-- This site is optimized with the Yoast SEO plugin v27.4 - https:\/\/yoast.com\/product\/yoast-seo-wordpress\/ -->\n<title>Privacy Policy | Sleep Consortium<\/title>\n<meta name=\"description\" content=\"Contact information for Sleep Consortium and our founders Lindsay Jesteadt and Claire Crisp.\" \/>\n<meta name=\"robots\" content=\"index, follow, max-snippet:-1, max-image-preview:large, max-video-preview:-1\" \/>\n<link rel=\"canonical\" href=\"https:\/\/sleepconsortium.org\/fr\/privacy-policy\/\" \/>\n<meta property=\"og:locale\" content=\"fr_FR\" \/>\n<meta property=\"og:type\" content=\"article\" \/>\n<meta property=\"og:title\" content=\"Privacy Policy | Sleep Consortium\" \/>\n<meta property=\"og:description\" content=\"Contact information for Sleep Consortium and our founders Lindsay Jesteadt and Claire Crisp.\" \/>\n<meta property=\"og:url\" content=\"https:\/\/sleepconsortium.org\/fr\/privacy-policy\/\" \/>\n<meta property=\"og:site_name\" content=\"Sleep Consortium\" \/>\n<meta property=\"article:modified_time\" content=\"2022-04-14T14:57:48+00:00\" \/>\n<meta name=\"twitter:card\" content=\"summary_large_image\" \/>\n<meta name=\"twitter:label1\" content=\"Est. reading time\" \/>\n\t<meta name=\"twitter:data1\" content=\"4 minutes\" \/>\n<script type=\"application\/ld+json\" class=\"yoast-schema-graph\">{\"@context\":\"https:\\\/\\\/schema.org\",\"@graph\":[{\"@type\":\"WebPage\",\"@id\":\"https:\\\/\\\/sleepconsortium.org\\\/privacy-policy\\\/\",\"url\":\"https:\\\/\\\/sleepconsortium.org\\\/privacy-policy\\\/\",\"name\":\"Privacy Policy | Sleep Consortium\",\"isPartOf\":{\"@id\":\"https:\\\/\\\/sleepconsortium.org\\\/#website\"},\"datePublished\":\"2022-04-14T14:56:43+00:00\",\"dateModified\":\"2022-04-14T14:57:48+00:00\",\"description\":\"Contact information for Sleep Consortium and our founders Lindsay Jesteadt and Claire Crisp.\",\"breadcrumb\":{\"@id\":\"https:\\\/\\\/sleepconsortium.org\\\/privacy-policy\\\/#breadcrumb\"},\"inLanguage\":\"fr-FR\",\"potentialAction\":[{\"@type\":\"ReadAction\",\"target\":[\"https:\\\/\\\/sleepconsortium.org\\\/privacy-policy\\\/\"]}]},{\"@type\":\"BreadcrumbList\",\"@id\":\"https:\\\/\\\/sleepconsortium.org\\\/privacy-policy\\\/#breadcrumb\",\"itemListElement\":[{\"@type\":\"ListItem\",\"position\":1,\"name\":\"Home\",\"item\":\"https:\\\/\\\/sleepconsortium.org\\\/\"},{\"@type\":\"ListItem\",\"position\":2,\"name\":\"Privacy Policy\"}]},{\"@type\":\"WebSite\",\"@id\":\"https:\\\/\\\/sleepconsortium.org\\\/#website\",\"url\":\"https:\\\/\\\/sleepconsortium.org\\\/\",\"name\":\"Sleep Consortium\",\"description\":\"Accelerating Global Research for Central Disorders of Hypersomnolence\",\"publisher\":{\"@id\":\"https:\\\/\\\/sleepconsortium.org\\\/#organization\"},\"potentialAction\":[{\"@type\":\"SearchAction\",\"target\":{\"@type\":\"EntryPoint\",\"urlTemplate\":\"https:\\\/\\\/sleepconsortium.org\\\/?s={search_term_string}\"},\"query-input\":{\"@type\":\"PropertyValueSpecification\",\"valueRequired\":true,\"valueName\":\"search_term_string\"}}],\"inLanguage\":\"fr-FR\"},{\"@type\":\"Organization\",\"@id\":\"https:\\\/\\\/sleepconsortium.org\\\/#organization\",\"name\":\"Sleep Consortium\",\"url\":\"https:\\\/\\\/sleepconsortium.org\\\/\",\"logo\":{\"@type\":\"ImageObject\",\"inLanguage\":\"fr-FR\",\"@id\":\"https:\\\/\\\/sleepconsortium.org\\\/#\\\/schema\\\/logo\\\/image\\\/\",\"url\":\"https:\\\/\\\/sleepconsortium.org\\\/wp-content\\\/uploads\\\/2022\\\/02\\\/logo-gradient-2.svg\",\"contentUrl\":\"https:\\\/\\\/sleepconsortium.org\\\/wp-content\\\/uploads\\\/2022\\\/02\\\/logo-gradient-2.svg\",\"width\":836,\"height\":132,\"caption\":\"Sleep Consortium\"},\"image\":{\"@id\":\"https:\\\/\\\/sleepconsortium.org\\\/#\\\/schema\\\/logo\\\/image\\\/\"}}]}<\/script>\n<!-- \/ Yoast SEO plugin. -->","yoast_head_json":{"title":"Privacy Policy | Sleep Consortium","description":"Coordonn\u00e9es de Sleep Consortium et de ses fondatrices Lindsay Jesteadt et Claire Crisp.","robots":{"index":"index","follow":"follow","max-snippet":"max-snippet:-1","max-image-preview":"max-image-preview:large","max-video-preview":"max-video-preview:-1"},"canonical":"https:\/\/sleepconsortium.org\/fr\/privacy-policy\/","og_locale":"fr_FR","og_type":"article","og_title":"Privacy Policy | Sleep Consortium","og_description":"Contact information for Sleep Consortium and our founders Lindsay Jesteadt and Claire Crisp.","og_url":"https:\/\/sleepconsortium.org\/fr\/privacy-policy\/","og_site_name":"Sleep Consortium","article_modified_time":"2022-04-14T14:57:48+00:00","twitter_card":"summary_large_image","twitter_misc":{"Est. reading time":"4 minutes"},"schema":{"@context":"https:\/\/schema.org","@graph":[{"@type":"WebPage","@id":"https:\/\/sleepconsortium.org\/privacy-policy\/","url":"https:\/\/sleepconsortium.org\/privacy-policy\/","name":"Privacy Policy | Sleep Consortium","isPartOf":{"@id":"https:\/\/sleepconsortium.org\/#website"},"datePublished":"2022-04-14T14:56:43+00:00","dateModified":"2022-04-14T14:57:48+00:00","description":"Coordonn\u00e9es de Sleep Consortium et de ses fondatrices Lindsay Jesteadt et Claire Crisp.","breadcrumb":{"@id":"https:\/\/sleepconsortium.org\/privacy-policy\/#breadcrumb"},"inLanguage":"fr-FR","potentialAction":[{"@type":"ReadAction","target":["https:\/\/sleepconsortium.org\/privacy-policy\/"]}]},{"@type":"BreadcrumbList","@id":"https:\/\/sleepconsortium.org\/privacy-policy\/#breadcrumb","itemListElement":[{"@type":"ListItem","position":1,"name":"Home","item":"https:\/\/sleepconsortium.org\/"},{"@type":"ListItem","position":2,"name":"Privacy Policy"}]},{"@type":"WebSite","@id":"https:\/\/sleepconsortium.org\/#website","url":"https:\/\/sleepconsortium.org\/","name":"Consortium du sommeil","description":"Acc\u00e9l\u00e9rer la recherche mondiale sur les troubles centraux de l'hypersomnolence","publisher":{"@id":"https:\/\/sleepconsortium.org\/#organization"},"potentialAction":[{"@type":"SearchAction","target":{"@type":"EntryPoint","urlTemplate":"https:\/\/sleepconsortium.org\/?s={search_term_string}"},"query-input":{"@type":"PropertyValueSpecification","valueRequired":true,"valueName":"search_term_string"}}],"inLanguage":"fr-FR"},{"@type":"Organization","@id":"https:\/\/sleepconsortium.org\/#organization","name":"Consortium du sommeil","url":"https:\/\/sleepconsortium.org\/","logo":{"@type":"ImageObject","inLanguage":"fr-FR","@id":"https:\/\/sleepconsortium.org\/#\/schema\/logo\/image\/","url":"https:\/\/sleepconsortium.org\/wp-content\/uploads\/2022\/02\/logo-gradient-2.svg","contentUrl":"https:\/\/sleepconsortium.org\/wp-content\/uploads\/2022\/02\/logo-gradient-2.svg","width":836,"height":132,"caption":"Sleep Consortium"},"image":{"@id":"https:\/\/sleepconsortium.org\/#\/schema\/logo\/image\/"}}]}},"_links":{"self":[{"href":"https:\/\/sleepconsortium.org\/fr\/wp-json\/wp\/v2\/pages\/2976","targetHints":{"allow":["GET"]}}],"collection":[{"href":"https:\/\/sleepconsortium.org\/fr\/wp-json\/wp\/v2\/pages"}],"about":[{"href":"https:\/\/sleepconsortium.org\/fr\/wp-json\/wp\/v2\/types\/page"}],"author":[{"embeddable":true,"href":"https:\/\/sleepconsortium.org\/fr\/wp-json\/wp\/v2\/users\/1"}],"replies":[{"embeddable":true,"href":"https:\/\/sleepconsortium.org\/fr\/wp-json\/wp\/v2\/comments?post=2976"}],"version-history":[{"count":0,"href":"https:\/\/sleepconsortium.org\/fr\/wp-json\/wp\/v2\/pages\/2976\/revisions"}],"wp:attachment":[{"href":"https:\/\/sleepconsortium.org\/fr\/wp-json\/wp\/v2\/media?parent=2976"}],"curies":[{"name":"wp","href":"https:\/\/api.w.org\/{rel}","templated":true}]}}