{"id":3271,"date":"2023-05-22T22:46:19","date_gmt":"2023-05-22T22:46:19","guid":{"rendered":"https:\/\/sleepconsort.wpengine.com\/?page_id=3271"},"modified":"2024-09-17T10:43:02","modified_gmt":"2024-09-17T14:43:02","slug":"news","status":"publish","type":"page","link":"https:\/\/sleepconsortium.org\/fr\/news\/","title":{"rendered":"Actualit\u00e9s et presse"},"content":{"rendered":"<div data-elementor-type=\"wp-page\" data-elementor-id=\"3271\" class=\"elementor elementor-3271\" data-elementor-post-type=\"page\">\n\t\t\t\t\t\t<section data-uael-partstyle=\"nasa\" data-uael-partcolor=\"#52B7AA\" data-uael-partopacity=\"0.5\" data-uael-partdirection=\"bottom\" data-uael-partnum=\"25\" data-uael-partsize=\"5\" data-uael-partspeed=\"0.5\" data-uael-interactive=\"yes\" class=\"elementor-section elementor-top-section elementor-element elementor-element-aa93b7c elementor-section-height-min-height elementor-section-content-middle uael-particle-yes uael-particle-adv-yes elementor-section-boxed elementor-section-height-default elementor-section-items-middle\" data-id=\"aa93b7c\" data-element_type=\"section\" data-e-type=\"section\" data-settings=\"{&quot;background_background&quot;:&quot;classic&quot;}\">\n\t\t\t\t\t\t\t<div class=\"elementor-background-overlay\"><\/div>\n\t\t\t\t\t\t\t<div class=\"elementor-container elementor-column-gap-default\">\n\t\t\t\t\t<div class=\"elementor-column elementor-col-100 elementor-top-column elementor-element elementor-element-48fa86d elementor-invisible\" data-id=\"48fa86d\" data-element_type=\"column\" data-e-type=\"column\" data-settings=\"{&quot;animation&quot;:&quot;fadeIn&quot;}\">\n\t\t\t<div class=\"elementor-widget-wrap elementor-element-populated\">\n\t\t\t\t\t\t<div class=\"elementor-element elementor-element-59dc918 elementor-widget elementor-widget-heading\" data-id=\"59dc918\" data-element_type=\"widget\" data-e-type=\"widget\" data-widget_type=\"heading.default\">\n\t\t\t\t<div class=\"elementor-widget-container\">\n\t\t\t\t\t<h1 class=\"elementor-heading-title elementor-size-default\">Actualit\u00e9s et presse<\/h1>\t\t\t\t<\/div>\n\t\t\t\t<\/div>\n\t\t\t\t\t<\/div>\n\t\t<\/div>\n\t\t\t\t\t<\/div>\n\t\t<\/section>\n\t\t\t\t<section class=\"elementor-section elementor-top-section elementor-element elementor-element-6339c00 elementor-section-boxed elementor-section-height-default elementor-section-height-default\" data-id=\"6339c00\" data-element_type=\"section\" data-e-type=\"section\">\n\t\t\t\t\t\t<div class=\"elementor-container elementor-column-gap-default\">\n\t\t\t\t\t<div class=\"elementor-column elementor-col-100 elementor-top-column elementor-element elementor-element-9422cd6\" data-id=\"9422cd6\" data-element_type=\"column\" data-e-type=\"column\">\n\t\t\t<div class=\"elementor-widget-wrap elementor-element-populated\">\n\t\t\t\t\t\t<div class=\"elementor-element elementor-element-0ce4320 elementor-widget elementor-widget-uael-posts\" data-id=\"0ce4320\" data-element_type=\"widget\" data-e-type=\"widget\" data-settings=\"{&quot;classic_slides_to_show&quot;:3,&quot;classic_slides_to_show_tablet&quot;:2,&quot;classic_slides_to_show_mobile&quot;:1,&quot;classic_show_filters&quot;:&quot;no&quot;}\" data-widget_type=\"uael-posts.classic\">\n\t\t\t\t<div class=\"elementor-widget-container\">\n\t\t\t\t\t\t\t<div class=\"uael-post__header\">\n\t\t\t\t\t<\/div>\n\t\t<div class=\"uael-post__body\">\n\t\t\t\n\t\t\n\t\t<div class=\"uael-blog-terms-position- uael-post-image-top uael-post-grid uael-posts\" data-query-type=\"custom\" data-structure=\"normal\" data-layout=\"\" data-page=\"3271\" data-skin=\"classic\" data-filter-default=\"\" data-offset-top=\"30\" >\n\n\t\t\t\t\t\t\t<div class=\"uael-post-grid__inner uael-post__columns-3 uael-post__columns-tablet-2 uael-post__columns-mobile-1\">\n\t\t\t\n<div class=\"uael-post-wrapper   news\">\n\t<div class=\"uael-post__bg-wrap uael-bg-wrap-disabled\">\n\n\t\t\t\t\n\t\t<div class=\"uael-post__inner-wrap uael-inner-wrap-disabled\">\n\n\t\t\n\t\t\t\n\t\t\t<div class=\"uael-post__content-wrap uael-content-wrap-disabled\">\n\t\t\t\t\t<h3 class=\"uael-post__title\">\n\n\t\t\n\t\t\t\t\t\t<a href=\"https:\/\/sleepconsortium.org\/fr\/news\/sleep-consortium-announces-the-illuminate-hypersomnia-adjunct-scientific-meeting-to-tackle-drug-development-challenges-for-idiopathic-hypersomnia\/\" target=\"_self\">\n\t\t\t\tLe consortium du sommeil annonce la r\u00e9union scientifique auxiliaire Illuminate Hypersomnia pour relever les d\u00e9fis du d\u00e9veloppement de m\u00e9dicaments pour l'hypersomnie idiopathique.\t\t\t<\/a>\n\n\t\t\t\t<\/h3>\n\t\t\t\t\t<div class=\"uael-post__meta-data\">\n\t\t\t\t\t<span class=\"uael-post__date\">\n\t\t\t\t\t\t\t\t\t\t\t\t\t<i aria-hidden=\"true\" class=\"fa fa-calendar\"><\/i>\t\t\t\t\t\t\t\t\t\n\t\t\t26 novembre 2024\t\t<\/span>\n\t\t\t\t<\/div>\n\t\t\n\t\t<div class=\"uael-post__excerpt\">\n\t\t\tWest Palm Beach, FL - 26 novembre 2024 - Le Sleep Consortium, en collaboration avec une coalition d'organisations partenaires et de sponsors, est heureux de ...\t\t<\/div>\n\n\t\t\t\t\t<a class=\"uael-post__read-more elementor-button\" href=\"https:\/\/sleepconsortium.org\/fr\/news\/sleep-consortium-announces-the-illuminate-hypersomnia-adjunct-scientific-meeting-to-tackle-drug-development-challenges-for-idiopathic-hypersomnia\/\" target=\"_self\" aria-labelledby=\"uael-post-3961\">\n\t\t\t\t\t<span class=\"elementor-button-content-wrapper\">\n\t\t\t\t\t\t\t\t\t\t\t\t\t\t<span class=\"elementor-button-icon elementor-align-icon-left\">\n\n\t\t\t\t\t\t\t\t\t\n\t\t\t\t\t\t\t\t<\/span>\n\t\t\t\t\t\t\t\t\t\t\t\t\t\n\t\t\t\t\t\t<span class=\"elementor-button-text\" id=\"uael-post-3961\">Lire la suite \u2192<\/span>\n\t\t\t\t\t<\/span>\n\t\t\t\t<\/a>\n\t\t\t\t\t\t<\/div>\n\t\t\t\n\t\t<\/div>\n\t\t\n\t<\/div>\n\n<\/div>\n\n<div class=\"uael-post-wrapper   news\">\n\t<div class=\"uael-post__bg-wrap uael-bg-wrap-disabled\">\n\n\t\t\t\t\n\t\t<div class=\"uael-post__inner-wrap uael-inner-wrap-disabled\">\n\n\t\t\n\t\t\t\n\t\t\t<div class=\"uael-post__content-wrap uael-content-wrap-disabled\">\n\t\t\t\t\t<h3 class=\"uael-post__title\">\n\n\t\t\n\t\t\t\t\t\t<a href=\"https:\/\/sleepconsortium.org\/fr\/news\/voice-of-the-patient-report-documents-crucial-insights-into-living-with-idiopathic-hypersomnia\/\" target=\"_self\">\n\t\t\t\tLe rapport Voice of the Patient documente des informations cruciales sur la vie avec l'hypersomnie idiopathique\t\t\t<\/a>\n\n\t\t\t\t<\/h3>\n\t\t\t\t\t<div class=\"uael-post__meta-data\">\n\t\t\t\t\t<span class=\"uael-post__date\">\n\t\t\t\t\t\t\t\t\t\t\t\t\t<i aria-hidden=\"true\" class=\"fa fa-calendar\"><\/i>\t\t\t\t\t\t\t\t\t\n\t\t\t17 septembre 2024\t\t<\/span>\n\t\t\t\t<\/div>\n\t\t\n\t\t<div class=\"uael-post__excerpt\">\n\t\t\tLe Sleep Consortium, en partenariat avec une coalition d'organisations mondiales de d\u00e9fense des patients li\u00e9s au sommeil, est fier d'annoncer la publication du rapport \"Voice of the Patient\" sur ...\t\t<\/div>\n\n\t\t\t\t\t<a class=\"uael-post__read-more elementor-button\" href=\"https:\/\/sleepconsortium.org\/fr\/news\/voice-of-the-patient-report-documents-crucial-insights-into-living-with-idiopathic-hypersomnia\/\" target=\"_self\" aria-labelledby=\"uael-post-3933\">\n\t\t\t\t\t<span class=\"elementor-button-content-wrapper\">\n\t\t\t\t\t\t\t\t\t\t\t\t\t\t<span class=\"elementor-button-icon elementor-align-icon-left\">\n\n\t\t\t\t\t\t\t\t\t\n\t\t\t\t\t\t\t\t<\/span>\n\t\t\t\t\t\t\t\t\t\t\t\t\t\n\t\t\t\t\t\t<span class=\"elementor-button-text\" id=\"uael-post-3933\">Lire la suite \u2192<\/span>\n\t\t\t\t\t<\/span>\n\t\t\t\t<\/a>\n\t\t\t\t\t\t<\/div>\n\t\t\t\n\t\t<\/div>\n\t\t\n\t<\/div>\n\n<\/div>\n\n<div class=\"uael-post-wrapper   news\">\n\t<div class=\"uael-post__bg-wrap uael-bg-wrap-disabled\">\n\n\t\t\t\t\n\t\t<div class=\"uael-post__inner-wrap uael-inner-wrap-disabled\">\n\n\t\t\n\t\t\t\n\t\t\t<div class=\"uael-post__content-wrap uael-content-wrap-disabled\">\n\t\t\t\t\t<h3 class=\"uael-post__title\">\n\n\t\t\n\t\t\t\t\t\t<a href=\"https:\/\/sleepconsortium.org\/fr\/news\/groundbreaking-data-collection-platform-opens\/\" target=\"_self\">\n\t\t\t\tOuverture d'une plateforme de collecte de donn\u00e9es r\u00e9volutionnaire pour acc\u00e9l\u00e9rer la recherche sur les troubles centraux de l'hypersomnolence.\u00a0\t\t\t<\/a>\n\n\t\t\t\t<\/h3>\n\t\t\t\t\t<div class=\"uael-post__meta-data\">\n\t\t\t\t\t<span class=\"uael-post__date\">\n\t\t\t\t\t\t\t\t\t\t\t\t\t<i aria-hidden=\"true\" class=\"fa fa-calendar\"><\/i>\t\t\t\t\t\t\t\t\t\n\t\t\t14 mai 2024\t\t<\/span>\n\t\t\t\t<\/div>\n\t\t\n\t\t<div class=\"uael-post__excerpt\">\n\t\t\tSleep Consortium, en partenariat avec les principales organisations de d\u00e9fense des patients souffrant de troubles du sommeil, la communaut\u00e9 mondiale des patients et les principaux acteurs de l'industrie, est ravi d'annoncer le lancement de ...\t\t<\/div>\n\n\t\t\t\t\t<a class=\"uael-post__read-more elementor-button\" href=\"https:\/\/sleepconsortium.org\/fr\/news\/groundbreaking-data-collection-platform-opens\/\" target=\"_self\" aria-labelledby=\"uael-post-3918\">\n\t\t\t\t\t<span class=\"elementor-button-content-wrapper\">\n\t\t\t\t\t\t\t\t\t\t\t\t\t\t<span class=\"elementor-button-icon elementor-align-icon-left\">\n\n\t\t\t\t\t\t\t\t\t\n\t\t\t\t\t\t\t\t<\/span>\n\t\t\t\t\t\t\t\t\t\t\t\t\t\n\t\t\t\t\t\t<span class=\"elementor-button-text\" id=\"uael-post-3918\">Lire la suite \u2192<\/span>\n\t\t\t\t\t<\/span>\n\t\t\t\t<\/a>\n\t\t\t\t\t\t<\/div>\n\t\t\t\n\t\t<\/div>\n\t\t\n\t<\/div>\n\n<\/div>\n\n<div class=\"uael-post-wrapper   news\">\n\t<div class=\"uael-post__bg-wrap uael-bg-wrap-disabled\">\n\n\t\t\t\t\n\t\t<div class=\"uael-post__inner-wrap uael-inner-wrap-disabled\">\n\n\t\t\n\t\t\t\n\t\t\t<div class=\"uael-post__content-wrap uael-content-wrap-disabled\">\n\t\t\t\t\t<h3 class=\"uael-post__title\">\n\n\t\t\n\t\t\t\t\t\t<a href=\"https:\/\/sleepconsortium.org\/fr\/news\/new-patient-guidelines-how-to-navigate-living-with-a-sleep-disorder\/\" target=\"_self\">\n\t\t\t\tDirectives pour les nouveaux patients - Comment vivre avec un trouble du sommeil ?\t\t\t<\/a>\n\n\t\t\t\t<\/h3>\n\t\t\t\t\t<div class=\"uael-post__meta-data\">\n\t\t\t\t\t<span class=\"uael-post__date\">\n\t\t\t\t\t\t\t\t\t\t\t\t\t<i aria-hidden=\"true\" class=\"fa fa-calendar\"><\/i>\t\t\t\t\t\t\t\t\t\n\t\t\t8 mai 2024\t\t<\/span>\n\t\t\t\t<\/div>\n\t\t\n\t\t<div class=\"uael-post__excerpt\">\n\t\t\t\t\t<\/div>\n\n\t\t\t\t\t<a class=\"uael-post__read-more elementor-button\" href=\"https:\/\/sleepconsortium.org\/fr\/news\/new-patient-guidelines-how-to-navigate-living-with-a-sleep-disorder\/\" target=\"_self\" aria-labelledby=\"uael-post-3912\">\n\t\t\t\t\t<span class=\"elementor-button-content-wrapper\">\n\t\t\t\t\t\t\t\t\t\t\t\t\t\t<span class=\"elementor-button-icon elementor-align-icon-left\">\n\n\t\t\t\t\t\t\t\t\t\n\t\t\t\t\t\t\t\t<\/span>\n\t\t\t\t\t\t\t\t\t\t\t\t\t\n\t\t\t\t\t\t<span class=\"elementor-button-text\" id=\"uael-post-3912\">Lire la suite \u2192<\/span>\n\t\t\t\t\t<\/span>\n\t\t\t\t<\/a>\n\t\t\t\t\t\t<\/div>\n\t\t\t\n\t\t<\/div>\n\t\t\n\t<\/div>\n\n<\/div>\n\n<div class=\"uael-post-wrapper   news\">\n\t<div class=\"uael-post__bg-wrap uael-bg-wrap-disabled\">\n\n\t\t\t\t\n\t\t<div class=\"uael-post__inner-wrap uael-inner-wrap-disabled\">\n\n\t\t\n\t\t\t\n\t\t\t<div class=\"uael-post__content-wrap uael-content-wrap-disabled\">\n\t\t\t\t\t<h3 class=\"uael-post__title\">\n\n\t\t\n\t\t\t\t\t\t<a href=\"https:\/\/sleepconsortium.org\/fr\/news\/illuminate-hypersomnia-initiative-shines-light\/\" target=\"_self\">\n\t\t\t\tL'initiative Illuminate Hypersomnia met en lumi\u00e8re ce que c'est que de vivre avec une hypersomnie idiopathique\t\t\t<\/a>\n\n\t\t\t\t<\/h3>\n\t\t\t\t\t<div class=\"uael-post__meta-data\">\n\t\t\t\t\t<span class=\"uael-post__date\">\n\t\t\t\t\t\t\t\t\t\t\t\t\t<i aria-hidden=\"true\" class=\"fa fa-calendar\"><\/i>\t\t\t\t\t\t\t\t\t\n\t\t\t7 d\u00e9cembre 2023\t\t<\/span>\n\t\t\t\t<\/div>\n\t\t\n\t\t<div class=\"uael-post__excerpt\">\n\t\t\tSleep Consortium organise cette initiative historique en collaboration avec les organisations de d\u00e9fense des patients qui servent la communaut\u00e9 IH. Sleep Consortium a \u00e9t\u00e9 approuv\u00e9 par le...\t\t<\/div>\n\n\t\t\t\t\t<a class=\"uael-post__read-more elementor-button\" href=\"https:\/\/sleepconsortium.org\/fr\/news\/illuminate-hypersomnia-initiative-shines-light\/\" target=\"_self\" aria-labelledby=\"uael-post-3834\">\n\t\t\t\t\t<span class=\"elementor-button-content-wrapper\">\n\t\t\t\t\t\t\t\t\t\t\t\t\t\t<span class=\"elementor-button-icon elementor-align-icon-left\">\n\n\t\t\t\t\t\t\t\t\t\n\t\t\t\t\t\t\t\t<\/span>\n\t\t\t\t\t\t\t\t\t\t\t\t\t\n\t\t\t\t\t\t<span class=\"elementor-button-text\" id=\"uael-post-3834\">Lire la suite \u2192<\/span>\n\t\t\t\t\t<\/span>\n\t\t\t\t<\/a>\n\t\t\t\t\t\t<\/div>\n\t\t\t\n\t\t<\/div>\n\t\t\n\t<\/div>\n\n<\/div>\n\n<div class=\"uael-post-wrapper   news\">\n\t<div class=\"uael-post__bg-wrap uael-bg-wrap-disabled\">\n\n\t\t\t\t\n\t\t<div class=\"uael-post__inner-wrap uael-inner-wrap-disabled\">\n\n\t\t\n\t\t\t\n\t\t\t<div class=\"uael-post__content-wrap uael-content-wrap-disabled\">\n\t\t\t\t\t<h3 class=\"uael-post__title\">\n\n\t\t\n\t\t\t\t\t\t<a href=\"https:\/\/sleepconsortium.org\/fr\/news\/announcing-the-illuminate-hypersomnia-initiative\/\" target=\"_self\">\n\t\t\t\tAnnonce de l'initiative Illuminate Hypersomnia\t\t\t<\/a>\n\n\t\t\t\t<\/h3>\n\t\t\t\t\t<div class=\"uael-post__meta-data\">\n\t\t\t\t\t<span class=\"uael-post__date\">\n\t\t\t\t\t\t\t\t\t\t\t\t\t<i aria-hidden=\"true\" class=\"fa fa-calendar\"><\/i>\t\t\t\t\t\t\t\t\t\n\t\t\t7 novembre 2023\t\t<\/span>\n\t\t\t\t<\/div>\n\t\t\n\t\t<div class=\"uael-post__excerpt\">\n\t\t\tSleep Consortium organise cette initiative historique en collaboration avec les organisations de d\u00e9fense des patients qui servent la communaut\u00e9 IH. Sleep Consortium a \u00e9t\u00e9 approuv\u00e9 par le...\t\t<\/div>\n\n\t\t\t\t\t<a class=\"uael-post__read-more elementor-button\" href=\"https:\/\/sleepconsortium.org\/fr\/news\/announcing-the-illuminate-hypersomnia-initiative\/\" target=\"_self\" aria-labelledby=\"uael-post-3683\">\n\t\t\t\t\t<span class=\"elementor-button-content-wrapper\">\n\t\t\t\t\t\t\t\t\t\t\t\t\t\t<span class=\"elementor-button-icon elementor-align-icon-left\">\n\n\t\t\t\t\t\t\t\t\t\n\t\t\t\t\t\t\t\t<\/span>\n\t\t\t\t\t\t\t\t\t\t\t\t\t\n\t\t\t\t\t\t<span class=\"elementor-button-text\" id=\"uael-post-3683\">Lire la suite \u2192<\/span>\n\t\t\t\t\t<\/span>\n\t\t\t\t<\/a>\n\t\t\t\t\t\t<\/div>\n\t\t\t\n\t\t<\/div>\n\t\t\n\t<\/div>\n\n<\/div>\n\t\t\t\t<\/div>\n\t\t\t\t\t\t\n\t\t<\/div>\n\n\t\t\t\t\t\t<\/div>\n\t\t<div class=\"uael-post__footer\">\n\t\t\t\t\t<\/div>\n\t\t\t\t\t\t<\/div>\n\t\t\t\t<\/div>\n\t\t\t\t\t<\/div>\n\t\t<\/div>\n\t\t\t\t\t<\/div>\n\t\t<\/section>\n\t\t\t\t<\/div>","protected":false},"excerpt":{"rendered":"<p>News &amp; Press Voice of the Patient Report Documents Crucial Insights into Living with Idiopathic Hypersomnia September 17, 2024 The Sleep Consortium, in partnership with a coalition of global sleep-related patient advocacy organizations, proudly announces publication of the &#8220;Voice of the Patient&#8221; report on &#8230; Read More \u2192 Groundbreaking Data Collection Platform opens to accelerate [&hellip;]<\/p>\n","protected":false},"author":1,"featured_media":0,"parent":0,"menu_order":0,"comment_status":"closed","ping_status":"closed","template":"","meta":{"inline_featured_image":false,"site-sidebar-layout":"no-sidebar","site-content-layout":"page-builder","ast-site-content-layout":"default","site-content-style":"default","site-sidebar-style":"default","ast-global-header-display":"","ast-banner-title-visibility":"","ast-main-header-display":"","ast-hfb-above-header-display":"","ast-hfb-below-header-display":"","ast-hfb-mobile-header-display":"","site-post-title":"disabled","ast-breadcrumbs-content":"","ast-featured-img":"disabled","footer-sml-layout":"","ast-disable-related-posts":"","theme-transparent-header-meta":"","adv-header-id-meta":"","stick-header-meta":"","header-above-stick-meta":"","header-main-stick-meta":"","header-below-stick-meta":"","astra-migrate-meta-layouts":"default","ast-page-background-enabled":"default","ast-page-background-meta":{"desktop":{"background-color":"var(--ast-global-color-4)","background-image":"","background-repeat":"repeat","background-position":"center center","background-size":"auto","background-attachment":"scroll","background-type":"","background-media":"","overlay-type":"","overlay-color":"","overlay-opacity":"","overlay-gradient":""},"tablet":{"background-color":"","background-image":"","background-repeat":"repeat","background-position":"center center","background-size":"auto","background-attachment":"scroll","background-type":"","background-media":"","overlay-type":"","overlay-color":"","overlay-opacity":"","overlay-gradient":""},"mobile":{"background-color":"","background-image":"","background-repeat":"repeat","background-position":"center center","background-size":"auto","background-attachment":"scroll","background-type":"","background-media":"","overlay-type":"","overlay-color":"","overlay-opacity":"","overlay-gradient":""}},"ast-content-background-meta":{"desktop":{"background-color":"var(--ast-global-color-5)","background-image":"","background-repeat":"repeat","background-position":"center center","background-size":"auto","background-attachment":"scroll","background-type":"","background-media":"","overlay-type":"","overlay-color":"","overlay-opacity":"","overlay-gradient":""},"tablet":{"background-color":"var(--ast-global-color-5)","background-image":"","background-repeat":"repeat","background-position":"center center","background-size":"auto","background-attachment":"scroll","background-type":"","background-media":"","overlay-type":"","overlay-color":"","overlay-opacity":"","overlay-gradient":""},"mobile":{"background-color":"var(--ast-global-color-5)","background-image":"","background-repeat":"repeat","background-position":"center center","background-size":"auto","background-attachment":"scroll","background-type":"","background-media":"","overlay-type":"","overlay-color":"","overlay-opacity":"","overlay-gradient":""}},"footnotes":""},"class_list":["post-3271","page","type-page","status-publish","hentry"],"yoast_head":"<!-- This site is optimized with the Yoast SEO plugin v27.4 - https:\/\/yoast.com\/product\/yoast-seo-wordpress\/ -->\n<title>News &amp; Press | Sleep Consortium<\/title>\n<meta name=\"description\" content=\"Sleep Consortium is re-imagining data collection by creating a global comprehensive, federated database of CDoH omics and clinical data.\" \/>\n<meta name=\"robots\" content=\"index, follow, max-snippet:-1, max-image-preview:large, max-video-preview:-1\" \/>\n<link rel=\"canonical\" href=\"https:\/\/sleepconsortium.org\/fr\/news\/\" \/>\n<meta property=\"og:locale\" content=\"fr_FR\" \/>\n<meta property=\"og:type\" content=\"article\" \/>\n<meta property=\"og:title\" content=\"News &amp; Press | Sleep Consortium\" \/>\n<meta property=\"og:description\" content=\"Sleep Consortium is re-imagining data collection by creating a global comprehensive, federated database of CDoH omics and clinical data.\" \/>\n<meta property=\"og:url\" content=\"https:\/\/sleepconsortium.org\/fr\/news\/\" \/>\n<meta property=\"og:site_name\" content=\"Sleep Consortium\" \/>\n<meta property=\"article:modified_time\" content=\"2024-09-17T14:43:02+00:00\" \/>\n<meta property=\"og:image\" content=\"https:\/\/sleepconsortium.org\/wp-content\/uploads\/2022\/02\/mission-colors.jpg\" \/>\n\t<meta property=\"og:image:width\" content=\"800\" \/>\n\t<meta property=\"og:image:height\" content=\"533\" \/>\n\t<meta property=\"og:image:type\" content=\"image\/jpeg\" \/>\n<meta name=\"twitter:card\" content=\"summary_large_image\" \/>\n<meta name=\"twitter:image\" content=\"https:\/\/sleepconsortium.org\/wp-content\/uploads\/2022\/02\/mission-colors.jpg\" \/>\n<meta name=\"twitter:label1\" content=\"Est. reading time\" \/>\n\t<meta name=\"twitter:data1\" content=\"4 minutes\" \/>\n<script type=\"application\/ld+json\" class=\"yoast-schema-graph\">{\"@context\":\"https:\\\/\\\/schema.org\",\"@graph\":[{\"@type\":\"WebPage\",\"@id\":\"https:\\\/\\\/sleepconsortium.org\\\/news\\\/\",\"url\":\"https:\\\/\\\/sleepconsortium.org\\\/news\\\/\",\"name\":\"News & Press | Sleep Consortium\",\"isPartOf\":{\"@id\":\"https:\\\/\\\/sleepconsortium.org\\\/#website\"},\"datePublished\":\"2023-05-22T22:46:19+00:00\",\"dateModified\":\"2024-09-17T14:43:02+00:00\",\"description\":\"Sleep Consortium is re-imagining data collection by creating a global comprehensive, federated database of CDoH omics and clinical data.\",\"breadcrumb\":{\"@id\":\"https:\\\/\\\/sleepconsortium.org\\\/news\\\/#breadcrumb\"},\"inLanguage\":\"fr-FR\",\"potentialAction\":[{\"@type\":\"ReadAction\",\"target\":[\"https:\\\/\\\/sleepconsortium.org\\\/news\\\/\"]}]},{\"@type\":\"BreadcrumbList\",\"@id\":\"https:\\\/\\\/sleepconsortium.org\\\/news\\\/#breadcrumb\",\"itemListElement\":[{\"@type\":\"ListItem\",\"position\":1,\"name\":\"Home\",\"item\":\"https:\\\/\\\/sleepconsortium.org\\\/\"},{\"@type\":\"ListItem\",\"position\":2,\"name\":\"News &#038; Press\"}]},{\"@type\":\"WebSite\",\"@id\":\"https:\\\/\\\/sleepconsortium.org\\\/#website\",\"url\":\"https:\\\/\\\/sleepconsortium.org\\\/\",\"name\":\"Sleep Consortium\",\"description\":\"Accelerating Global Research for Central Disorders of Hypersomnolence\",\"publisher\":{\"@id\":\"https:\\\/\\\/sleepconsortium.org\\\/#organization\"},\"potentialAction\":[{\"@type\":\"SearchAction\",\"target\":{\"@type\":\"EntryPoint\",\"urlTemplate\":\"https:\\\/\\\/sleepconsortium.org\\\/?s={search_term_string}\"},\"query-input\":{\"@type\":\"PropertyValueSpecification\",\"valueRequired\":true,\"valueName\":\"search_term_string\"}}],\"inLanguage\":\"fr-FR\"},{\"@type\":\"Organization\",\"@id\":\"https:\\\/\\\/sleepconsortium.org\\\/#organization\",\"name\":\"Sleep Consortium\",\"url\":\"https:\\\/\\\/sleepconsortium.org\\\/\",\"logo\":{\"@type\":\"ImageObject\",\"inLanguage\":\"fr-FR\",\"@id\":\"https:\\\/\\\/sleepconsortium.org\\\/#\\\/schema\\\/logo\\\/image\\\/\",\"url\":\"https:\\\/\\\/sleepconsortium.org\\\/wp-content\\\/uploads\\\/2022\\\/02\\\/logo-gradient-2.svg\",\"contentUrl\":\"https:\\\/\\\/sleepconsortium.org\\\/wp-content\\\/uploads\\\/2022\\\/02\\\/logo-gradient-2.svg\",\"width\":836,\"height\":132,\"caption\":\"Sleep Consortium\"},\"image\":{\"@id\":\"https:\\\/\\\/sleepconsortium.org\\\/#\\\/schema\\\/logo\\\/image\\\/\"}}]}<\/script>\n<!-- \/ Yoast SEO plugin. -->","yoast_head_json":{"title":"Actualit\u00e9s et presse | Sleep Consortium","description":"Le consortium du sommeil r\u00e9imagine la collecte de donn\u00e9es en cr\u00e9ant une base de donn\u00e9es globale et f\u00e9d\u00e9r\u00e9e de donn\u00e9es omiques et cliniques du CDoH.","robots":{"index":"index","follow":"follow","max-snippet":"max-snippet:-1","max-image-preview":"max-image-preview:large","max-video-preview":"max-video-preview:-1"},"canonical":"https:\/\/sleepconsortium.org\/fr\/news\/","og_locale":"fr_FR","og_type":"article","og_title":"News & Press | Sleep Consortium","og_description":"Sleep Consortium is re-imagining data collection by creating a global comprehensive, federated database of CDoH omics and clinical data.","og_url":"https:\/\/sleepconsortium.org\/fr\/news\/","og_site_name":"Sleep Consortium","article_modified_time":"2024-09-17T14:43:02+00:00","og_image":[{"width":800,"height":533,"url":"https:\/\/sleepconsortium.org\/wp-content\/uploads\/2022\/02\/mission-colors.jpg","type":"image\/jpeg"}],"twitter_card":"summary_large_image","twitter_image":"https:\/\/sleepconsortium.org\/wp-content\/uploads\/2022\/02\/mission-colors.jpg","twitter_misc":{"Est. reading time":"4 minutes"},"schema":{"@context":"https:\/\/schema.org","@graph":[{"@type":"WebPage","@id":"https:\/\/sleepconsortium.org\/news\/","url":"https:\/\/sleepconsortium.org\/news\/","name":"Actualit\u00e9s et presse | Sleep Consortium","isPartOf":{"@id":"https:\/\/sleepconsortium.org\/#website"},"datePublished":"2023-05-22T22:46:19+00:00","dateModified":"2024-09-17T14:43:02+00:00","description":"Le consortium du sommeil r\u00e9imagine la collecte de donn\u00e9es en cr\u00e9ant une base de donn\u00e9es globale et f\u00e9d\u00e9r\u00e9e de donn\u00e9es omiques et cliniques du CDoH.","breadcrumb":{"@id":"https:\/\/sleepconsortium.org\/news\/#breadcrumb"},"inLanguage":"fr-FR","potentialAction":[{"@type":"ReadAction","target":["https:\/\/sleepconsortium.org\/news\/"]}]},{"@type":"BreadcrumbList","@id":"https:\/\/sleepconsortium.org\/news\/#breadcrumb","itemListElement":[{"@type":"ListItem","position":1,"name":"Home","item":"https:\/\/sleepconsortium.org\/"},{"@type":"ListItem","position":2,"name":"News &#038; Press"}]},{"@type":"WebSite","@id":"https:\/\/sleepconsortium.org\/#website","url":"https:\/\/sleepconsortium.org\/","name":"Consortium du sommeil","description":"Acc\u00e9l\u00e9rer la recherche mondiale sur les troubles centraux de l'hypersomnolence","publisher":{"@id":"https:\/\/sleepconsortium.org\/#organization"},"potentialAction":[{"@type":"SearchAction","target":{"@type":"EntryPoint","urlTemplate":"https:\/\/sleepconsortium.org\/?s={search_term_string}"},"query-input":{"@type":"PropertyValueSpecification","valueRequired":true,"valueName":"search_term_string"}}],"inLanguage":"fr-FR"},{"@type":"Organization","@id":"https:\/\/sleepconsortium.org\/#organization","name":"Consortium du sommeil","url":"https:\/\/sleepconsortium.org\/","logo":{"@type":"ImageObject","inLanguage":"fr-FR","@id":"https:\/\/sleepconsortium.org\/#\/schema\/logo\/image\/","url":"https:\/\/sleepconsortium.org\/wp-content\/uploads\/2022\/02\/logo-gradient-2.svg","contentUrl":"https:\/\/sleepconsortium.org\/wp-content\/uploads\/2022\/02\/logo-gradient-2.svg","width":836,"height":132,"caption":"Sleep Consortium"},"image":{"@id":"https:\/\/sleepconsortium.org\/#\/schema\/logo\/image\/"}}]}},"_links":{"self":[{"href":"https:\/\/sleepconsortium.org\/fr\/wp-json\/wp\/v2\/pages\/3271","targetHints":{"allow":["GET"]}}],"collection":[{"href":"https:\/\/sleepconsortium.org\/fr\/wp-json\/wp\/v2\/pages"}],"about":[{"href":"https:\/\/sleepconsortium.org\/fr\/wp-json\/wp\/v2\/types\/page"}],"author":[{"embeddable":true,"href":"https:\/\/sleepconsortium.org\/fr\/wp-json\/wp\/v2\/users\/1"}],"replies":[{"embeddable":true,"href":"https:\/\/sleepconsortium.org\/fr\/wp-json\/wp\/v2\/comments?post=3271"}],"version-history":[{"count":0,"href":"https:\/\/sleepconsortium.org\/fr\/wp-json\/wp\/v2\/pages\/3271\/revisions"}],"wp:attachment":[{"href":"https:\/\/sleepconsortium.org\/fr\/wp-json\/wp\/v2\/media?parent=3271"}],"curies":[{"name":"wp","href":"https:\/\/api.w.org\/{rel}","templated":true}]}}