{"id":2976,"date":"2022-04-14T14:56:43","date_gmt":"2022-04-14T14:56:43","guid":{"rendered":"https:\/\/sleepconsort.wpengine.com\/?page_id=2976"},"modified":"2022-04-14T14:57:48","modified_gmt":"2022-04-14T14:57:48","slug":"privacy-policy","status":"publish","type":"page","link":"https:\/\/sleepconsortium.org\/pt\/privacy-policy\/","title":{"rendered":"Pol\u00edtica de privacidade"},"content":{"rendered":"<div data-elementor-type=\"wp-page\" data-elementor-id=\"2976\" class=\"elementor elementor-2976\" data-elementor-post-type=\"page\">\n\t\t\t\t\t\t<section data-uael-partstyle=\"nasa\" data-uael-partcolor=\"#15A472\" data-uael-partopacity=\"0.5\" data-uael-partdirection=\"bottom\" data-uael-partnum=\"30\" data-uael-partsize=\"4\" data-uael-partspeed=\"0.5\" data-uael-interactive=\"yes\" class=\"elementor-section elementor-top-section elementor-element elementor-element-aa93b7c elementor-section-height-min-height elementor-section-content-middle uael-particle-yes uael-particle-adv-yes elementor-section-boxed elementor-section-height-default elementor-section-items-middle\" data-id=\"aa93b7c\" data-element_type=\"section\" data-e-type=\"section\" data-settings=\"{&quot;background_background&quot;:&quot;classic&quot;}\">\n\t\t\t\t\t\t\t<div class=\"elementor-background-overlay\"><\/div>\n\t\t\t\t\t\t\t<div class=\"elementor-container elementor-column-gap-default\">\n\t\t\t\t\t<div class=\"elementor-column elementor-col-100 elementor-top-column elementor-element elementor-element-48fa86d elementor-invisible\" data-id=\"48fa86d\" data-element_type=\"column\" data-e-type=\"column\" data-settings=\"{&quot;animation&quot;:&quot;fadeIn&quot;}\">\n\t\t\t<div class=\"elementor-widget-wrap elementor-element-populated\">\n\t\t\t\t\t\t<div class=\"elementor-element elementor-element-59dc918 elementor-widget elementor-widget-heading\" data-id=\"59dc918\" data-element_type=\"widget\" data-e-type=\"widget\" data-widget_type=\"heading.default\">\n\t\t\t\t<div class=\"elementor-widget-container\">\n\t\t\t\t\t<h1 class=\"elementor-heading-title elementor-size-default\">Pol\u00edtica de privacidade<\/h1>\t\t\t\t<\/div>\n\t\t\t\t<\/div>\n\t\t\t\t\t<\/div>\n\t\t<\/div>\n\t\t\t\t\t<\/div>\n\t\t<\/section>\n\t\t\t\t<section class=\"elementor-section elementor-top-section elementor-element elementor-element-8ee2a74 elementor-section-boxed elementor-section-height-default elementor-section-height-default\" data-id=\"8ee2a74\" data-element_type=\"section\" data-e-type=\"section\" data-settings=\"{&quot;background_background&quot;:&quot;classic&quot;}\">\n\t\t\t\t\t\t<div class=\"elementor-container elementor-column-gap-default\">\n\t\t\t\t\t<div class=\"elementor-column elementor-col-100 elementor-top-column elementor-element elementor-element-ec3340f\" data-id=\"ec3340f\" data-element_type=\"column\" data-e-type=\"column\">\n\t\t\t<div class=\"elementor-widget-wrap elementor-element-populated\">\n\t\t\t\t\t\t<div class=\"elementor-element elementor-element-ea5994d elementor-widget elementor-widget-text-editor\" data-id=\"ea5994d\" data-element_type=\"widget\" data-e-type=\"widget\" data-widget_type=\"text-editor.default\">\n\t\t\t\t<div class=\"elementor-widget-container\">\n\t\t\t\t\t\t\t\t\t<p><strong>Geral<\/strong><br \/>Estamos empenhados em proteger a sua privacidade. Esta pol\u00edtica de privacidade explica quais as informa\u00e7\u00f5es que recolhemos sobre os utilizadores do nosso s\u00edtio Web e descreve a forma como as utilizamos. O nosso s\u00edtio Web cont\u00e9m liga\u00e7\u00f5es para outros s\u00edtios que est\u00e3o fora do nosso controlo e n\u00e3o s\u00e3o abrangidos por esta pol\u00edtica de privacidade. Se aceder a outros s\u00edtios utilizando as liga\u00e7\u00f5es fornecidas, as suas informa\u00e7\u00f5es podem ser utilizadas pelos operadores desses s\u00edtios de acordo com a sua pol\u00edtica de privacidade, que pode ser diferente da nossa.<\/p><p><strong>Que informa\u00e7\u00f5es recolhemos?<\/strong><br \/>Recolhemos informa\u00e7\u00f5es do utilizador quando este preenche um formul\u00e1rio. Quando nos contactar atrav\u00e9s do nosso site, conforme apropriado, poder\u00e1 ser-lhe pedido que introduza o seu nome, endere\u00e7o de correio eletr\u00f3nico, endere\u00e7o postal ou n\u00famero de telefone.<\/p><p><strong>O que \u00e9 que fazemos com as informa\u00e7\u00f5es que recolhemos?<\/strong><br \/>Todas as informa\u00e7\u00f5es que recolhemos do utilizador podem ser utilizadas de uma das seguintes formas:<br \/>- Para melhorar o servi\u00e7o ao cliente (as suas informa\u00e7\u00f5es ajudam-nos a responder mais eficazmente aos seus pedidos de servi\u00e7o ao cliente e \u00e0s suas necessidades de apoio).<br \/>- Para enviar mensagens de correio eletr\u00f3nico peri\u00f3dicas. O endere\u00e7o de correio eletr\u00f3nico que fornecer pode ser utilizado para lhe enviar informa\u00e7\u00f5es e actualiza\u00e7\u00f5es relacionadas com o seu pedido, para al\u00e9m de receber ocasionalmente not\u00edcias da empresa, actualiza\u00e7\u00f5es ou informa\u00e7\u00f5es relacionadas com produtos ou servi\u00e7os, etc.<\/p><p><strong>Marketing<\/strong><br \/>Para aqueles que se registaram para um servi\u00e7o, produto ou boletim informativo, podemos utilizar as suas informa\u00e7\u00f5es para o notificar sobre informa\u00e7\u00f5es relevantes. Poderemos contact\u00e1-lo por correio eletr\u00f3nico ou telefone. Se, em qualquer altura, decidir que n\u00e3o pretende continuar a ser contactado por n\u00f3s ou a receber informa\u00e7\u00f5es, contacte-nos e retir\u00e1-lo-emos da nossa lista.<\/p><p><strong>Divulga\u00e7\u00e3o das informa\u00e7\u00f5es do utilizador<\/strong><br \/>N\u00e3o vendemos, trocamos ou transferimos de outra forma para terceiros as suas informa\u00e7\u00f5es de identifica\u00e7\u00e3o pessoal. Isto n\u00e3o inclui terceiros de confian\u00e7a que nos ajudam a operar o nosso s\u00edtio Web, a conduzir o nosso neg\u00f3cio ou a prestar servi\u00e7os ao utilizador, desde que essas partes concordem em manter estas informa\u00e7\u00f5es confidenciais. Tamb\u00e9m podemos divulgar as suas informa\u00e7\u00f5es quando considerarmos que a divulga\u00e7\u00e3o \u00e9 adequada para cumprir a lei, aplicar as pol\u00edticas do nosso s\u00edtio ou proteger os nossos direitos, propriedade ou seguran\u00e7a ou os de terceiros. No entanto, as informa\u00e7\u00f5es n\u00e3o pessoalmente identific\u00e1veis dos visitantes podem ser fornecidas a outras partes para fins de marketing, publicidade ou outras utiliza\u00e7\u00f5es.<\/p><p><strong>Utilizamos cookies?<\/strong><br \/>Sim. Os cookies s\u00e3o pequenos ficheiros que um site ou o seu fornecedor de servi\u00e7os transfere para o disco r\u00edgido do seu computador atrav\u00e9s do seu browser (se o permitir), permitindo que os sistemas dos sites ou dos fornecedores de servi\u00e7os reconhe\u00e7am o seu browser e recolham e memorizem determinadas informa\u00e7\u00f5es. Utilizamos cookies para compilar dados agregados sobre o tr\u00e1fego e a intera\u00e7\u00e3o do s\u00edtio, de modo a podermos oferecer melhores experi\u00eancias e ferramentas no futuro. A maioria dos browsers permite-lhe desativar a fun\u00e7\u00e3o de cookies. Se quiser saber como o fazer, consulte o menu de ajuda do seu browser. Permita que o seu browser aceite cookies se quiser utilizar a funcionalidade deste s\u00edtio.<\/p><p>Podemos contratar prestadores de servi\u00e7os terceiros para nos ajudarem a compreender melhor os visitantes do nosso s\u00edtio. Estes prestadores de servi\u00e7os n\u00e3o est\u00e3o autorizados a utilizar as informa\u00e7\u00f5es recolhidas em nosso nome, exceto para nos ajudar a conduzir e melhorar a nossa atividade.<\/p><p><strong>Google Analytics<\/strong><br \/>Este cookie permite-nos ver informa\u00e7\u00f5es relativas \u00e0s actividades de um utilizador no nosso s\u00edtio Web. Isto inclui, mas n\u00e3o se limita a: visualiza\u00e7\u00f5es de p\u00e1ginas, fonte e o tempo que o utilizador passa no nosso s\u00edtio Web. A informa\u00e7\u00e3o \u00e9 despersonalizada e \u00e9 apresentada apenas como n\u00fameros, o que significa que a informa\u00e7\u00e3o n\u00e3o pode ser rastreada at\u00e9 ao utilizador individual. Isto proteger\u00e1 a privacidade do utilizador e tamb\u00e9m nos ajudar\u00e1 a continuar a fornecer conte\u00fados populares e significativos no nosso s\u00edtio Web.<\/p><p><strong>Ver Pol\u00edtica de privacidade da Google\u00a0<a href=\"https:\/\/policies.google.com\/?hl=en-US\">https:\/\/policies.google.com\/?hl=en-US<\/a><\/strong><\/p><p><strong>Google Adwords<\/strong><br \/>Utilizando o c\u00f3digo do Google Adwords, podemos determinar as palavras-chave exactas que um cliente utilizou numa pesquisa no Google que o conduziu ao nosso s\u00edtio Web. Isto ajuda-nos a identificar o objeto dos nossos esfor\u00e7os de marketing, permitindo-nos utilizar melhor o nosso or\u00e7amento de pesquisa paga.<\/p><p><strong>M\u00e9tricas de seguimento de chamadas<\/strong><br \/>Utilizamos este servi\u00e7o para configurar n\u00fameros de telefone de rastreio que identificar\u00e3o a fonte espec\u00edfica que o cliente utilizou para encontrar o nosso s\u00edtio Web. Isto permite-nos controlar os nossos m\u00e9todos de publicidade no futuro.<\/p><p><strong>Apenas a pol\u00edtica de privacidade em linha<\/strong><br \/>Esta pol\u00edtica de privacidade online aplica-se apenas \u00e0s informa\u00e7\u00f5es recolhidas atrav\u00e9s do nosso s\u00edtio Web e n\u00e3o \u00e0s informa\u00e7\u00f5es recolhidas offline.<\/p><p><strong>O seu consentimento<\/strong><br \/>Ao utilizar o nosso s\u00edtio, o utilizador aceita a nossa pol\u00edtica de privacidade em linha.<\/p><p><strong>Altera\u00e7\u00f5es \u00e0 nossa pol\u00edtica de privacidade<\/strong><br \/>Todas e quaisquer altera\u00e7\u00f5es \u00e0 nossa pol\u00edtica de privacidade ser\u00e3o publicadas nesta p\u00e1gina.<\/p><p><strong>Contactar-nos<\/strong><br \/>Se tiver alguma quest\u00e3o relacionada com esta pol\u00edtica de privacidade, por favor\u00a0<strong><a class=\"__mPS2id\" href=\"\/pt\/contact\/\">contactar-nos<\/a><\/strong>.<\/p>\t\t\t\t\t\t\t\t<\/div>\n\t\t\t\t<\/div>\n\t\t\t\t\t<\/div>\n\t\t<\/div>\n\t\t\t\t\t<\/div>\n\t\t<\/section>\n\t\t\t\t<section class=\"elementor-section elementor-top-section elementor-element elementor-element-87ec02e elementor-section-full_width elementor-section-height-default elementor-section-height-default\" data-id=\"87ec02e\" data-element_type=\"section\" data-e-type=\"section\">\n\t\t\t\t\t\t<div class=\"elementor-container elementor-column-gap-default\">\n\t\t\t\t\t<div class=\"elementor-column elementor-col-100 elementor-top-column elementor-element elementor-element-37247b0\" data-id=\"37247b0\" data-element_type=\"column\" data-e-type=\"column\">\n\t\t\t<div class=\"elementor-widget-wrap elementor-element-populated\">\n\t\t\t\t\t\t<div class=\"elementor-element elementor-element-07ad596 elementor-widget-divider--view-line elementor-widget elementor-widget-divider\" data-id=\"07ad596\" data-element_type=\"widget\" data-e-type=\"widget\" data-widget_type=\"divider.default\">\n\t\t\t\t<div class=\"elementor-widget-container\">\n\t\t\t\t\t\t\t<div class=\"elementor-divider\">\n\t\t\t<span class=\"elementor-divider-separator\">\n\t\t\t\t\t\t<\/span>\n\t\t<\/div>\n\t\t\t\t\t\t<\/div>\n\t\t\t\t<\/div>\n\t\t\t\t\t<\/div>\n\t\t<\/div>\n\t\t\t\t\t<\/div>\n\t\t<\/section>\n\t\t\t\t<\/div>","protected":false},"excerpt":{"rendered":"<p>Privacy Policy GeneralWe are committed to protecting your privacy. This privacy policy explains what information we collect about users of our website and describes how we will use it. Our website contains links to other sites that are outside our control and are not covered by this privacy policy. If you access other sites using [&hellip;]<\/p>\n","protected":false},"author":1,"featured_media":0,"parent":0,"menu_order":0,"comment_status":"closed","ping_status":"closed","template":"","meta":{"inline_featured_image":false,"site-sidebar-layout":"no-sidebar","site-content-layout":"page-builder","ast-site-content-layout":"default","site-content-style":"default","site-sidebar-style":"default","ast-global-header-display":"","ast-banner-title-visibility":"","ast-main-header-display":"","ast-hfb-above-header-display":"","ast-hfb-below-header-display":"","ast-hfb-mobile-header-display":"","site-post-title":"disabled","ast-breadcrumbs-content":"","ast-featured-img":"disabled","footer-sml-layout":"","ast-disable-related-posts":"","theme-transparent-header-meta":"","adv-header-id-meta":"","stick-header-meta":"","header-above-stick-meta":"","header-main-stick-meta":"","header-below-stick-meta":"","astra-migrate-meta-layouts":"default","ast-page-background-enabled":"default","ast-page-background-meta":{"desktop":{"background-color":"var(--ast-global-color-4)","background-image":"","background-repeat":"repeat","background-position":"center center","background-size":"auto","background-attachment":"scroll","background-type":"","background-media":"","overlay-type":"","overlay-color":"","overlay-opacity":"","overlay-gradient":""},"tablet":{"background-color":"","background-image":"","background-repeat":"repeat","background-position":"center center","background-size":"auto","background-attachment":"scroll","background-type":"","background-media":"","overlay-type":"","overlay-color":"","overlay-opacity":"","overlay-gradient":""},"mobile":{"background-color":"","background-image":"","background-repeat":"repeat","background-position":"center center","background-size":"auto","background-attachment":"scroll","background-type":"","background-media":"","overlay-type":"","overlay-color":"","overlay-opacity":"","overlay-gradient":""}},"ast-content-background-meta":{"desktop":{"background-color":"var(--ast-global-color-5)","background-image":"","background-repeat":"repeat","background-position":"center center","background-size":"auto","background-attachment":"scroll","background-type":"","background-media":"","overlay-type":"","overlay-color":"","overlay-opacity":"","overlay-gradient":""},"tablet":{"background-color":"var(--ast-global-color-5)","background-image":"","background-repeat":"repeat","background-position":"center center","background-size":"auto","background-attachment":"scroll","background-type":"","background-media":"","overlay-type":"","overlay-color":"","overlay-opacity":"","overlay-gradient":""},"mobile":{"background-color":"var(--ast-global-color-5)","background-image":"","background-repeat":"repeat","background-position":"center center","background-size":"auto","background-attachment":"scroll","background-type":"","background-media":"","overlay-type":"","overlay-color":"","overlay-opacity":"","overlay-gradient":""}},"footnotes":""},"class_list":["post-2976","page","type-page","status-publish","hentry"],"yoast_head":"<!-- This site is optimized with the Yoast SEO plugin v27.5 - https:\/\/yoast.com\/product\/yoast-seo-wordpress\/ -->\n<title>Privacy Policy | Sleep Consortium<\/title>\n<meta name=\"description\" content=\"Contact information for Sleep Consortium and our founders Lindsay Jesteadt and Claire Crisp.\" \/>\n<meta name=\"robots\" content=\"index, follow, max-snippet:-1, max-image-preview:large, max-video-preview:-1\" \/>\n<link rel=\"canonical\" href=\"https:\/\/sleepconsortium.org\/pt\/privacy-policy\/\" \/>\n<meta property=\"og:locale\" content=\"pt_PT\" \/>\n<meta property=\"og:type\" content=\"article\" \/>\n<meta property=\"og:title\" content=\"Privacy Policy | Sleep Consortium\" \/>\n<meta property=\"og:description\" content=\"Contact information for Sleep Consortium and our founders Lindsay Jesteadt and Claire Crisp.\" \/>\n<meta property=\"og:url\" content=\"https:\/\/sleepconsortium.org\/pt\/privacy-policy\/\" \/>\n<meta property=\"og:site_name\" content=\"Sleep Consortium\" \/>\n<meta property=\"article:modified_time\" content=\"2022-04-14T14:57:48+00:00\" \/>\n<meta name=\"twitter:card\" content=\"summary_large_image\" \/>\n<meta name=\"twitter:label1\" content=\"Est. reading time\" \/>\n\t<meta name=\"twitter:data1\" content=\"4 minutos\" \/>\n<script type=\"application\/ld+json\" class=\"yoast-schema-graph\">{\"@context\":\"https:\\\/\\\/schema.org\",\"@graph\":[{\"@type\":\"WebPage\",\"@id\":\"https:\\\/\\\/sleepconsortium.org\\\/privacy-policy\\\/\",\"url\":\"https:\\\/\\\/sleepconsortium.org\\\/privacy-policy\\\/\",\"name\":\"Privacy Policy | Sleep Consortium\",\"isPartOf\":{\"@id\":\"https:\\\/\\\/sleepconsortium.org\\\/#website\"},\"datePublished\":\"2022-04-14T14:56:43+00:00\",\"dateModified\":\"2022-04-14T14:57:48+00:00\",\"description\":\"Contact information for Sleep Consortium and our founders Lindsay Jesteadt and Claire Crisp.\",\"breadcrumb\":{\"@id\":\"https:\\\/\\\/sleepconsortium.org\\\/privacy-policy\\\/#breadcrumb\"},\"inLanguage\":\"pt-PT\",\"potentialAction\":[{\"@type\":\"ReadAction\",\"target\":[\"https:\\\/\\\/sleepconsortium.org\\\/privacy-policy\\\/\"]}]},{\"@type\":\"BreadcrumbList\",\"@id\":\"https:\\\/\\\/sleepconsortium.org\\\/privacy-policy\\\/#breadcrumb\",\"itemListElement\":[{\"@type\":\"ListItem\",\"position\":1,\"name\":\"Home\",\"item\":\"https:\\\/\\\/sleepconsortium.org\\\/\"},{\"@type\":\"ListItem\",\"position\":2,\"name\":\"Privacy Policy\"}]},{\"@type\":\"WebSite\",\"@id\":\"https:\\\/\\\/sleepconsortium.org\\\/#website\",\"url\":\"https:\\\/\\\/sleepconsortium.org\\\/\",\"name\":\"Sleep Consortium\",\"description\":\"Accelerating Global Research for Central Disorders of Hypersomnolence\",\"publisher\":{\"@id\":\"https:\\\/\\\/sleepconsortium.org\\\/#organization\"},\"potentialAction\":[{\"@type\":\"SearchAction\",\"target\":{\"@type\":\"EntryPoint\",\"urlTemplate\":\"https:\\\/\\\/sleepconsortium.org\\\/?s={search_term_string}\"},\"query-input\":{\"@type\":\"PropertyValueSpecification\",\"valueRequired\":true,\"valueName\":\"search_term_string\"}}],\"inLanguage\":\"pt-PT\"},{\"@type\":\"Organization\",\"@id\":\"https:\\\/\\\/sleepconsortium.org\\\/#organization\",\"name\":\"Sleep Consortium\",\"url\":\"https:\\\/\\\/sleepconsortium.org\\\/\",\"logo\":{\"@type\":\"ImageObject\",\"inLanguage\":\"pt-PT\",\"@id\":\"https:\\\/\\\/sleepconsortium.org\\\/#\\\/schema\\\/logo\\\/image\\\/\",\"url\":\"https:\\\/\\\/sleepconsortium.org\\\/wp-content\\\/uploads\\\/2022\\\/02\\\/logo-gradient-2.svg\",\"contentUrl\":\"https:\\\/\\\/sleepconsortium.org\\\/wp-content\\\/uploads\\\/2022\\\/02\\\/logo-gradient-2.svg\",\"width\":836,\"height\":132,\"caption\":\"Sleep Consortium\"},\"image\":{\"@id\":\"https:\\\/\\\/sleepconsortium.org\\\/#\\\/schema\\\/logo\\\/image\\\/\"}}]}<\/script>\n<!-- \/ Yoast SEO plugin. -->","yoast_head_json":{"title":"Privacy Policy | Sleep Consortium","description":"Informa\u00e7\u00f5es de contacto do Sleep Consortium e das nossas fundadoras Lindsay Jesteadt e Claire Crisp.","robots":{"index":"index","follow":"follow","max-snippet":"max-snippet:-1","max-image-preview":"max-image-preview:large","max-video-preview":"max-video-preview:-1"},"canonical":"https:\/\/sleepconsortium.org\/pt\/privacy-policy\/","og_locale":"pt_PT","og_type":"article","og_title":"Privacy Policy | Sleep Consortium","og_description":"Contact information for Sleep Consortium and our founders Lindsay Jesteadt and Claire Crisp.","og_url":"https:\/\/sleepconsortium.org\/pt\/privacy-policy\/","og_site_name":"Sleep Consortium","article_modified_time":"2022-04-14T14:57:48+00:00","twitter_card":"summary_large_image","twitter_misc":{"Est. reading time":"4 minutos"},"schema":{"@context":"https:\/\/schema.org","@graph":[{"@type":"WebPage","@id":"https:\/\/sleepconsortium.org\/privacy-policy\/","url":"https:\/\/sleepconsortium.org\/privacy-policy\/","name":"Privacy Policy | Sleep Consortium","isPartOf":{"@id":"https:\/\/sleepconsortium.org\/#website"},"datePublished":"2022-04-14T14:56:43+00:00","dateModified":"2022-04-14T14:57:48+00:00","description":"Informa\u00e7\u00f5es de contacto do Sleep Consortium e das nossas fundadoras Lindsay Jesteadt e Claire Crisp.","breadcrumb":{"@id":"https:\/\/sleepconsortium.org\/privacy-policy\/#breadcrumb"},"inLanguage":"pt-PT","potentialAction":[{"@type":"ReadAction","target":["https:\/\/sleepconsortium.org\/privacy-policy\/"]}]},{"@type":"BreadcrumbList","@id":"https:\/\/sleepconsortium.org\/privacy-policy\/#breadcrumb","itemListElement":[{"@type":"ListItem","position":1,"name":"Home","item":"https:\/\/sleepconsortium.org\/"},{"@type":"ListItem","position":2,"name":"Privacy Policy"}]},{"@type":"WebSite","@id":"https:\/\/sleepconsortium.org\/#website","url":"https:\/\/sleepconsortium.org\/","name":"Cons\u00f3rcio do Sono","description":"Acelerar a investiga\u00e7\u00e3o global sobre as perturba\u00e7\u00f5es centrais da hipersonol\u00eancia","publisher":{"@id":"https:\/\/sleepconsortium.org\/#organization"},"potentialAction":[{"@type":"SearchAction","target":{"@type":"EntryPoint","urlTemplate":"https:\/\/sleepconsortium.org\/?s={search_term_string}"},"query-input":{"@type":"PropertyValueSpecification","valueRequired":true,"valueName":"search_term_string"}}],"inLanguage":"pt-PT"},{"@type":"Organization","@id":"https:\/\/sleepconsortium.org\/#organization","name":"Cons\u00f3rcio do Sono","url":"https:\/\/sleepconsortium.org\/","logo":{"@type":"ImageObject","inLanguage":"pt-PT","@id":"https:\/\/sleepconsortium.org\/#\/schema\/logo\/image\/","url":"https:\/\/sleepconsortium.org\/wp-content\/uploads\/2022\/02\/logo-gradient-2.svg","contentUrl":"https:\/\/sleepconsortium.org\/wp-content\/uploads\/2022\/02\/logo-gradient-2.svg","width":836,"height":132,"caption":"Sleep Consortium"},"image":{"@id":"https:\/\/sleepconsortium.org\/#\/schema\/logo\/image\/"}}]}},"_links":{"self":[{"href":"https:\/\/sleepconsortium.org\/pt\/wp-json\/wp\/v2\/pages\/2976","targetHints":{"allow":["GET"]}}],"collection":[{"href":"https:\/\/sleepconsortium.org\/pt\/wp-json\/wp\/v2\/pages"}],"about":[{"href":"https:\/\/sleepconsortium.org\/pt\/wp-json\/wp\/v2\/types\/page"}],"author":[{"embeddable":true,"href":"https:\/\/sleepconsortium.org\/pt\/wp-json\/wp\/v2\/users\/1"}],"replies":[{"embeddable":true,"href":"https:\/\/sleepconsortium.org\/pt\/wp-json\/wp\/v2\/comments?post=2976"}],"version-history":[{"count":0,"href":"https:\/\/sleepconsortium.org\/pt\/wp-json\/wp\/v2\/pages\/2976\/revisions"}],"wp:attachment":[{"href":"https:\/\/sleepconsortium.org\/pt\/wp-json\/wp\/v2\/media?parent=2976"}],"curies":[{"name":"wp","href":"https:\/\/api.w.org\/{rel}","templated":true}]}}