{"id":3900,"date":"2024-04-26T13:56:53","date_gmt":"2024-04-26T13:56:53","guid":{"rendered":"https:\/\/sleepconsortium.org\/?page_id=3900"},"modified":"2024-09-03T15:12:32","modified_gmt":"2024-09-03T19:12:32","slug":"party","status":"publish","type":"page","link":"https:\/\/sleepconsortium.org\/pt\/party\/","title":{"rendered":"Festa de lan\u00e7amento da plataforma de recolha de dados sobre o sono"},"content":{"rendered":"<div data-elementor-type=\"wp-page\" data-elementor-id=\"3900\" class=\"elementor elementor-3900\" data-elementor-post-type=\"page\">\n\t\t\t\t\t\t<section data-uael-partstyle=\"nasa\" data-uael-partcolor=\"#52B7AA\" data-uael-partopacity=\"0.5\" data-uael-partdirection=\"bottom\" data-uael-partnum=\"25\" data-uael-partsize=\"5\" data-uael-partspeed=\"0.5\" data-uael-interactive=\"yes\" class=\"elementor-section elementor-top-section elementor-element elementor-element-aa93b7c elementor-section-height-min-height elementor-section-content-middle uael-particle-yes uael-particle-adv-yes elementor-section-boxed elementor-section-height-default elementor-section-items-middle\" data-id=\"aa93b7c\" data-element_type=\"section\" data-e-type=\"section\" data-settings=\"{&quot;background_background&quot;:&quot;classic&quot;}\">\n\t\t\t\t\t\t\t<div class=\"elementor-background-overlay\"><\/div>\n\t\t\t\t\t\t\t<div class=\"elementor-container elementor-column-gap-default\">\n\t\t\t\t\t<div class=\"elementor-column elementor-col-100 elementor-top-column elementor-element elementor-element-48fa86d elementor-invisible\" data-id=\"48fa86d\" data-element_type=\"column\" data-e-type=\"column\" data-settings=\"{&quot;animation&quot;:&quot;fadeIn&quot;}\">\n\t\t\t<div class=\"elementor-widget-wrap elementor-element-populated\">\n\t\t\t\t\t\t<div class=\"elementor-element elementor-element-59dc918 elementor-widget elementor-widget-heading\" data-id=\"59dc918\" data-element_type=\"widget\" data-e-type=\"widget\" data-widget_type=\"heading.default\">\n\t\t\t\t<div class=\"elementor-widget-container\">\n\t\t\t\t\t<h1 class=\"elementor-heading-title elementor-size-default\">Festa de lan\u00e7amento<\/h1>\t\t\t\t<\/div>\n\t\t\t\t<\/div>\n\t\t\t\t\t<\/div>\n\t\t<\/div>\n\t\t\t\t\t<\/div>\n\t\t<\/section>\n\t\t\t\t<section class=\"elementor-section elementor-top-section elementor-element elementor-element-48edaf3 elementor-reverse-mobile elementor-section-boxed elementor-section-height-default elementor-section-height-default\" data-id=\"48edaf3\" data-element_type=\"section\" data-e-type=\"section\">\n\t\t\t\t\t\t<div class=\"elementor-container elementor-column-gap-default\">\n\t\t\t\t\t<div class=\"elementor-column elementor-col-100 elementor-top-column elementor-element elementor-element-d774719\" data-id=\"d774719\" data-element_type=\"column\" data-e-type=\"column\">\n\t\t\t<div class=\"elementor-widget-wrap elementor-element-populated\">\n\t\t\t\t\t\t<div class=\"elementor-element elementor-element-a134202 elementor-widget elementor-widget-image\" data-id=\"a134202\" data-element_type=\"widget\" data-e-type=\"widget\" data-widget_type=\"image.default\">\n\t\t\t\t<div class=\"elementor-widget-container\">\n\t\t\t\t\t\t\t\t\t\t\t\t\t\t\t<img decoding=\"async\" src=\"https:\/\/sleepconsortium.org\/wp-content\/uploads\/elementor\/thumbs\/dreams-portal-qtkt5h6obb2qmiomj1cdmum2fgiu9oxgzbrnxnqily.png\" title=\"\" alt=\"dreams portal\" loading=\"lazy\" \/>\t\t\t\t\t\t\t\t\t\t\t\t\t\t\t<\/div>\n\t\t\t\t<\/div>\n\t\t\t\t<div class=\"elementor-element elementor-element-d848963 elementor-widget elementor-widget-heading\" data-id=\"d848963\" data-element_type=\"widget\" data-e-type=\"widget\" data-widget_type=\"heading.default\">\n\t\t\t\t<div class=\"elementor-widget-container\">\n\t\t\t\t\t<h2 class=\"elementor-heading-title elementor-size-default\">Assista \u00e0 festa de lan\u00e7amento da Plataforma de Recolha de Dados do Sono, a 29 de abril de 2024<\/h2>\t\t\t\t<\/div>\n\t\t\t\t<\/div>\n\t\t\t\t<div class=\"elementor-element elementor-element-ec27387 elementor-widget elementor-widget-html\" data-id=\"ec27387\" data-element_type=\"widget\" data-e-type=\"widget\" data-widget_type=\"html.default\">\n\t\t\t\t<div class=\"elementor-widget-container\">\n\t\t\t\t\t<div style=\"padding:56.25% 0 0 0;position:relative;\"><iframe src=\"https:\/\/player.vimeo.com\/video\/942086793?badge=0&amp;autopause=0&amp;player_id=0&amp;app_id=58479\" frameborder=\"0\" allow=\"autoplay; fullscreen; picture-in-picture; clipboard-write\" style=\"position:absolute;top:0;left:0;width:100%;height:100%;\" title=\"Festa de lan\u00e7amento\"><\/iframe><\/div><script src=\"https:\/\/player.vimeo.com\/api\/player.js\"><\/script>\t\t\t\t<\/div>\n\t\t\t\t<\/div>\n\t\t\t\t<div class=\"elementor-element elementor-element-f54e4d8 elementor-hidden-desktop elementor-hidden-tablet elementor-hidden-mobile elementor-widget elementor-widget-text-editor\" data-id=\"f54e4d8\" data-element_type=\"widget\" data-e-type=\"widget\" data-widget_type=\"text-editor.default\">\n\t\t\t\t<div class=\"elementor-widget-container\">\n\t\t\t\t\t\t\t\t\t<p style=\"font-weight: 400;\">A comunidade do sono est\u00e1 a reunir-se para lan\u00e7ar uma nova iniciativa de dados para promover a investiga\u00e7\u00e3o e os conhecimentos sobre as perturba\u00e7\u00f5es relacionadas com o sono. Junte-se a n\u00f3s na festa de lan\u00e7amento para saber mais sobre a iniciativa, a forma como os dados ser\u00e3o utilizados e saber como se registar para come\u00e7ar a partilhar informa\u00e7\u00f5es sobre as suas experi\u00eancias.\u00a0<\/p><p style=\"font-weight: 400;\">Ao participar no Programa de Recolha de Dados sobre o Sono, est\u00e1 a ajudar a acelerar a investiga\u00e7\u00e3o e o desenvolvimento de novos medicamentos, dispositivos e outras terapias para as perturba\u00e7\u00f5es relacionadas com o sono.<\/p>\t\t\t\t\t\t\t\t<\/div>\n\t\t\t\t<\/div>\n\t\t\t\t<div class=\"elementor-element elementor-element-6acd01f elementor-align-center elementor-hidden-desktop elementor-hidden-tablet elementor-hidden-mobile elementor-widget elementor-widget-button\" data-id=\"6acd01f\" data-element_type=\"widget\" data-e-type=\"widget\" data-widget_type=\"button.default\">\n\t\t\t\t<div class=\"elementor-widget-container\">\n\t\t\t\t\t\t\t\t\t<div class=\"elementor-button-wrapper\">\n\t\t\t\t\t<a class=\"elementor-button elementor-button-link elementor-size-sm\" href=\"https:\/\/us06web.zoom.us\/webinar\/register\/WN_f5n9lwnQQBuNrzUk1Ed4lg#\/registration\">\n\t\t\t\t\t\t<span class=\"elementor-button-content-wrapper\">\n\t\t\t\t\t\t\t\t\t<span class=\"elementor-button-text\">Registar agora<\/span>\n\t\t\t\t\t<\/span>\n\t\t\t\t\t<\/a>\n\t\t\t\t<\/div>\n\t\t\t\t\t\t\t\t<\/div>\n\t\t\t\t<\/div>\n\t\t\t\t\t<\/div>\n\t\t<\/div>\n\t\t\t\t\t<\/div>\n\t\t<\/section>\n\t\t\t\t<section class=\"elementor-section elementor-top-section elementor-element elementor-element-0e78a71 elementor-section-boxed elementor-section-height-default elementor-section-height-default\" data-id=\"0e78a71\" data-element_type=\"section\" data-e-type=\"section\">\n\t\t\t\t\t\t<div class=\"elementor-container elementor-column-gap-default\">\n\t\t\t\t\t<div class=\"elementor-column elementor-col-100 elementor-top-column elementor-element elementor-element-52a31fd\" data-id=\"52a31fd\" data-element_type=\"column\" data-e-type=\"column\">\n\t\t\t<div class=\"elementor-widget-wrap elementor-element-populated\">\n\t\t\t\t\t\t<div class=\"elementor-element elementor-element-311891a elementor-widget elementor-widget-spacer\" data-id=\"311891a\" data-element_type=\"widget\" data-e-type=\"widget\" data-widget_type=\"spacer.default\">\n\t\t\t\t<div class=\"elementor-widget-container\">\n\t\t\t\t\t\t\t<div class=\"elementor-spacer\">\n\t\t\t<div class=\"elementor-spacer-inner\"><\/div>\n\t\t<\/div>\n\t\t\t\t\t\t<\/div>\n\t\t\t\t<\/div>\n\t\t\t\t\t<\/div>\n\t\t<\/div>\n\t\t\t\t\t<\/div>\n\t\t<\/section>\n\t\t\t\t<\/div>","protected":false},"excerpt":{"rendered":"<p>Launch Party Watch the Sleep Data Collection Platform launch party from April 29th, 2024 The sleep community is coming together to launch a new data initiative to forward research and insights into sleep-related disorders. Join us for the launch party to hear more about the initiative, how the data will be used, and learn how [&hellip;]<\/p>\n","protected":false},"author":1,"featured_media":0,"parent":0,"menu_order":0,"comment_status":"closed","ping_status":"closed","template":"","meta":{"inline_featured_image":false,"site-sidebar-layout":"no-sidebar","site-content-layout":"page-builder","ast-site-content-layout":"full-width-container","site-content-style":"unboxed","site-sidebar-style":"unboxed","ast-global-header-display":"","ast-banner-title-visibility":"","ast-main-header-display":"","ast-hfb-above-header-display":"","ast-hfb-below-header-display":"","ast-hfb-mobile-header-display":"","site-post-title":"disabled","ast-breadcrumbs-content":"","ast-featured-img":"disabled","footer-sml-layout":"","ast-disable-related-posts":"","theme-transparent-header-meta":"","adv-header-id-meta":"","stick-header-meta":"","header-above-stick-meta":"","header-main-stick-meta":"","header-below-stick-meta":"","astra-migrate-meta-layouts":"set","ast-page-background-enabled":"default","ast-page-background-meta":{"desktop":{"background-color":"var(--ast-global-color-4)","background-image":"","background-repeat":"repeat","background-position":"center center","background-size":"auto","background-attachment":"scroll","background-type":"","background-media":"","overlay-type":"","overlay-color":"","overlay-opacity":"","overlay-gradient":""},"tablet":{"background-color":"","background-image":"","background-repeat":"repeat","background-position":"center center","background-size":"auto","background-attachment":"scroll","background-type":"","background-media":"","overlay-type":"","overlay-color":"","overlay-opacity":"","overlay-gradient":""},"mobile":{"background-color":"","background-image":"","background-repeat":"repeat","background-position":"center center","background-size":"auto","background-attachment":"scroll","background-type":"","background-media":"","overlay-type":"","overlay-color":"","overlay-opacity":"","overlay-gradient":""}},"ast-content-background-meta":{"desktop":{"background-color":"var(--ast-global-color-5)","background-image":"","background-repeat":"repeat","background-position":"center center","background-size":"auto","background-attachment":"scroll","background-type":"","background-media":"","overlay-type":"","overlay-color":"","overlay-opacity":"","overlay-gradient":""},"tablet":{"background-color":"var(--ast-global-color-5)","background-image":"","background-repeat":"repeat","background-position":"center center","background-size":"auto","background-attachment":"scroll","background-type":"","background-media":"","overlay-type":"","overlay-color":"","overlay-opacity":"","overlay-gradient":""},"mobile":{"background-color":"var(--ast-global-color-5)","background-image":"","background-repeat":"repeat","background-position":"center center","background-size":"auto","background-attachment":"scroll","background-type":"","background-media":"","overlay-type":"","overlay-color":"","overlay-opacity":"","overlay-gradient":""}},"footnotes":""},"class_list":["post-3900","page","type-page","status-publish","hentry"],"yoast_head":"<!-- This site is optimized with the Yoast SEO plugin v27.5 - https:\/\/yoast.com\/product\/yoast-seo-wordpress\/ -->\n<title>Sleep Data Collection Platform launch party | Sleep Consortium<\/title>\n<meta name=\"description\" content=\"Through our platform, you will help accelerate research, the development of new therapies and expand the understanding of sleep disorders.\" \/>\n<meta name=\"robots\" content=\"index, follow, max-snippet:-1, max-image-preview:large, max-video-preview:-1\" \/>\n<link rel=\"canonical\" href=\"https:\/\/sleepconsortium.org\/pt\/party\/\" \/>\n<meta property=\"og:locale\" content=\"pt_PT\" \/>\n<meta property=\"og:type\" content=\"article\" \/>\n<meta property=\"og:title\" content=\"Sleep Data Collection Platform launch party | Sleep Consortium\" \/>\n<meta property=\"og:description\" content=\"Through our platform, you will help accelerate research, the development of new therapies and expand the understanding of sleep disorders.\" \/>\n<meta property=\"og:url\" content=\"https:\/\/sleepconsortium.org\/pt\/party\/\" \/>\n<meta property=\"og:site_name\" content=\"Sleep Consortium\" \/>\n<meta property=\"article:modified_time\" content=\"2024-09-03T19:12:32+00:00\" \/>\n<meta property=\"og:image\" content=\"https:\/\/sleepconsortium.org\/wp-content\/uploads\/elementor\/thumbs\/dreams-portal-qtkt5h6obb2qmiomj1cdmum2fgiu9oxgzbrnxnqim8.png\" \/>\n<meta name=\"twitter:card\" content=\"summary_large_image\" \/>\n<meta name=\"twitter:label1\" content=\"Est. reading time\" \/>\n\t<meta name=\"twitter:data1\" content=\"3 minutos\" \/>\n<script type=\"application\/ld+json\" class=\"yoast-schema-graph\">{\"@context\":\"https:\\\/\\\/schema.org\",\"@graph\":[{\"@type\":\"WebPage\",\"@id\":\"https:\\\/\\\/sleepconsortium.org\\\/party\\\/\",\"url\":\"https:\\\/\\\/sleepconsortium.org\\\/party\\\/\",\"name\":\"Sleep Data Collection Platform launch party | Sleep Consortium\",\"isPartOf\":{\"@id\":\"https:\\\/\\\/sleepconsortium.org\\\/#website\"},\"primaryImageOfPage\":{\"@id\":\"https:\\\/\\\/sleepconsortium.org\\\/party\\\/#primaryimage\"},\"image\":{\"@id\":\"https:\\\/\\\/sleepconsortium.org\\\/party\\\/#primaryimage\"},\"thumbnailUrl\":\"https:\\\/\\\/sleepconsortium.org\\\/wp-content\\\/uploads\\\/elementor\\\/thumbs\\\/dreams-portal-qtkt5h6obb2qmiomj1cdmum2fgiu9oxgzbrnxnqim8.png\",\"datePublished\":\"2024-04-26T13:56:53+00:00\",\"dateModified\":\"2024-09-03T19:12:32+00:00\",\"description\":\"Through our platform, you will help accelerate research, the development of new therapies and expand the understanding of sleep disorders.\",\"breadcrumb\":{\"@id\":\"https:\\\/\\\/sleepconsortium.org\\\/party\\\/#breadcrumb\"},\"inLanguage\":\"pt-PT\",\"potentialAction\":[{\"@type\":\"ReadAction\",\"target\":[\"https:\\\/\\\/sleepconsortium.org\\\/party\\\/\"]}]},{\"@type\":\"ImageObject\",\"inLanguage\":\"pt-PT\",\"@id\":\"https:\\\/\\\/sleepconsortium.org\\\/party\\\/#primaryimage\",\"url\":\"https:\\\/\\\/sleepconsortium.org\\\/wp-content\\\/uploads\\\/elementor\\\/thumbs\\\/dreams-portal-qtkt5h6obb2qmiomj1cdmum2fgiu9oxgzbrnxnqim8.png\",\"contentUrl\":\"https:\\\/\\\/sleepconsortium.org\\\/wp-content\\\/uploads\\\/elementor\\\/thumbs\\\/dreams-portal-qtkt5h6obb2qmiomj1cdmum2fgiu9oxgzbrnxnqim8.png\"},{\"@type\":\"BreadcrumbList\",\"@id\":\"https:\\\/\\\/sleepconsortium.org\\\/party\\\/#breadcrumb\",\"itemListElement\":[{\"@type\":\"ListItem\",\"position\":1,\"name\":\"Home\",\"item\":\"https:\\\/\\\/sleepconsortium.org\\\/\"},{\"@type\":\"ListItem\",\"position\":2,\"name\":\"Sleep Data Collection Platform launch party\"}]},{\"@type\":\"WebSite\",\"@id\":\"https:\\\/\\\/sleepconsortium.org\\\/#website\",\"url\":\"https:\\\/\\\/sleepconsortium.org\\\/\",\"name\":\"Sleep Consortium\",\"description\":\"Accelerating Global Research for Central Disorders of Hypersomnolence\",\"publisher\":{\"@id\":\"https:\\\/\\\/sleepconsortium.org\\\/#organization\"},\"potentialAction\":[{\"@type\":\"SearchAction\",\"target\":{\"@type\":\"EntryPoint\",\"urlTemplate\":\"https:\\\/\\\/sleepconsortium.org\\\/?s={search_term_string}\"},\"query-input\":{\"@type\":\"PropertyValueSpecification\",\"valueRequired\":true,\"valueName\":\"search_term_string\"}}],\"inLanguage\":\"pt-PT\"},{\"@type\":\"Organization\",\"@id\":\"https:\\\/\\\/sleepconsortium.org\\\/#organization\",\"name\":\"Sleep Consortium\",\"url\":\"https:\\\/\\\/sleepconsortium.org\\\/\",\"logo\":{\"@type\":\"ImageObject\",\"inLanguage\":\"pt-PT\",\"@id\":\"https:\\\/\\\/sleepconsortium.org\\\/#\\\/schema\\\/logo\\\/image\\\/\",\"url\":\"https:\\\/\\\/sleepconsortium.org\\\/wp-content\\\/uploads\\\/2022\\\/02\\\/logo-gradient-2.svg\",\"contentUrl\":\"https:\\\/\\\/sleepconsortium.org\\\/wp-content\\\/uploads\\\/2022\\\/02\\\/logo-gradient-2.svg\",\"width\":836,\"height\":132,\"caption\":\"Sleep Consortium\"},\"image\":{\"@id\":\"https:\\\/\\\/sleepconsortium.org\\\/#\\\/schema\\\/logo\\\/image\\\/\"}}]}<\/script>\n<!-- \/ Yoast SEO plugin. -->","yoast_head_json":{"title":"Sleep Data Collection Platform launch party | Sleep Consortium","description":"Through our platform, you will help accelerate research, the development of new therapies and expand the understanding of sleep disorders.","robots":{"index":"index","follow":"follow","max-snippet":"max-snippet:-1","max-image-preview":"max-image-preview:large","max-video-preview":"max-video-preview:-1"},"canonical":"https:\/\/sleepconsortium.org\/pt\/party\/","og_locale":"pt_PT","og_type":"article","og_title":"Sleep Data Collection Platform launch party | Sleep Consortium","og_description":"Through our platform, you will help accelerate research, the development of new therapies and expand the understanding of sleep disorders.","og_url":"https:\/\/sleepconsortium.org\/pt\/party\/","og_site_name":"Sleep Consortium","article_modified_time":"2024-09-03T19:12:32+00:00","og_image":[{"url":"https:\/\/sleepconsortium.org\/wp-content\/uploads\/elementor\/thumbs\/dreams-portal-qtkt5h6obb2qmiomj1cdmum2fgiu9oxgzbrnxnqim8.png","type":"","width":"","height":""}],"twitter_card":"summary_large_image","twitter_misc":{"Est. reading time":"3 minutos"},"schema":{"@context":"https:\/\/schema.org","@graph":[{"@type":"WebPage","@id":"https:\/\/sleepconsortium.org\/party\/","url":"https:\/\/sleepconsortium.org\/party\/","name":"Sleep Data Collection Platform launch party | Sleep Consortium","isPartOf":{"@id":"https:\/\/sleepconsortium.org\/#website"},"primaryImageOfPage":{"@id":"https:\/\/sleepconsortium.org\/party\/#primaryimage"},"image":{"@id":"https:\/\/sleepconsortium.org\/party\/#primaryimage"},"thumbnailUrl":"https:\/\/sleepconsortium.org\/wp-content\/uploads\/elementor\/thumbs\/dreams-portal-qtkt5h6obb2qmiomj1cdmum2fgiu9oxgzbrnxnqim8.png","datePublished":"2024-04-26T13:56:53+00:00","dateModified":"2024-09-03T19:12:32+00:00","description":"Through our platform, you will help accelerate research, the development of new therapies and expand the understanding of sleep disorders.","breadcrumb":{"@id":"https:\/\/sleepconsortium.org\/party\/#breadcrumb"},"inLanguage":"pt-PT","potentialAction":[{"@type":"ReadAction","target":["https:\/\/sleepconsortium.org\/party\/"]}]},{"@type":"ImageObject","inLanguage":"pt-PT","@id":"https:\/\/sleepconsortium.org\/party\/#primaryimage","url":"https:\/\/sleepconsortium.org\/wp-content\/uploads\/elementor\/thumbs\/dreams-portal-qtkt5h6obb2qmiomj1cdmum2fgiu9oxgzbrnxnqim8.png","contentUrl":"https:\/\/sleepconsortium.org\/wp-content\/uploads\/elementor\/thumbs\/dreams-portal-qtkt5h6obb2qmiomj1cdmum2fgiu9oxgzbrnxnqim8.png"},{"@type":"BreadcrumbList","@id":"https:\/\/sleepconsortium.org\/party\/#breadcrumb","itemListElement":[{"@type":"ListItem","position":1,"name":"Home","item":"https:\/\/sleepconsortium.org\/"},{"@type":"ListItem","position":2,"name":"Sleep Data Collection Platform launch party"}]},{"@type":"WebSite","@id":"https:\/\/sleepconsortium.org\/#website","url":"https:\/\/sleepconsortium.org\/","name":"Cons\u00f3rcio do Sono","description":"Acelerar a investiga\u00e7\u00e3o global sobre as perturba\u00e7\u00f5es centrais da hipersonol\u00eancia","publisher":{"@id":"https:\/\/sleepconsortium.org\/#organization"},"potentialAction":[{"@type":"SearchAction","target":{"@type":"EntryPoint","urlTemplate":"https:\/\/sleepconsortium.org\/?s={search_term_string}"},"query-input":{"@type":"PropertyValueSpecification","valueRequired":true,"valueName":"search_term_string"}}],"inLanguage":"pt-PT"},{"@type":"Organization","@id":"https:\/\/sleepconsortium.org\/#organization","name":"Cons\u00f3rcio do Sono","url":"https:\/\/sleepconsortium.org\/","logo":{"@type":"ImageObject","inLanguage":"pt-PT","@id":"https:\/\/sleepconsortium.org\/#\/schema\/logo\/image\/","url":"https:\/\/sleepconsortium.org\/wp-content\/uploads\/2022\/02\/logo-gradient-2.svg","contentUrl":"https:\/\/sleepconsortium.org\/wp-content\/uploads\/2022\/02\/logo-gradient-2.svg","width":836,"height":132,"caption":"Sleep Consortium"},"image":{"@id":"https:\/\/sleepconsortium.org\/#\/schema\/logo\/image\/"}}]}},"_links":{"self":[{"href":"https:\/\/sleepconsortium.org\/pt\/wp-json\/wp\/v2\/pages\/3900","targetHints":{"allow":["GET"]}}],"collection":[{"href":"https:\/\/sleepconsortium.org\/pt\/wp-json\/wp\/v2\/pages"}],"about":[{"href":"https:\/\/sleepconsortium.org\/pt\/wp-json\/wp\/v2\/types\/page"}],"author":[{"embeddable":true,"href":"https:\/\/sleepconsortium.org\/pt\/wp-json\/wp\/v2\/users\/1"}],"replies":[{"embeddable":true,"href":"https:\/\/sleepconsortium.org\/pt\/wp-json\/wp\/v2\/comments?post=3900"}],"version-history":[{"count":0,"href":"https:\/\/sleepconsortium.org\/pt\/wp-json\/wp\/v2\/pages\/3900\/revisions"}],"wp:attachment":[{"href":"https:\/\/sleepconsortium.org\/pt\/wp-json\/wp\/v2\/media?parent=3900"}],"curies":[{"name":"wp","href":"https:\/\/api.w.org\/{rel}","templated":true}]}}