{"id":3909,"date":"2024-05-08T16:09:59","date_gmt":"2024-05-08T16:09:59","guid":{"rendered":"https:\/\/sleepconsortium.org\/?page_id=3909"},"modified":"2025-06-19T12:01:52","modified_gmt":"2025-06-19T16:01:52","slug":"patient-guidelines","status":"publish","type":"page","link":"https:\/\/sleepconsortium.org\/pt\/patient-guidelines\/","title":{"rendered":"Diretrizes para os doentes"},"content":{"rendered":"<div data-elementor-type=\"wp-page\" data-elementor-id=\"3909\" class=\"elementor elementor-3909\" data-elementor-post-type=\"page\">\n\t\t\t\t\t\t<section data-uael-partstyle=\"nasa\" data-uael-partcolor=\"#52B7AA\" data-uael-partopacity=\"0.5\" data-uael-partdirection=\"bottom\" data-uael-partnum=\"25\" data-uael-partsize=\"5\" data-uael-partspeed=\"0.5\" data-uael-interactive=\"yes\" class=\"elementor-section elementor-top-section elementor-element elementor-element-aa93b7c elementor-section-height-min-height elementor-section-content-middle uael-particle-yes uael-particle-adv-yes elementor-section-boxed elementor-section-height-default elementor-section-items-middle\" data-id=\"aa93b7c\" data-element_type=\"section\" data-e-type=\"section\" data-settings=\"{&quot;background_background&quot;:&quot;classic&quot;}\">\n\t\t\t\t\t\t\t<div class=\"elementor-background-overlay\"><\/div>\n\t\t\t\t\t\t\t<div class=\"elementor-container elementor-column-gap-default\">\n\t\t\t\t\t<div class=\"elementor-column elementor-col-100 elementor-top-column elementor-element elementor-element-48fa86d elementor-invisible\" data-id=\"48fa86d\" data-element_type=\"column\" data-e-type=\"column\" data-settings=\"{&quot;animation&quot;:&quot;fadeIn&quot;}\">\n\t\t\t<div class=\"elementor-widget-wrap elementor-element-populated\">\n\t\t\t\t\t\t<div class=\"elementor-element elementor-element-59dc918 elementor-widget elementor-widget-heading\" data-id=\"59dc918\" data-element_type=\"widget\" data-e-type=\"widget\" data-widget_type=\"heading.default\">\n\t\t\t\t<div class=\"elementor-widget-container\">\n\t\t\t\t\t<h1 class=\"elementor-heading-title elementor-size-default\">Diretrizes para os doentes<\/h1>\t\t\t\t<\/div>\n\t\t\t\t<\/div>\n\t\t\t\t\t<\/div>\n\t\t<\/div>\n\t\t\t\t\t<\/div>\n\t\t<\/section>\n\t\t\t\t<section class=\"elementor-section elementor-top-section elementor-element elementor-element-48edaf3 elementor-reverse-mobile elementor-section-boxed elementor-section-height-default elementor-section-height-default\" data-id=\"48edaf3\" data-element_type=\"section\" data-e-type=\"section\">\n\t\t\t\t\t\t<div class=\"elementor-container elementor-column-gap-default\">\n\t\t\t\t\t<div class=\"elementor-column elementor-col-100 elementor-top-column elementor-element elementor-element-d774719\" data-id=\"d774719\" data-element_type=\"column\" data-e-type=\"column\">\n\t\t\t<div class=\"elementor-widget-wrap elementor-element-populated\">\n\t\t\t\t\t\t<div class=\"elementor-element elementor-element-c783a69 elementor-widget elementor-widget-text-editor\" data-id=\"c783a69\" data-element_type=\"widget\" data-e-type=\"widget\" data-widget_type=\"text-editor.default\">\n\t\t\t\t<div class=\"elementor-widget-container\">\n\t\t\t\t\t\t\t\t\t<p><i>Estas diretrizes foram concebidas para oferecer orienta\u00e7\u00e3o e educa\u00e7\u00e3o aos doentes sobre as perturba\u00e7\u00f5es centrais da hipersonol\u00eancia (CDoH), incluindo a narcolepsia, a hipersonia idiop\u00e1tica e a s\u00edndrome de Kleine-Levin. Oferecem uma descri\u00e7\u00e3o abrangente de cada perturba\u00e7\u00e3o do sono, incluindo pr\u00e1ticas de diagn\u00f3stico e op\u00e7\u00f5es de tratamento - aumentando a compreens\u00e3o das pessoas que vivem com DHCO, a tomada de decis\u00f5es partilhadas com os prestadores de cuidados de sa\u00fade e a gest\u00e3o eficaz da doen\u00e7a.<\/i><\/p>\t\t\t\t\t\t\t\t<\/div>\n\t\t\t\t<\/div>\n\t\t\t\t<div class=\"elementor-element elementor-element-b748a35 elementor-widget elementor-widget-image\" data-id=\"b748a35\" data-element_type=\"widget\" data-e-type=\"widget\" data-widget_type=\"image.default\">\n\t\t\t\t<div class=\"elementor-widget-container\">\n\t\t\t\t\t\t\t\t\t\t\t\t\t\t\t\t<a href=\"https:\/\/sleepconsortium.org\/wp-content\/uploads\/2024\/05\/SC_Guidelines_Website__FINAL_05242024.pdf\">\n\t\t\t\t\t\t\t<img fetchpriority=\"high\" decoding=\"async\" width=\"454\" height=\"643\" src=\"https:\/\/sleepconsortium.org\/wp-content\/uploads\/2024\/05\/Screenshot-2024-05-09-at-5.07.39\u202fPM.png\" class=\"attachment-full size-full wp-image-3916\" alt=\"\" srcset=\"https:\/\/sleepconsortium.org\/wp-content\/uploads\/2024\/05\/Screenshot-2024-05-09-at-5.07.39\u202fPM.png 454w, https:\/\/sleepconsortium.org\/wp-content\/uploads\/2024\/05\/Screenshot-2024-05-09-at-5.07.39\u202fPM-212x300.png 212w\" sizes=\"(max-width: 454px) 100vw, 454px\" \/>\t\t\t\t\t\t\t\t<\/a>\n\t\t\t\t\t\t\t\t\t\t\t\t\t\t\t<\/div>\n\t\t\t\t<\/div>\n\t\t\t\t<div class=\"elementor-element elementor-element-db37067 elementor-align-center elementor-widget elementor-widget-button\" data-id=\"db37067\" data-element_type=\"widget\" data-e-type=\"widget\" data-widget_type=\"button.default\">\n\t\t\t\t<div class=\"elementor-widget-container\">\n\t\t\t\t\t\t\t\t\t<div class=\"elementor-button-wrapper\">\n\t\t\t\t\t<a class=\"elementor-button elementor-button-link elementor-size-sm\" href=\"https:\/\/sleepconsortium.org\/wp-content\/uploads\/2024\/05\/SC_Guidelines_Website__FINAL_05242024.pdf\">\n\t\t\t\t\t\t<span class=\"elementor-button-content-wrapper\">\n\t\t\t\t\t\t\t\t\t<span class=\"elementor-button-text\">Diretrizes (Ingl\u00eas)<\/span>\n\t\t\t\t\t<\/span>\n\t\t\t\t\t<\/a>\n\t\t\t\t<\/div>\n\t\t\t\t\t\t\t\t<\/div>\n\t\t\t\t<\/div>\n\t\t\t\t<section class=\"elementor-section elementor-inner-section elementor-element elementor-element-21d9484 elementor-section-boxed elementor-section-height-default elementor-section-height-default\" data-id=\"21d9484\" data-element_type=\"section\" data-e-type=\"section\">\n\t\t\t\t\t\t<div class=\"elementor-container elementor-column-gap-default\">\n\t\t\t\t\t<div class=\"elementor-column elementor-col-33 elementor-inner-column elementor-element elementor-element-df64811\" data-id=\"df64811\" data-element_type=\"column\" data-e-type=\"column\">\n\t\t\t<div class=\"elementor-widget-wrap elementor-element-populated\">\n\t\t\t\t\t\t<div class=\"elementor-element elementor-element-99980f1 elementor-widget elementor-widget-image\" data-id=\"99980f1\" data-element_type=\"widget\" data-e-type=\"widget\" data-widget_type=\"image.default\">\n\t\t\t\t<div class=\"elementor-widget-container\">\n\t\t\t\t\t\t\t\t\t\t\t\t\t\t\t\t<a href=\"https:\/\/sleepconsortium.org\/wp-content\/uploads\/2025\/06\/SPANISH-SC-CDoH_Guidelines5_2025.pdf\">\n\t\t\t\t\t\t\t<img decoding=\"async\" src=\"https:\/\/sleepconsortium.org\/wp-content\/uploads\/elementor\/thumbs\/guidelines-spanish-r7jmw3404jabadkfig328l6iaqphlg2ungs9qz50jy.jpg\" title=\"\" alt=\"guidelines spanish\" loading=\"lazy\" \/>\t\t\t\t\t\t\t\t<\/a>\n\t\t\t\t\t\t\t\t\t\t\t\t\t\t\t<\/div>\n\t\t\t\t<\/div>\n\t\t\t\t<div class=\"elementor-element elementor-element-081fe2e elementor-align-center elementor-widget__width-auto elementor-widget elementor-widget-button\" data-id=\"081fe2e\" data-element_type=\"widget\" data-e-type=\"widget\" data-widget_type=\"button.default\">\n\t\t\t\t<div class=\"elementor-widget-container\">\n\t\t\t\t\t\t\t\t\t<div class=\"elementor-button-wrapper\">\n\t\t\t\t\t<a class=\"elementor-button elementor-button-link elementor-size-sm\" href=\"https:\/\/sleepconsortium.org\/wp-content\/uploads\/2025\/06\/SPANISH-SC-CDoH_Guidelines5_2025.pdf\">\n\t\t\t\t\t\t<span class=\"elementor-button-content-wrapper\">\n\t\t\t\t\t\t\t\t\t<span class=\"elementor-button-text\">Diretrizes (Espa\u00f1ol)<\/span>\n\t\t\t\t\t<\/span>\n\t\t\t\t\t<\/a>\n\t\t\t\t<\/div>\n\t\t\t\t\t\t\t\t<\/div>\n\t\t\t\t<\/div>\n\t\t\t\t\t<\/div>\n\t\t<\/div>\n\t\t\t\t<div class=\"elementor-column elementor-col-33 elementor-inner-column elementor-element elementor-element-36a03a1\" data-id=\"36a03a1\" data-element_type=\"column\" data-e-type=\"column\">\n\t\t\t<div class=\"elementor-widget-wrap elementor-element-populated\">\n\t\t\t\t\t\t<div class=\"elementor-element elementor-element-f4830f9 elementor-widget elementor-widget-image\" data-id=\"f4830f9\" data-element_type=\"widget\" data-e-type=\"widget\" data-widget_type=\"image.default\">\n\t\t\t\t<div class=\"elementor-widget-container\">\n\t\t\t\t\t\t\t\t\t\t\t\t\t\t\t\t<a href=\"https:\/\/sleepconsortium.org\/wp-content\/uploads\/2025\/06\/FRENCH-SC-CDoH_Guidelines5_2025.pdf\">\n\t\t\t\t\t\t\t<img decoding=\"async\" src=\"https:\/\/sleepconsortium.org\/wp-content\/uploads\/elementor\/thumbs\/guidelines-french-r7jmw7t72pgqwfdlr04731zt9o2bnxlic41p5cy1ou.jpg\" title=\"\" alt=\"guidelines french\" loading=\"lazy\" \/>\t\t\t\t\t\t\t\t<\/a>\n\t\t\t\t\t\t\t\t\t\t\t\t\t\t\t<\/div>\n\t\t\t\t<\/div>\n\t\t\t\t<div class=\"elementor-element elementor-element-f225b8d elementor-align-center elementor-widget__width-auto elementor-widget elementor-widget-button\" data-id=\"f225b8d\" data-element_type=\"widget\" data-e-type=\"widget\" data-widget_type=\"button.default\">\n\t\t\t\t<div class=\"elementor-widget-container\">\n\t\t\t\t\t\t\t\t\t<div class=\"elementor-button-wrapper\">\n\t\t\t\t\t<a class=\"elementor-button elementor-button-link elementor-size-sm\" href=\"https:\/\/sleepconsortium.org\/wp-content\/uploads\/2025\/06\/FRENCH-SC-CDoH_Guidelines5_2025.pdf\">\n\t\t\t\t\t\t<span class=\"elementor-button-content-wrapper\">\n\t\t\t\t\t\t\t\t\t<span class=\"elementor-button-text\">Diretrizes (Fran\u00e7ais)<\/span>\n\t\t\t\t\t<\/span>\n\t\t\t\t\t<\/a>\n\t\t\t\t<\/div>\n\t\t\t\t\t\t\t\t<\/div>\n\t\t\t\t<\/div>\n\t\t\t\t\t<\/div>\n\t\t<\/div>\n\t\t\t\t<div class=\"elementor-column elementor-col-33 elementor-inner-column elementor-element elementor-element-52d4c1c\" data-id=\"52d4c1c\" data-element_type=\"column\" data-e-type=\"column\">\n\t\t\t<div class=\"elementor-widget-wrap elementor-element-populated\">\n\t\t\t\t\t\t<div class=\"elementor-element elementor-element-c4c3b8f elementor-widget elementor-widget-image\" data-id=\"c4c3b8f\" data-element_type=\"widget\" data-e-type=\"widget\" data-widget_type=\"image.default\">\n\t\t\t\t<div class=\"elementor-widget-container\">\n\t\t\t\t\t\t\t\t\t\t\t\t\t\t\t\t<a href=\"https:\/\/sleepconsortium.org\/wp-content\/uploads\/2025\/06\/Portuguese-Guidelines-.pdf\">\n\t\t\t\t\t\t\t<img decoding=\"async\" src=\"https:\/\/sleepconsortium.org\/wp-content\/uploads\/elementor\/thumbs\/guidelines-port-r7jmw5xip1e697gc1zaxy2gw2wbl8je1nuqq6t0u1a.jpg\" title=\"\" alt=\"guidelines port\" loading=\"lazy\" \/>\t\t\t\t\t\t\t\t<\/a>\n\t\t\t\t\t\t\t\t\t\t\t\t\t\t\t<\/div>\n\t\t\t\t<\/div>\n\t\t\t\t<div class=\"elementor-element elementor-element-94d0e11 elementor-align-center elementor-widget__width-auto elementor-widget elementor-widget-button\" data-id=\"94d0e11\" data-element_type=\"widget\" data-e-type=\"widget\" data-widget_type=\"button.default\">\n\t\t\t\t<div class=\"elementor-widget-container\">\n\t\t\t\t\t\t\t\t\t<div class=\"elementor-button-wrapper\">\n\t\t\t\t\t<a class=\"elementor-button elementor-button-link elementor-size-sm\" href=\"https:\/\/sleepconsortium.org\/wp-content\/uploads\/2025\/06\/Portuguese-Guidelines-.pdf\">\n\t\t\t\t\t\t<span class=\"elementor-button-content-wrapper\">\n\t\t\t\t\t\t\t\t\t<span class=\"elementor-button-text\">Diretrizes (Portugu\u00eas)<\/span>\n\t\t\t\t\t<\/span>\n\t\t\t\t\t<\/a>\n\t\t\t\t<\/div>\n\t\t\t\t\t\t\t\t<\/div>\n\t\t\t\t<\/div>\n\t\t\t\t\t<\/div>\n\t\t<\/div>\n\t\t\t\t\t<\/div>\n\t\t<\/section>\n\t\t\t\t\t<\/div>\n\t\t<\/div>\n\t\t\t\t\t<\/div>\n\t\t<\/section>\n\t\t\t\t<section class=\"elementor-section elementor-top-section elementor-element elementor-element-7625240 elementor-section-boxed elementor-section-height-default elementor-section-height-default\" data-id=\"7625240\" data-element_type=\"section\" data-e-type=\"section\">\n\t\t\t\t\t\t<div class=\"elementor-container elementor-column-gap-default\">\n\t\t\t\t\t<div class=\"elementor-column elementor-col-100 elementor-top-column elementor-element elementor-element-25b2fd5\" data-id=\"25b2fd5\" data-element_type=\"column\" data-e-type=\"column\">\n\t\t\t<div class=\"elementor-widget-wrap elementor-element-populated\">\n\t\t\t\t\t\t<div class=\"elementor-element elementor-element-5180e1b elementor-align-right elementor-mobile-align-center elementor-widget elementor-widget-button\" data-id=\"5180e1b\" data-element_type=\"widget\" data-e-type=\"widget\" data-widget_type=\"button.default\">\n\t\t\t\t<div class=\"elementor-widget-container\">\n\t\t\t\t\t\t\t\t\t<div class=\"elementor-button-wrapper\">\n\t\t\t\t\t<a class=\"elementor-button elementor-button-link elementor-size-sm\" href=\"\/pt\/narcolepsy\/\">\n\t\t\t\t\t\t<span class=\"elementor-button-content-wrapper\">\n\t\t\t\t\t\t\t\t\t<span class=\"elementor-button-text\">Narcolepsia<\/span>\n\t\t\t\t\t<\/span>\n\t\t\t\t\t<\/a>\n\t\t\t\t<\/div>\n\t\t\t\t\t\t\t\t<\/div>\n\t\t\t\t<\/div>\n\t\t\t\t\t<\/div>\n\t\t<\/div>\n\t\t\t\t\t<\/div>\n\t\t<\/section>\n\t\t\t\t<section class=\"elementor-section elementor-top-section elementor-element elementor-element-19ac728 elementor-section-full_width elementor-section-height-default elementor-section-height-default\" data-id=\"19ac728\" data-element_type=\"section\" data-e-type=\"section\">\n\t\t\t\t\t\t<div class=\"elementor-container elementor-column-gap-default\">\n\t\t\t\t\t<div class=\"elementor-column elementor-col-100 elementor-top-column elementor-element elementor-element-4f6ba4b\" data-id=\"4f6ba4b\" data-element_type=\"column\" data-e-type=\"column\">\n\t\t\t<div class=\"elementor-widget-wrap elementor-element-populated\">\n\t\t\t\t\t\t<div class=\"elementor-element elementor-element-e9d4f17 elementor-widget-divider--view-line elementor-widget elementor-widget-divider\" data-id=\"e9d4f17\" data-element_type=\"widget\" data-e-type=\"widget\" data-widget_type=\"divider.default\">\n\t\t\t\t<div class=\"elementor-widget-container\">\n\t\t\t\t\t\t\t<div class=\"elementor-divider\">\n\t\t\t<span class=\"elementor-divider-separator\">\n\t\t\t\t\t\t<\/span>\n\t\t<\/div>\n\t\t\t\t\t\t<\/div>\n\t\t\t\t<\/div>\n\t\t\t\t\t<\/div>\n\t\t<\/div>\n\t\t\t\t\t<\/div>\n\t\t<\/section>\n\t\t\t\t<\/div>","protected":false},"excerpt":{"rendered":"<p>Patient Guidelines These guidelines are designed to offer patient guidance and education on central disorders of hypersomnolence (CDoH), including narcolepsy, idiopathic hypersomnia, and Kleine-Levin syndrome. They offer a comprehensive description of each sleep disorder, including diagnostic practices and treatment options&#8211; increasing understanding for people living with CDoH, shared decision making with healthcare providers and effective [&hellip;]<\/p>\n","protected":false},"author":1,"featured_media":0,"parent":0,"menu_order":0,"comment_status":"closed","ping_status":"closed","template":"","meta":{"inline_featured_image":false,"site-sidebar-layout":"no-sidebar","site-content-layout":"page-builder","ast-site-content-layout":"full-width-container","site-content-style":"unboxed","site-sidebar-style":"unboxed","ast-global-header-display":"","ast-banner-title-visibility":"","ast-main-header-display":"","ast-hfb-above-header-display":"","ast-hfb-below-header-display":"","ast-hfb-mobile-header-display":"","site-post-title":"disabled","ast-breadcrumbs-content":"","ast-featured-img":"disabled","footer-sml-layout":"","ast-disable-related-posts":"","theme-transparent-header-meta":"","adv-header-id-meta":"","stick-header-meta":"","header-above-stick-meta":"","header-main-stick-meta":"","header-below-stick-meta":"","astra-migrate-meta-layouts":"set","ast-page-background-enabled":"default","ast-page-background-meta":{"desktop":{"background-color":"var(--ast-global-color-4)","background-image":"","background-repeat":"repeat","background-position":"center center","background-size":"auto","background-attachment":"scroll","background-type":"","background-media":"","overlay-type":"","overlay-color":"","overlay-opacity":"","overlay-gradient":""},"tablet":{"background-color":"","background-image":"","background-repeat":"repeat","background-position":"center center","background-size":"auto","background-attachment":"scroll","background-type":"","background-media":"","overlay-type":"","overlay-color":"","overlay-opacity":"","overlay-gradient":""},"mobile":{"background-color":"","background-image":"","background-repeat":"repeat","background-position":"center center","background-size":"auto","background-attachment":"scroll","background-type":"","background-media":"","overlay-type":"","overlay-color":"","overlay-opacity":"","overlay-gradient":""}},"ast-content-background-meta":{"desktop":{"background-color":"var(--ast-global-color-5)","background-image":"","background-repeat":"repeat","background-position":"center center","background-size":"auto","background-attachment":"scroll","background-type":"","background-media":"","overlay-type":"","overlay-color":"","overlay-opacity":"","overlay-gradient":""},"tablet":{"background-color":"var(--ast-global-color-5)","background-image":"","background-repeat":"repeat","background-position":"center center","background-size":"auto","background-attachment":"scroll","background-type":"","background-media":"","overlay-type":"","overlay-color":"","overlay-opacity":"","overlay-gradient":""},"mobile":{"background-color":"var(--ast-global-color-5)","background-image":"","background-repeat":"repeat","background-position":"center center","background-size":"auto","background-attachment":"scroll","background-type":"","background-media":"","overlay-type":"","overlay-color":"","overlay-opacity":"","overlay-gradient":""}},"footnotes":""},"class_list":["post-3909","page","type-page","status-publish","hentry"],"yoast_head":"<!-- This site is optimized with the Yoast SEO plugin v27.4 - https:\/\/yoast.com\/product\/yoast-seo-wordpress\/ -->\n<title>Patient Guidelines | Sleep Consortium<\/title>\n<meta name=\"description\" content=\"Narcolepsy affects about 1 in 2,000 people in the United States and Western Europe\u20143 million people worldwide.\" \/>\n<meta name=\"robots\" content=\"index, follow, max-snippet:-1, max-image-preview:large, max-video-preview:-1\" \/>\n<link rel=\"canonical\" href=\"https:\/\/sleepconsortium.org\/pt\/patient-guidelines\/\" \/>\n<meta property=\"og:locale\" content=\"pt_PT\" \/>\n<meta property=\"og:type\" content=\"article\" \/>\n<meta property=\"og:title\" content=\"Patient Guidelines | Sleep Consortium\" \/>\n<meta property=\"og:description\" content=\"Narcolepsy affects about 1 in 2,000 people in the United States and Western Europe\u20143 million people worldwide.\" \/>\n<meta property=\"og:url\" content=\"https:\/\/sleepconsortium.org\/pt\/patient-guidelines\/\" \/>\n<meta property=\"og:site_name\" content=\"Sleep Consortium\" \/>\n<meta property=\"article:modified_time\" content=\"2025-06-19T16:01:52+00:00\" \/>\n<meta property=\"og:image\" content=\"https:\/\/sleepconsortium.org\/wp-content\/uploads\/elementor\/thumbs\/guidelines-spanish-r7jmw3404jabadkfig328l6iaqphlg2ungs9qz50jy.jpg\" \/>\n<meta name=\"twitter:card\" content=\"summary_large_image\" \/>\n<meta name=\"twitter:label1\" content=\"Est. reading time\" \/>\n\t<meta name=\"twitter:data1\" content=\"4 minutos\" \/>\n<script type=\"application\/ld+json\" class=\"yoast-schema-graph\">{\"@context\":\"https:\\\/\\\/schema.org\",\"@graph\":[{\"@type\":\"WebPage\",\"@id\":\"https:\\\/\\\/sleepconsortium.org\\\/patient-guidelines\\\/\",\"url\":\"https:\\\/\\\/sleepconsortium.org\\\/patient-guidelines\\\/\",\"name\":\"Patient Guidelines | Sleep Consortium\",\"isPartOf\":{\"@id\":\"https:\\\/\\\/sleepconsortium.org\\\/#website\"},\"primaryImageOfPage\":{\"@id\":\"https:\\\/\\\/sleepconsortium.org\\\/patient-guidelines\\\/#primaryimage\"},\"image\":{\"@id\":\"https:\\\/\\\/sleepconsortium.org\\\/patient-guidelines\\\/#primaryimage\"},\"thumbnailUrl\":\"https:\\\/\\\/sleepconsortium.org\\\/wp-content\\\/uploads\\\/elementor\\\/thumbs\\\/guidelines-spanish-r7jmw3404jabadkfig328l6iaqphlg2ungs9qz50jy.jpg\",\"datePublished\":\"2024-05-08T16:09:59+00:00\",\"dateModified\":\"2025-06-19T16:01:52+00:00\",\"description\":\"Narcolepsy affects about 1 in 2,000 people in the United States and Western Europe\u20143 million people worldwide.\",\"breadcrumb\":{\"@id\":\"https:\\\/\\\/sleepconsortium.org\\\/patient-guidelines\\\/#breadcrumb\"},\"inLanguage\":\"pt-PT\",\"potentialAction\":[{\"@type\":\"ReadAction\",\"target\":[\"https:\\\/\\\/sleepconsortium.org\\\/patient-guidelines\\\/\"]}]},{\"@type\":\"ImageObject\",\"inLanguage\":\"pt-PT\",\"@id\":\"https:\\\/\\\/sleepconsortium.org\\\/patient-guidelines\\\/#primaryimage\",\"url\":\"https:\\\/\\\/sleepconsortium.org\\\/wp-content\\\/uploads\\\/elementor\\\/thumbs\\\/guidelines-spanish-r7jmw3404jabadkfig328l6iaqphlg2ungs9qz50jy.jpg\",\"contentUrl\":\"https:\\\/\\\/sleepconsortium.org\\\/wp-content\\\/uploads\\\/elementor\\\/thumbs\\\/guidelines-spanish-r7jmw3404jabadkfig328l6iaqphlg2ungs9qz50jy.jpg\"},{\"@type\":\"BreadcrumbList\",\"@id\":\"https:\\\/\\\/sleepconsortium.org\\\/patient-guidelines\\\/#breadcrumb\",\"itemListElement\":[{\"@type\":\"ListItem\",\"position\":1,\"name\":\"Home\",\"item\":\"https:\\\/\\\/sleepconsortium.org\\\/\"},{\"@type\":\"ListItem\",\"position\":2,\"name\":\"Patient Guidelines\"}]},{\"@type\":\"WebSite\",\"@id\":\"https:\\\/\\\/sleepconsortium.org\\\/#website\",\"url\":\"https:\\\/\\\/sleepconsortium.org\\\/\",\"name\":\"Sleep Consortium\",\"description\":\"Accelerating Global Research for Central Disorders of Hypersomnolence\",\"publisher\":{\"@id\":\"https:\\\/\\\/sleepconsortium.org\\\/#organization\"},\"potentialAction\":[{\"@type\":\"SearchAction\",\"target\":{\"@type\":\"EntryPoint\",\"urlTemplate\":\"https:\\\/\\\/sleepconsortium.org\\\/?s={search_term_string}\"},\"query-input\":{\"@type\":\"PropertyValueSpecification\",\"valueRequired\":true,\"valueName\":\"search_term_string\"}}],\"inLanguage\":\"pt-PT\"},{\"@type\":\"Organization\",\"@id\":\"https:\\\/\\\/sleepconsortium.org\\\/#organization\",\"name\":\"Sleep Consortium\",\"url\":\"https:\\\/\\\/sleepconsortium.org\\\/\",\"logo\":{\"@type\":\"ImageObject\",\"inLanguage\":\"pt-PT\",\"@id\":\"https:\\\/\\\/sleepconsortium.org\\\/#\\\/schema\\\/logo\\\/image\\\/\",\"url\":\"https:\\\/\\\/sleepconsortium.org\\\/wp-content\\\/uploads\\\/2022\\\/02\\\/logo-gradient-2.svg\",\"contentUrl\":\"https:\\\/\\\/sleepconsortium.org\\\/wp-content\\\/uploads\\\/2022\\\/02\\\/logo-gradient-2.svg\",\"width\":836,\"height\":132,\"caption\":\"Sleep Consortium\"},\"image\":{\"@id\":\"https:\\\/\\\/sleepconsortium.org\\\/#\\\/schema\\\/logo\\\/image\\\/\"}}]}<\/script>\n<!-- \/ Yoast SEO plugin. -->","yoast_head_json":{"title":"Diretrizes para os doentes | Cons\u00f3rcio do Sono","description":"A narcolepsia afecta cerca de 1 em cada 2.000 pessoas nos Estados Unidos e na Europa Ocidental - 3 milh\u00f5es de pessoas em todo o mundo.","robots":{"index":"index","follow":"follow","max-snippet":"max-snippet:-1","max-image-preview":"max-image-preview:large","max-video-preview":"max-video-preview:-1"},"canonical":"https:\/\/sleepconsortium.org\/pt\/patient-guidelines\/","og_locale":"pt_PT","og_type":"article","og_title":"Patient Guidelines | Sleep Consortium","og_description":"Narcolepsy affects about 1 in 2,000 people in the United States and Western Europe\u20143 million people worldwide.","og_url":"https:\/\/sleepconsortium.org\/pt\/patient-guidelines\/","og_site_name":"Sleep Consortium","article_modified_time":"2025-06-19T16:01:52+00:00","og_image":[{"url":"https:\/\/sleepconsortium.org\/wp-content\/uploads\/elementor\/thumbs\/guidelines-spanish-r7jmw3404jabadkfig328l6iaqphlg2ungs9qz50jy.jpg","type":"","width":"","height":""}],"twitter_card":"summary_large_image","twitter_misc":{"Est. reading time":"4 minutos"},"schema":{"@context":"https:\/\/schema.org","@graph":[{"@type":"WebPage","@id":"https:\/\/sleepconsortium.org\/patient-guidelines\/","url":"https:\/\/sleepconsortium.org\/patient-guidelines\/","name":"Diretrizes para os doentes | Cons\u00f3rcio do Sono","isPartOf":{"@id":"https:\/\/sleepconsortium.org\/#website"},"primaryImageOfPage":{"@id":"https:\/\/sleepconsortium.org\/patient-guidelines\/#primaryimage"},"image":{"@id":"https:\/\/sleepconsortium.org\/patient-guidelines\/#primaryimage"},"thumbnailUrl":"https:\/\/sleepconsortium.org\/wp-content\/uploads\/elementor\/thumbs\/guidelines-spanish-r7jmw3404jabadkfig328l6iaqphlg2ungs9qz50jy.jpg","datePublished":"2024-05-08T16:09:59+00:00","dateModified":"2025-06-19T16:01:52+00:00","description":"A narcolepsia afecta cerca de 1 em cada 2.000 pessoas nos Estados Unidos e na Europa Ocidental - 3 milh\u00f5es de pessoas em todo o mundo.","breadcrumb":{"@id":"https:\/\/sleepconsortium.org\/patient-guidelines\/#breadcrumb"},"inLanguage":"pt-PT","potentialAction":[{"@type":"ReadAction","target":["https:\/\/sleepconsortium.org\/patient-guidelines\/"]}]},{"@type":"ImageObject","inLanguage":"pt-PT","@id":"https:\/\/sleepconsortium.org\/patient-guidelines\/#primaryimage","url":"https:\/\/sleepconsortium.org\/wp-content\/uploads\/elementor\/thumbs\/guidelines-spanish-r7jmw3404jabadkfig328l6iaqphlg2ungs9qz50jy.jpg","contentUrl":"https:\/\/sleepconsortium.org\/wp-content\/uploads\/elementor\/thumbs\/guidelines-spanish-r7jmw3404jabadkfig328l6iaqphlg2ungs9qz50jy.jpg"},{"@type":"BreadcrumbList","@id":"https:\/\/sleepconsortium.org\/patient-guidelines\/#breadcrumb","itemListElement":[{"@type":"ListItem","position":1,"name":"Home","item":"https:\/\/sleepconsortium.org\/"},{"@type":"ListItem","position":2,"name":"Patient Guidelines"}]},{"@type":"WebSite","@id":"https:\/\/sleepconsortium.org\/#website","url":"https:\/\/sleepconsortium.org\/","name":"Cons\u00f3rcio do Sono","description":"Acelerar a investiga\u00e7\u00e3o global sobre as perturba\u00e7\u00f5es centrais da hipersonol\u00eancia","publisher":{"@id":"https:\/\/sleepconsortium.org\/#organization"},"potentialAction":[{"@type":"SearchAction","target":{"@type":"EntryPoint","urlTemplate":"https:\/\/sleepconsortium.org\/?s={search_term_string}"},"query-input":{"@type":"PropertyValueSpecification","valueRequired":true,"valueName":"search_term_string"}}],"inLanguage":"pt-PT"},{"@type":"Organization","@id":"https:\/\/sleepconsortium.org\/#organization","name":"Cons\u00f3rcio do Sono","url":"https:\/\/sleepconsortium.org\/","logo":{"@type":"ImageObject","inLanguage":"pt-PT","@id":"https:\/\/sleepconsortium.org\/#\/schema\/logo\/image\/","url":"https:\/\/sleepconsortium.org\/wp-content\/uploads\/2022\/02\/logo-gradient-2.svg","contentUrl":"https:\/\/sleepconsortium.org\/wp-content\/uploads\/2022\/02\/logo-gradient-2.svg","width":836,"height":132,"caption":"Sleep Consortium"},"image":{"@id":"https:\/\/sleepconsortium.org\/#\/schema\/logo\/image\/"}}]}},"_links":{"self":[{"href":"https:\/\/sleepconsortium.org\/pt\/wp-json\/wp\/v2\/pages\/3909","targetHints":{"allow":["GET"]}}],"collection":[{"href":"https:\/\/sleepconsortium.org\/pt\/wp-json\/wp\/v2\/pages"}],"about":[{"href":"https:\/\/sleepconsortium.org\/pt\/wp-json\/wp\/v2\/types\/page"}],"author":[{"embeddable":true,"href":"https:\/\/sleepconsortium.org\/pt\/wp-json\/wp\/v2\/users\/1"}],"replies":[{"embeddable":true,"href":"https:\/\/sleepconsortium.org\/pt\/wp-json\/wp\/v2\/comments?post=3909"}],"version-history":[{"count":0,"href":"https:\/\/sleepconsortium.org\/pt\/wp-json\/wp\/v2\/pages\/3909\/revisions"}],"wp:attachment":[{"href":"https:\/\/sleepconsortium.org\/pt\/wp-json\/wp\/v2\/media?parent=3909"}],"curies":[{"name":"wp","href":"https:\/\/api.w.org\/{rel}","templated":true}]}}