{"id":4042,"date":"2026-05-04T10:12:51","date_gmt":"2026-05-04T14:12:51","guid":{"rendered":"https:\/\/sleepconsortium.org\/?page_id=4042"},"modified":"2026-05-04T10:44:55","modified_gmt":"2026-05-04T14:44:55","slug":"beyondsleepy-2026-conference","status":"publish","type":"page","link":"https:\/\/sleepconsortium.org\/pt\/beyondsleepy-2026-conference\/","title":{"rendered":"Confer\u00eancia #BeyondSleepy 2026"},"content":{"rendered":"<div data-elementor-type=\"wp-page\" data-elementor-id=\"4042\" class=\"elementor elementor-4042\" data-elementor-post-type=\"page\">\n\t\t\t\t\t\t<section data-uael-partstyle=\"nasa\" data-uael-partcolor=\"#15A472\" data-uael-partopacity=\"0.5\" data-uael-partdirection=\"bottom\" data-uael-partnum=\"30\" data-uael-partsize=\"4\" data-uael-partspeed=\"0.5\" data-uael-interactive=\"yes\" class=\"elementor-section elementor-top-section elementor-element elementor-element-aa93b7c elementor-section-height-min-height elementor-section-content-middle uael-particle-yes uael-particle-adv-yes elementor-section-boxed elementor-section-height-default elementor-section-items-middle\" data-id=\"aa93b7c\" data-element_type=\"section\" data-e-type=\"section\" data-settings=\"{&quot;background_background&quot;:&quot;classic&quot;}\">\n\t\t\t\t\t\t\t<div class=\"elementor-background-overlay\"><\/div>\n\t\t\t\t\t\t\t<div class=\"elementor-container elementor-column-gap-default\">\n\t\t\t\t\t<div class=\"elementor-column elementor-col-100 elementor-top-column elementor-element elementor-element-48fa86d elementor-invisible\" data-id=\"48fa86d\" data-element_type=\"column\" data-e-type=\"column\" data-settings=\"{&quot;animation&quot;:&quot;fadeIn&quot;}\">\n\t\t\t<div class=\"elementor-widget-wrap elementor-element-populated\">\n\t\t\t\t\t\t<div class=\"elementor-element elementor-element-59dc918 elementor-widget elementor-widget-heading\" data-id=\"59dc918\" data-element_type=\"widget\" data-e-type=\"widget\" data-widget_type=\"heading.default\">\n\t\t\t\t<div class=\"elementor-widget-container\">\n\t\t\t\t\t<h1 class=\"elementor-heading-title elementor-size-default\">Confer\u00eancia #BeyondSleepy 2026<\/h1>\t\t\t\t<\/div>\n\t\t\t\t<\/div>\n\t\t\t\t\t<\/div>\n\t\t<\/div>\n\t\t\t\t\t<\/div>\n\t\t<\/section>\n\t\t\t\t<section class=\"elementor-section elementor-top-section elementor-element elementor-element-8ee2a74 elementor-section-boxed elementor-section-height-default elementor-section-height-default\" data-id=\"8ee2a74\" data-element_type=\"section\" data-e-type=\"section\" data-settings=\"{&quot;background_background&quot;:&quot;classic&quot;}\">\n\t\t\t\t\t\t<div class=\"elementor-container elementor-column-gap-default\">\n\t\t\t\t\t<div class=\"elementor-column elementor-col-100 elementor-top-column elementor-element elementor-element-ec3340f\" data-id=\"ec3340f\" data-element_type=\"column\" data-e-type=\"column\">\n\t\t\t<div class=\"elementor-widget-wrap elementor-element-populated\">\n\t\t\t\t\t\t<div class=\"elementor-element elementor-element-4d61cbe elementor-widget elementor-widget-image\" data-id=\"4d61cbe\" data-element_type=\"widget\" data-e-type=\"widget\" data-widget_type=\"image.default\">\n\t\t\t\t<div class=\"elementor-widget-container\">\n\t\t\t\t\t\t\t\t\t\t\t\t\t\t\t\t<a href=\"https:\/\/beyondsleepy2026.events.whova.com\/registration\" target=\"_blank\">\n\t\t\t\t\t\t\t<img fetchpriority=\"high\" decoding=\"async\" width=\"1024\" height=\"536\" src=\"https:\/\/sleepconsortium.org\/wp-content\/uploads\/2026\/05\/BS-Baltimore-2026-1024x536.png\" class=\"attachment-large size-large wp-image-4043\" alt=\"BeyondSleepy\" srcset=\"https:\/\/sleepconsortium.org\/wp-content\/uploads\/2026\/05\/BS-Baltimore-2026-1024x536.png 1024w, https:\/\/sleepconsortium.org\/wp-content\/uploads\/2026\/05\/BS-Baltimore-2026-300x157.png 300w, https:\/\/sleepconsortium.org\/wp-content\/uploads\/2026\/05\/BS-Baltimore-2026-768x402.png 768w, https:\/\/sleepconsortium.org\/wp-content\/uploads\/2026\/05\/BS-Baltimore-2026-18x9.png 18w, https:\/\/sleepconsortium.org\/wp-content\/uploads\/2026\/05\/BS-Baltimore-2026.png 1200w\" sizes=\"(max-width: 1024px) 100vw, 1024px\" \/>\t\t\t\t\t\t\t\t<\/a>\n\t\t\t\t\t\t\t\t\t\t\t\t\t\t\t<\/div>\n\t\t\t\t<\/div>\n\t\t\t\t<div class=\"elementor-element elementor-element-9a91d0f elementor-widget elementor-widget-text-editor\" data-id=\"9a91d0f\" data-element_type=\"widget\" data-e-type=\"widget\" data-widget_type=\"text-editor.default\">\n\t\t\t\t<div class=\"elementor-widget-container\">\n\t\t\t\t\t\t\t\t\t<div class=\"elementor-element elementor-element-73d343f elementor-widget elementor-widget-heading\" data-id=\"73d343f\" data-element_type=\"widget\" data-e-type=\"widget\" data-widget_type=\"heading.default\"><div class=\"elementor-widget-container\"><h4 class=\"elementor-heading-title elementor-size-default\">Junte-se a n\u00f3s em Baltimore, MD, de 12 a 14 de junho de 2026!<\/h4><\/div><\/div><div class=\"elementor-element elementor-element-c783a69 elementor-widget elementor-widget-text-editor\" data-id=\"c783a69\" data-element_type=\"widget\" data-e-type=\"widget\" data-widget_type=\"text-editor.default\"><div class=\"elementor-widget-container\"><p>Junte-se a n\u00f3s no <b>No Baltimore Marriott Inner Harbor at Camden Yards, de 12 a 14 de junho de 2026, para a Confer\u00eancia #BeyondSleepy 2026<\/b>\u2014um evento dedicado a pessoas com hipersonia idiop\u00e1tica, narcolepsia e s\u00edndrome de Kleine-Levin, bem como aos seus apoiantes.<\/p><p>Reunimos um fant\u00e1stico grupo de oradores especialistas para partilhar as \u00faltimas novidades em investiga\u00e7\u00e3o, tratamentos e ensaios cl\u00ednicos. O fim de semana contar\u00e1 tamb\u00e9m com sess\u00f5es de networking e discuss\u00e3o, uma rece\u00e7\u00e3o \u00e0 noite e oportunidades para contactar com outras pessoas que compreendem verdadeiramente a vida com um dist\u00farbio de hipersonia.<\/p><\/div><\/div><div class=\"elementor-element elementor-element-715af6b elementor-widget elementor-widget-heading\" data-id=\"715af6b\" data-element_type=\"widget\" data-e-type=\"widget\" data-widget_type=\"heading.default\"><div class=\"elementor-widget-container\"><h4 class=\"elementor-heading-title elementor-size-default\">Com o generoso apoio dos nossos patrocinadores, o registo virtual \u00e9 gratuito!<\/h4><\/div><\/div><div class=\"elementor-element elementor-element-5380c58 elementor-widget elementor-widget-text-editor\" data-id=\"5380c58\" data-element_type=\"widget\" data-e-type=\"widget\" data-widget_type=\"text-editor.default\"><div class=\"elementor-widget-container\"><p>Quer assista presencialmente ou virtualmente, ter\u00e1 tamb\u00e9m acesso \u00e0s grava\u00e7\u00f5es de todas as sess\u00f5es gerais durante 3 meses ap\u00f3s a confer\u00eancia atrav\u00e9s do Whova, para que possa \u201cassistir\u201d mesmo que as datas\/horas n\u00e3o lhe sejam convenientes!<\/p><p>Reserve o seu quarto de hotel abaixo!<\/p><\/div><\/div>\t\t\t\t\t\t\t\t<\/div>\n\t\t\t\t<\/div>\n\t\t\t\t\t<\/div>\n\t\t<\/div>\n\t\t\t\t\t<\/div>\n\t\t<\/section>\n\t\t\t\t<section class=\"elementor-section elementor-top-section elementor-element elementor-element-17de1d1 elementor-section-boxed elementor-section-height-default elementor-section-height-default\" data-id=\"17de1d1\" data-element_type=\"section\" data-e-type=\"section\">\n\t\t\t\t\t\t<div class=\"elementor-container elementor-column-gap-default\">\n\t\t\t\t\t<div class=\"elementor-column elementor-col-50 elementor-top-column elementor-element elementor-element-7afbc26\" data-id=\"7afbc26\" data-element_type=\"column\" data-e-type=\"column\">\n\t\t\t<div class=\"elementor-widget-wrap elementor-element-populated\">\n\t\t\t\t\t\t<div class=\"elementor-element elementor-element-e1b017e elementor-align-center elementor-mobile-align-center elementor-widget elementor-widget-button\" data-id=\"e1b017e\" data-element_type=\"widget\" data-e-type=\"widget\" data-widget_type=\"button.default\">\n\t\t\t\t<div class=\"elementor-widget-container\">\n\t\t\t\t\t\t\t\t\t<div class=\"elementor-button-wrapper\">\n\t\t\t\t\t<a class=\"elementor-button elementor-button-link elementor-size-sm\" href=\"https:\/\/beyondsleepy2026.events.whova.com\/registration\" target=\"_blank\" rel=\"nofollow\">\n\t\t\t\t\t\t<span class=\"elementor-button-content-wrapper\">\n\t\t\t\t\t\t\t\t\t<span class=\"elementor-button-text\">Registar agora<\/span>\n\t\t\t\t\t<\/span>\n\t\t\t\t\t<\/a>\n\t\t\t\t<\/div>\n\t\t\t\t\t\t\t\t<\/div>\n\t\t\t\t<\/div>\n\t\t\t\t\t<\/div>\n\t\t<\/div>\n\t\t\t\t<div class=\"elementor-column elementor-col-50 elementor-top-column elementor-element elementor-element-cb199ae\" data-id=\"cb199ae\" data-element_type=\"column\" data-e-type=\"column\">\n\t\t\t<div class=\"elementor-widget-wrap elementor-element-populated\">\n\t\t\t\t\t\t<div class=\"elementor-element elementor-element-1cfcff5 elementor-align-center elementor-mobile-align-center elementor-widget elementor-widget-button\" data-id=\"1cfcff5\" data-element_type=\"widget\" data-e-type=\"widget\" data-widget_type=\"button.default\">\n\t\t\t\t<div class=\"elementor-widget-container\">\n\t\t\t\t\t\t\t\t\t<div class=\"elementor-button-wrapper\">\n\t\t\t\t\t<a class=\"elementor-button elementor-button-link elementor-size-sm\" href=\"https:\/\/book.passkey.com\/gt\/221253828?gtid=ea34883a9379126ba72a885ead6832d2\" target=\"_blank\" rel=\"nofollow\">\n\t\t\t\t\t\t<span class=\"elementor-button-content-wrapper\">\n\t\t\t\t\t\t\t\t\t<span class=\"elementor-button-text\">Reserva de Quarto de Hotel<\/span>\n\t\t\t\t\t<\/span>\n\t\t\t\t\t<\/a>\n\t\t\t\t<\/div>\n\t\t\t\t\t\t\t\t<\/div>\n\t\t\t\t<\/div>\n\t\t\t\t\t<\/div>\n\t\t<\/div>\n\t\t\t\t\t<\/div>\n\t\t<\/section>\n\t\t\t\t<section class=\"elementor-section elementor-top-section elementor-element elementor-element-cd7f6c6 elementor-section-full_width elementor-section-height-default elementor-section-height-default\" data-id=\"cd7f6c6\" data-element_type=\"section\" data-e-type=\"section\">\n\t\t\t\t\t\t<div class=\"elementor-container elementor-column-gap-default\">\n\t\t\t\t\t<div class=\"elementor-column elementor-col-100 elementor-top-column elementor-element elementor-element-5032a2b\" data-id=\"5032a2b\" data-element_type=\"column\" data-e-type=\"column\">\n\t\t\t<div class=\"elementor-widget-wrap elementor-element-populated\">\n\t\t\t\t\t\t<div class=\"elementor-element elementor-element-bd416f6 elementor-widget-divider--view-line elementor-widget elementor-widget-divider\" data-id=\"bd416f6\" data-element_type=\"widget\" data-e-type=\"widget\" data-widget_type=\"divider.default\">\n\t\t\t\t<div class=\"elementor-widget-container\">\n\t\t\t\t\t\t\t<div class=\"elementor-divider\">\n\t\t\t<span class=\"elementor-divider-separator\">\n\t\t\t\t\t\t<\/span>\n\t\t<\/div>\n\t\t\t\t\t\t<\/div>\n\t\t\t\t<\/div>\n\t\t\t\t\t<\/div>\n\t\t<\/div>\n\t\t\t\t\t<\/div>\n\t\t<\/section>\n\t\t\t\t<\/div>","protected":false},"excerpt":{"rendered":"<p>#BeyondSleepy 2026 Conference Join us in Baltimore, MD, from June 12 to June 14, 2026! Join us at the Baltimore Marriott Inner Harbor at Camden Yards from June 12-14, 2026, for the #BeyondSleepy 2026 Conference\u2014an event dedicated to people with idiopathic hypersomnia, narcolepsy, and Kleine-Levin syndrome, as well as their supporters. We\u2019re bringing together a [&hellip;]<\/p>\n","protected":false},"author":1,"featured_media":0,"parent":0,"menu_order":0,"comment_status":"closed","ping_status":"closed","template":"","meta":{"inline_featured_image":false,"site-sidebar-layout":"no-sidebar","site-content-layout":"page-builder","ast-site-content-layout":"full-width-container","site-content-style":"unboxed","site-sidebar-style":"unboxed","ast-global-header-display":"","ast-banner-title-visibility":"","ast-main-header-display":"","ast-hfb-above-header-display":"","ast-hfb-below-header-display":"","ast-hfb-mobile-header-display":"","site-post-title":"disabled","ast-breadcrumbs-content":"","ast-featured-img":"disabled","footer-sml-layout":"","ast-disable-related-posts":"","theme-transparent-header-meta":"","adv-header-id-meta":"","stick-header-meta":"","header-above-stick-meta":"","header-main-stick-meta":"","header-below-stick-meta":"","astra-migrate-meta-layouts":"set","ast-page-background-enabled":"default","ast-page-background-meta":{"desktop":{"background-color":"var(--ast-global-color-4)","background-image":"","background-repeat":"repeat","background-position":"center center","background-size":"auto","background-attachment":"scroll","background-type":"","background-media":"","overlay-type":"","overlay-color":"","overlay-opacity":"","overlay-gradient":""},"tablet":{"background-color":"","background-image":"","background-repeat":"repeat","background-position":"center center","background-size":"auto","background-attachment":"scroll","background-type":"","background-media":"","overlay-type":"","overlay-color":"","overlay-opacity":"","overlay-gradient":""},"mobile":{"background-color":"","background-image":"","background-repeat":"repeat","background-position":"center center","background-size":"auto","background-attachment":"scroll","background-type":"","background-media":"","overlay-type":"","overlay-color":"","overlay-opacity":"","overlay-gradient":""}},"ast-content-background-meta":{"desktop":{"background-color":"var(--ast-global-color-5)","background-image":"","background-repeat":"repeat","background-position":"center center","background-size":"auto","background-attachment":"scroll","background-type":"","background-media":"","overlay-type":"","overlay-color":"","overlay-opacity":"","overlay-gradient":""},"tablet":{"background-color":"var(--ast-global-color-5)","background-image":"","background-repeat":"repeat","background-position":"center center","background-size":"auto","background-attachment":"scroll","background-type":"","background-media":"","overlay-type":"","overlay-color":"","overlay-opacity":"","overlay-gradient":""},"mobile":{"background-color":"var(--ast-global-color-5)","background-image":"","background-repeat":"repeat","background-position":"center center","background-size":"auto","background-attachment":"scroll","background-type":"","background-media":"","overlay-type":"","overlay-color":"","overlay-opacity":"","overlay-gradient":""}},"footnotes":""},"class_list":["post-4042","page","type-page","status-publish","hentry"],"yoast_head":"<!-- This site is optimized with the Yoast SEO plugin v27.5 - https:\/\/yoast.com\/product\/yoast-seo-wordpress\/ -->\n<title>#BeyondSleepy 2026 Conference | Sleep Consortium<\/title>\n<meta name=\"description\" content=\"Join us at the Baltimore Marriott Inner Harbor at Camden Yards from June 12-14, 2026, for the #BeyondSleepy 2026 Conference.\" \/>\n<meta name=\"robots\" content=\"index, follow, max-snippet:-1, max-image-preview:large, max-video-preview:-1\" \/>\n<link rel=\"canonical\" href=\"https:\/\/sleepconsortium.org\/pt\/beyondsleepy-2026-conference\/\" \/>\n<meta property=\"og:locale\" content=\"pt_PT\" \/>\n<meta property=\"og:type\" content=\"article\" \/>\n<meta property=\"og:title\" content=\"#BeyondSleepy 2026 Conference | Sleep Consortium\" \/>\n<meta property=\"og:description\" content=\"Join us at the Baltimore Marriott Inner Harbor at Camden Yards from June 12-14, 2026, for the #BeyondSleepy 2026 Conference.\" \/>\n<meta property=\"og:url\" content=\"https:\/\/sleepconsortium.org\/pt\/beyondsleepy-2026-conference\/\" \/>\n<meta property=\"og:site_name\" content=\"Sleep Consortium\" \/>\n<meta property=\"article:modified_time\" content=\"2026-05-04T14:44:55+00:00\" \/>\n<meta property=\"og:image\" content=\"https:\/\/sleepconsortium.org\/wp-content\/uploads\/2026\/05\/BS-Baltimore-2026.png\" \/>\n\t<meta property=\"og:image:width\" content=\"1200\" \/>\n\t<meta property=\"og:image:height\" content=\"628\" \/>\n\t<meta property=\"og:image:type\" content=\"image\/png\" \/>\n<meta name=\"twitter:card\" content=\"summary_large_image\" \/>\n<meta name=\"twitter:image\" content=\"https:\/\/sleepconsortium.org\/wp-content\/uploads\/2026\/05\/BS-Baltimore-2026.png\" \/>\n<meta name=\"twitter:label1\" content=\"Est. reading time\" \/>\n\t<meta name=\"twitter:data1\" content=\"22 minutos\" \/>\n<script type=\"application\/ld+json\" class=\"yoast-schema-graph\">{\"@context\":\"https:\\\/\\\/schema.org\",\"@graph\":[{\"@type\":\"WebPage\",\"@id\":\"https:\\\/\\\/sleepconsortium.org\\\/beyondsleepy-2026-conference\\\/\",\"url\":\"https:\\\/\\\/sleepconsortium.org\\\/beyondsleepy-2026-conference\\\/\",\"name\":\"#BeyondSleepy 2026 Conference | Sleep Consortium\",\"isPartOf\":{\"@id\":\"https:\\\/\\\/sleepconsortium.org\\\/#website\"},\"primaryImageOfPage\":{\"@id\":\"https:\\\/\\\/sleepconsortium.org\\\/beyondsleepy-2026-conference\\\/#primaryimage\"},\"image\":{\"@id\":\"https:\\\/\\\/sleepconsortium.org\\\/beyondsleepy-2026-conference\\\/#primaryimage\"},\"thumbnailUrl\":\"https:\\\/\\\/sleepconsortium.org\\\/wp-content\\\/uploads\\\/2026\\\/05\\\/BS-Baltimore-2026-1024x536.png\",\"datePublished\":\"2026-05-04T14:12:51+00:00\",\"dateModified\":\"2026-05-04T14:44:55+00:00\",\"description\":\"Join us at the Baltimore Marriott Inner Harbor at Camden Yards from June 12-14, 2026, for the #BeyondSleepy 2026 Conference.\",\"breadcrumb\":{\"@id\":\"https:\\\/\\\/sleepconsortium.org\\\/beyondsleepy-2026-conference\\\/#breadcrumb\"},\"inLanguage\":\"pt-PT\",\"potentialAction\":[{\"@type\":\"ReadAction\",\"target\":[\"https:\\\/\\\/sleepconsortium.org\\\/beyondsleepy-2026-conference\\\/\"]}]},{\"@type\":\"ImageObject\",\"inLanguage\":\"pt-PT\",\"@id\":\"https:\\\/\\\/sleepconsortium.org\\\/beyondsleepy-2026-conference\\\/#primaryimage\",\"url\":\"https:\\\/\\\/sleepconsortium.org\\\/wp-content\\\/uploads\\\/2026\\\/05\\\/BS-Baltimore-2026-1024x536.png\",\"contentUrl\":\"https:\\\/\\\/sleepconsortium.org\\\/wp-content\\\/uploads\\\/2026\\\/05\\\/BS-Baltimore-2026-1024x536.png\"},{\"@type\":\"BreadcrumbList\",\"@id\":\"https:\\\/\\\/sleepconsortium.org\\\/beyondsleepy-2026-conference\\\/#breadcrumb\",\"itemListElement\":[{\"@type\":\"ListItem\",\"position\":1,\"name\":\"Home\",\"item\":\"https:\\\/\\\/sleepconsortium.org\\\/\"},{\"@type\":\"ListItem\",\"position\":2,\"name\":\"#BeyondSleepy 2026 Conference\"}]},{\"@type\":\"WebSite\",\"@id\":\"https:\\\/\\\/sleepconsortium.org\\\/#website\",\"url\":\"https:\\\/\\\/sleepconsortium.org\\\/\",\"name\":\"Sleep Consortium\",\"description\":\"Accelerating Global Research for Central Disorders of Hypersomnolence\",\"publisher\":{\"@id\":\"https:\\\/\\\/sleepconsortium.org\\\/#organization\"},\"potentialAction\":[{\"@type\":\"SearchAction\",\"target\":{\"@type\":\"EntryPoint\",\"urlTemplate\":\"https:\\\/\\\/sleepconsortium.org\\\/?s={search_term_string}\"},\"query-input\":{\"@type\":\"PropertyValueSpecification\",\"valueRequired\":true,\"valueName\":\"search_term_string\"}}],\"inLanguage\":\"pt-PT\"},{\"@type\":\"Organization\",\"@id\":\"https:\\\/\\\/sleepconsortium.org\\\/#organization\",\"name\":\"Sleep Consortium\",\"url\":\"https:\\\/\\\/sleepconsortium.org\\\/\",\"logo\":{\"@type\":\"ImageObject\",\"inLanguage\":\"pt-PT\",\"@id\":\"https:\\\/\\\/sleepconsortium.org\\\/#\\\/schema\\\/logo\\\/image\\\/\",\"url\":\"https:\\\/\\\/sleepconsortium.org\\\/wp-content\\\/uploads\\\/2022\\\/02\\\/logo-gradient-2.svg\",\"contentUrl\":\"https:\\\/\\\/sleepconsortium.org\\\/wp-content\\\/uploads\\\/2022\\\/02\\\/logo-gradient-2.svg\",\"width\":836,\"height\":132,\"caption\":\"Sleep Consortium\"},\"image\":{\"@id\":\"https:\\\/\\\/sleepconsortium.org\\\/#\\\/schema\\\/logo\\\/image\\\/\"}}]}<\/script>\n<!-- \/ Yoast SEO plugin. -->","yoast_head_json":{"title":"#BeyondSleepy 2026 Conference | Sleep Consortium","description":"Join us at the Baltimore Marriott Inner Harbor at Camden Yards from June 12-14, 2026, for the #BeyondSleepy 2026 Conference.","robots":{"index":"index","follow":"follow","max-snippet":"max-snippet:-1","max-image-preview":"max-image-preview:large","max-video-preview":"max-video-preview:-1"},"canonical":"https:\/\/sleepconsortium.org\/pt\/beyondsleepy-2026-conference\/","og_locale":"pt_PT","og_type":"article","og_title":"#BeyondSleepy 2026 Conference | Sleep Consortium","og_description":"Join us at the Baltimore Marriott Inner Harbor at Camden Yards from June 12-14, 2026, for the #BeyondSleepy 2026 Conference.","og_url":"https:\/\/sleepconsortium.org\/pt\/beyondsleepy-2026-conference\/","og_site_name":"Sleep Consortium","article_modified_time":"2026-05-04T14:44:55+00:00","og_image":[{"width":1200,"height":628,"url":"https:\/\/sleepconsortium.org\/wp-content\/uploads\/2026\/05\/BS-Baltimore-2026.png","type":"image\/png"}],"twitter_card":"summary_large_image","twitter_image":"https:\/\/sleepconsortium.org\/wp-content\/uploads\/2026\/05\/BS-Baltimore-2026.png","twitter_misc":{"Est. reading time":"22 minutos"},"schema":{"@context":"https:\/\/schema.org","@graph":[{"@type":"WebPage","@id":"https:\/\/sleepconsortium.org\/beyondsleepy-2026-conference\/","url":"https:\/\/sleepconsortium.org\/beyondsleepy-2026-conference\/","name":"#BeyondSleepy 2026 Conference | Sleep Consortium","isPartOf":{"@id":"https:\/\/sleepconsortium.org\/#website"},"primaryImageOfPage":{"@id":"https:\/\/sleepconsortium.org\/beyondsleepy-2026-conference\/#primaryimage"},"image":{"@id":"https:\/\/sleepconsortium.org\/beyondsleepy-2026-conference\/#primaryimage"},"thumbnailUrl":"https:\/\/sleepconsortium.org\/wp-content\/uploads\/2026\/05\/BS-Baltimore-2026-1024x536.png","datePublished":"2026-05-04T14:12:51+00:00","dateModified":"2026-05-04T14:44:55+00:00","description":"Join us at the Baltimore Marriott Inner Harbor at Camden Yards from June 12-14, 2026, for the #BeyondSleepy 2026 Conference.","breadcrumb":{"@id":"https:\/\/sleepconsortium.org\/beyondsleepy-2026-conference\/#breadcrumb"},"inLanguage":"pt-PT","potentialAction":[{"@type":"ReadAction","target":["https:\/\/sleepconsortium.org\/beyondsleepy-2026-conference\/"]}]},{"@type":"ImageObject","inLanguage":"pt-PT","@id":"https:\/\/sleepconsortium.org\/beyondsleepy-2026-conference\/#primaryimage","url":"https:\/\/sleepconsortium.org\/wp-content\/uploads\/2026\/05\/BS-Baltimore-2026-1024x536.png","contentUrl":"https:\/\/sleepconsortium.org\/wp-content\/uploads\/2026\/05\/BS-Baltimore-2026-1024x536.png"},{"@type":"BreadcrumbList","@id":"https:\/\/sleepconsortium.org\/beyondsleepy-2026-conference\/#breadcrumb","itemListElement":[{"@type":"ListItem","position":1,"name":"Home","item":"https:\/\/sleepconsortium.org\/"},{"@type":"ListItem","position":2,"name":"#BeyondSleepy 2026 Conference"}]},{"@type":"WebSite","@id":"https:\/\/sleepconsortium.org\/#website","url":"https:\/\/sleepconsortium.org\/","name":"Cons\u00f3rcio do Sono","description":"Acelerar a investiga\u00e7\u00e3o global sobre as perturba\u00e7\u00f5es centrais da hipersonol\u00eancia","publisher":{"@id":"https:\/\/sleepconsortium.org\/#organization"},"potentialAction":[{"@type":"SearchAction","target":{"@type":"EntryPoint","urlTemplate":"https:\/\/sleepconsortium.org\/?s={search_term_string}"},"query-input":{"@type":"PropertyValueSpecification","valueRequired":true,"valueName":"search_term_string"}}],"inLanguage":"pt-PT"},{"@type":"Organization","@id":"https:\/\/sleepconsortium.org\/#organization","name":"Cons\u00f3rcio do Sono","url":"https:\/\/sleepconsortium.org\/","logo":{"@type":"ImageObject","inLanguage":"pt-PT","@id":"https:\/\/sleepconsortium.org\/#\/schema\/logo\/image\/","url":"https:\/\/sleepconsortium.org\/wp-content\/uploads\/2022\/02\/logo-gradient-2.svg","contentUrl":"https:\/\/sleepconsortium.org\/wp-content\/uploads\/2022\/02\/logo-gradient-2.svg","width":836,"height":132,"caption":"Sleep Consortium"},"image":{"@id":"https:\/\/sleepconsortium.org\/#\/schema\/logo\/image\/"}}]}},"_links":{"self":[{"href":"https:\/\/sleepconsortium.org\/pt\/wp-json\/wp\/v2\/pages\/4042","targetHints":{"allow":["GET"]}}],"collection":[{"href":"https:\/\/sleepconsortium.org\/pt\/wp-json\/wp\/v2\/pages"}],"about":[{"href":"https:\/\/sleepconsortium.org\/pt\/wp-json\/wp\/v2\/types\/page"}],"author":[{"embeddable":true,"href":"https:\/\/sleepconsortium.org\/pt\/wp-json\/wp\/v2\/users\/1"}],"replies":[{"embeddable":true,"href":"https:\/\/sleepconsortium.org\/pt\/wp-json\/wp\/v2\/comments?post=4042"}],"version-history":[{"count":0,"href":"https:\/\/sleepconsortium.org\/pt\/wp-json\/wp\/v2\/pages\/4042\/revisions"}],"wp:attachment":[{"href":"https:\/\/sleepconsortium.org\/pt\/wp-json\/wp\/v2\/media?parent=4042"}],"curies":[{"name":"wp","href":"https:\/\/api.w.org\/{rel}","templated":true}]}}